{"id":18782,"date":"2023-05-17T09:10:40","date_gmt":"2023-05-17T07:10:40","guid":{"rendered":"https:\/\/hotelbohinj.si\/centro-benessere-e-spa\/centro-benessere-privato-solo-tu-e-io\/"},"modified":"2025-08-27T14:30:05","modified_gmt":"2025-08-27T12:30:05","slug":"centro-benessere-privato-solo-tu-e-io","status":"publish","type":"page","link":"https:\/\/hotelbohinj.si\/it\/centro-benessere-e-spa\/centro-benessere-privato-solo-tu-e-io\/","title":{"rendered":"Benessere privato &#8211; Io e te"},"content":{"rendered":"\t\t<div data-elementor-type=\"wp-page\" data-elementor-id=\"18782\" class=\"elementor elementor-18782 elementor-6209\" data-elementor-post-type=\"page\">\n\t\t\t\t\t\t<section class=\"elementor-section elementor-top-section elementor-element elementor-element-17ae73a4 elementor-section-boxed elementor-section-height-default elementor-section-height-default\" data-id=\"17ae73a4\" data-element_type=\"section\" data-e-type=\"section\" data-settings=\"{&quot;background_background&quot;:&quot;classic&quot;}\">\n\t\t\t\t\t\t<div class=\"elementor-container elementor-column-gap-default\">\n\t\t\t\t\t<div class=\"elementor-column elementor-col-100 elementor-top-column elementor-element elementor-element-5e21e8bf\" data-id=\"5e21e8bf\" data-element_type=\"column\" data-e-type=\"column\">\n\t\t\t<div class=\"elementor-widget-wrap elementor-element-populated\">\n\t\t\t\t\t\t<div class=\"elementor-element elementor-element-38433ecf elementor-widget elementor-widget-heading\" data-id=\"38433ecf\" data-element_type=\"widget\" data-e-type=\"widget\" data-widget_type=\"heading.default\">\n\t\t\t\t<div class=\"elementor-widget-container\">\n\t\t\t\t\t<h1 class=\"elementor-heading-title elementor-size-default\">Sam Js Pa Ti<\/h1>\t\t\t\t<\/div>\n\t\t\t\t<\/div>\n\t\t\t\t<div class=\"elementor-element elementor-element-a74ebb7 elementor-widget elementor-widget-text-editor\" data-id=\"a74ebb7\" data-element_type=\"widget\" data-e-type=\"widget\" data-widget_type=\"text-editor.default\">\n\t\t\t\t<div class=\"elementor-widget-container\">\n\t\t\t\t\t\t\t\t\t<p>Per coloro che desiderano un po&#8217; pi\u00f9 di privacy o semplicemente un po&#8217; pi\u00f9 di tempo in compagnia della propria dolce met\u00e0 o degli amici pi\u00f9 cari, nel nostro centro benessere abbiamo anche un angolo completamente privato per le tue coccole. Potrai rilassarti con un massaggio di coppia e avrai anche la possibilit\u00e0 di utilizzare la sauna finlandese in totale privacy.   <\/p>\t\t\t\t\t\t\t\t<\/div>\n\t\t\t\t<\/div>\n\t\t\t\t\t<\/div>\n\t\t<\/div>\n\t\t\t\t\t<\/div>\n\t\t<\/section>\n\t\t<div class=\"elementor-element elementor-element-dfdc6c5 e-flex e-con-boxed e-con e-parent\" data-id=\"dfdc6c5\" data-element_type=\"container\" data-e-type=\"container\">\n\t\t\t\t\t<div class=\"e-con-inner\">\n\t\t<div class=\"elementor-element elementor-element-5f30be1 post-column-1 e-con-full e-flex e-con e-child\" data-id=\"5f30be1\" data-element_type=\"container\" data-e-type=\"container\">\n\t\t<div class=\"elementor-element elementor-element-9f8e083 e-con-full e-flex e-con e-child\" data-id=\"9f8e083\" data-element_type=\"container\" data-e-type=\"container\">\n\t\t<div class=\"elementor-element elementor-element-7336a96 post-column-1 e-con-full e-flex e-con e-child\" data-id=\"7336a96\" data-element_type=\"container\" data-e-type=\"container\">\n\t\t\t\t<div class=\"elementor-element elementor-element-4b51614 elementor-widget elementor-widget-text-editor\" data-id=\"4b51614\" data-element_type=\"widget\" data-e-type=\"widget\" data-widget_type=\"text-editor.default\">\n\t\t\t\t<div class=\"elementor-widget-container\">\n\t\t\t\t\t\t\t\t\t<p>Per quei momenti in cui desideri pace, privacy e dolci coccole. Un angolo nascosto di benessere dove il tempo si ferma e siete solo voi due. La luce soffusa, il calore della sauna, il profumo della natura e il silenzio che ti avvolge. Tutto \u00e8 pronto per la vostra intima disconnessione: nessuna distrazione, nessuna fretta. Solo vicinanza e la sensazione di ascoltarsi davvero.    <\/p>\t\t\t\t\t\t\t\t<\/div>\n\t\t\t\t<\/div>\n\t\t\t\t<\/div>\n\t\t<div class=\"elementor-element elementor-element-a48eb33 post-column-1 e-con-full e-flex e-con e-child\" data-id=\"a48eb33\" data-element_type=\"container\" data-e-type=\"container\">\n\t\t\t\t<div class=\"elementor-element elementor-element-62d2df8 pp-image-slider-carousel pp-ins-normal pp-ins-hover-normal pp-swiper-slider-pagination-outside elementor-widget elementor-widget-pp-image-slider\" data-id=\"62d2df8\" data-element_type=\"widget\" data-e-type=\"widget\" data-settings=\"{&quot;skin&quot;:&quot;carousel&quot;}\" data-widget_type=\"pp-image-slider.default\">\n\t\t\t\t<div class=\"elementor-widget-container\">\n\t\t\t\t\t\t\t\t\t<div class=\"pp-image-slider-container pp-thumbs-equal-height\">\n\t\t\t<div class=\"pp-image-slider-wrap swiper-container-wrap\">\n\t\t\t\t<div class=\"pp-image-slider-box\">\n\t\t\t\t\t<div class=\"pp-image-slider pp-swiper-slider swiper-container\" id=\"pp-image-slider-62d2df8\" data-slider-settings=\"{&quot;direction&quot;:&quot;horizontal&quot;,&quot;speed&quot;:600,&quot;effect&quot;:&quot;slide&quot;,&quot;slidesPerView&quot;:1,&quot;slidesPerGroup&quot;:1,&quot;spaceBetween&quot;:40,&quot;autoHeight&quot;:true,&quot;loop&quot;:false,&quot;autoplay&quot;:{&quot;delay&quot;:999999},&quot;pagination&quot;:{&quot;el&quot;:&quot;.swiper-pagination-62d2df8&quot;,&quot;type&quot;:&quot;fraction&quot;,&quot;clickable&quot;:true},&quot;navigation&quot;:{&quot;nextEl&quot;:&quot;.swiper-button-next-62d2df8&quot;,&quot;prevEl&quot;:&quot;.swiper-button-prev-62d2df8&quot;},&quot;breakpoints&quot;:{&quot;1025&quot;:{&quot;slidesPerView&quot;:1,&quot;slidesPerGroup&quot;:1,&quot;spaceBetween&quot;:40},&quot;768&quot;:{&quot;slidesPerView&quot;:1,&quot;slidesPerGroup&quot;:1,&quot;spaceBetween&quot;:10},&quot;320&quot;:{&quot;slidesPerView&quot;:1,&quot;slidesPerGroup&quot;:1,&quot;spaceBetween&quot;:10}}}\">\n\t\t\t\t\t\t<div class=\"swiper-wrapper\">\n\t\t\t\t\t\t\t\t\t\t<div class=\"pp-image-slider-thumb-item-wrap pp-swiper-slide swiper-slide\">\n\t\t\t\t<div class=\"pp-image-slider-thumb-item pp-ins-filter-hover\"><div class=\"pp-image-slider-thumb-image pp-ins-filter-target\" style=\"background-image:url(https:\/\/hotelbohinj.si\/wp-content\/uploads\/2023\/05\/podstran-zasebni-spa-Hotel-Bohinj.jpeg)\"><\/div><div class=\"pp-image-slider-thumb-overlay pp-media-overlay\"><\/div><div class=\"pp-image-slider-content pp-media-content\"><\/div><\/div>\t\t\t<\/div>\n\t\t\t\t\t\t\t\t\t<\/div>\n\t\t\t\t\t<\/div>\n\t\t\t\t\t\t\t\t<!-- Add Pagination -->\n\t\t\t<div class=\"swiper-pagination swiper-pagination-62d2df8\"><\/div>\n\t\t\t\t\t\t\t<div class=\"pp-slider-arrow elementor-swiper-button-prev swiper-button-prev-62d2df8\" role=\"button\" tabindex=\"0\">\n\t\t\t\t\t<svg aria-hidden=\"true\" class=\"e-font-icon-svg e-fas-chevron-left\" viewBox=\"0 0 320 512\" xmlns=\"http:\/\/www.w3.org\/2000\/svg\"><path d=\"M34.52 239.03L228.87 44.69c9.37-9.37 24.57-9.37 33.94 0l22.67 22.67c9.36 9.36 9.37 24.52.04 33.9L131.49 256l154.02 154.75c9.34 9.38 9.32 24.54-.04 33.9l-22.67 22.67c-9.37 9.37-24.57 9.37-33.94 0L34.52 272.97c-9.37-9.37-9.37-24.57 0-33.94z\"><\/path><\/svg>\t\t\t\t<\/div>\n\t\t\t\t<div class=\"pp-slider-arrow elementor-swiper-button-next swiper-button-next-62d2df8\" role=\"button\" tabindex=\"0\">\n\t\t\t\t\t<svg aria-hidden=\"true\" class=\"e-font-icon-svg e-fas-chevron-right\" viewBox=\"0 0 320 512\" xmlns=\"http:\/\/www.w3.org\/2000\/svg\"><path d=\"M285.476 272.971L91.132 467.314c-9.373 9.373-24.569 9.373-33.941 0l-22.667-22.667c-9.357-9.357-9.375-24.522-.04-33.901L188.505 256 34.484 101.255c-9.335-9.379-9.317-24.544.04-33.901l22.667-22.667c9.373-9.373 24.569-9.373 33.941 0L285.475 239.03c9.373 9.372 9.373 24.568.001 33.941z\"><\/path><\/svg>\t\t\t\t<\/div>\n\t\t\t\t\t\t\t<\/div>\n\t\t\t<\/div>\n\t\t\t\t\t<\/div>\n\t\t\t\t\t\t\t<\/div>\n\t\t\t\t<\/div>\n\t\t\t\t<\/div>\n\t\t\t\t<\/div>\n\t\t\t\t<\/div>\n\t\t\t\t\t<\/div>\n\t\t\t\t<\/div>\n\t\t<div class=\"elementor-element elementor-element-e0be103 hb-tables e-flex e-con-boxed e-con e-parent\" data-id=\"e0be103\" data-element_type=\"container\" data-e-type=\"container\">\n\t\t\t\t\t<div class=\"e-con-inner\">\n\t\t<div class=\"elementor-element elementor-element-6601747 e-flex e-con-boxed e-con e-child\" data-id=\"6601747\" data-element_type=\"container\" data-e-type=\"container\">\n\t\t\t\t\t<div class=\"e-con-inner\">\n\t\t<div class=\"elementor-element elementor-element-2d2bcd5 table-heading e-flex e-con-boxed e-con e-child\" data-id=\"2d2bcd5\" data-element_type=\"container\" data-e-type=\"container\">\n\t\t\t\t\t<div class=\"e-con-inner\">\n\t\t\t\t<div data-dce-advanced-background-color=\"#F4E7DB\" class=\"elementor-element elementor-element-483d940 elementor-widget elementor-widget-text-editor\" data-id=\"483d940\" data-element_type=\"widget\" data-e-type=\"widget\" data-widget_type=\"text-editor.default\">\n\t\t\t\t<div class=\"elementor-widget-container\">\n\t\t\t\t\t\t\t\t\t<p>Spa vip per due persone<\/p>\t\t\t\t\t\t\t\t<\/div>\n\t\t\t\t<\/div>\n\t\t\t\t\t<\/div>\n\t\t\t\t<\/div>\n\t\t<div class=\"elementor-element elementor-element-b6ce89a e-flex e-con-boxed e-con e-child\" data-id=\"b6ce89a\" data-element_type=\"container\" data-e-type=\"container\">\n\t\t\t\t\t<div class=\"e-con-inner\">\n\t\t\t\t<div class=\"elementor-element elementor-element-c573a47 elementor-widget__width-initial elementor-widget-mobile__width-inherit elementor-widget elementor-widget-text-editor\" data-id=\"c573a47\" data-element_type=\"widget\" data-e-type=\"widget\" data-widget_type=\"text-editor.default\">\n\t\t\t\t<div class=\"elementor-widget-container\">\n\t\t\t\t\t\t\t\t\t<p>Sauna finlandese privata, angolo privato con sedie a sdraio e frutta fresca<\/p>\t\t\t\t\t\t\t\t<\/div>\n\t\t\t\t<\/div>\n\t\t\t\t\t<\/div>\n\t\t\t\t<\/div>\n\t\t<div class=\"elementor-element elementor-element-b1218b8 e-flex e-con-boxed e-con e-child\" data-id=\"b1218b8\" data-element_type=\"container\" data-e-type=\"container\">\n\t\t\t\t\t<div class=\"e-con-inner\">\n\t\t\t\t<div class=\"elementor-element elementor-element-4498406 elementor-widget elementor-widget-text-editor\" data-id=\"4498406\" data-element_type=\"widget\" data-e-type=\"widget\" data-widget_type=\"text-editor.default\">\n\t\t\t\t<div class=\"elementor-widget-container\">\n\t\t\t\t\t\t\t\t\t<p>3h<\/p>\t\t\t\t\t\t\t\t<\/div>\n\t\t\t\t<\/div>\n\t\t\t\t<div class=\"elementor-element elementor-element-5b33f95 elementor-widget-divider--view-line elementor-widget elementor-widget-divider\" data-id=\"5b33f95\" data-element_type=\"widget\" data-e-type=\"widget\" data-widget_type=\"divider.default\">\n\t\t\t\t<div class=\"elementor-widget-container\">\n\t\t\t\t\t\t\t<div class=\"elementor-divider\">\n\t\t\t<span class=\"elementor-divider-separator\">\n\t\t\t\t\t\t<\/span>\n\t\t<\/div>\n\t\t\t\t\t\t<\/div>\n\t\t\t\t<\/div>\n\t\t\t\t<div class=\"elementor-element elementor-element-f612ebd elementor-widget elementor-widget-text-editor\" data-id=\"f612ebd\" data-element_type=\"widget\" data-e-type=\"widget\" data-widget_type=\"text-editor.default\">\n\t\t\t\t<div class=\"elementor-widget-container\">\n\t\t\t\t\t\t\t\t\t<p>168 \u20ac<\/p>\t\t\t\t\t\t\t\t<\/div>\n\t\t\t\t<\/div>\n\t\t\t\t\t<\/div>\n\t\t\t\t<\/div>\n\t\t\t\t\t<\/div>\n\t\t\t\t<\/div>\n\t\t<div class=\"elementor-element elementor-element-c5f744d e-flex e-con-boxed e-con e-child\" data-id=\"c5f744d\" data-element_type=\"container\" data-e-type=\"container\">\n\t\t\t\t\t<div class=\"e-con-inner\">\n\t\t<div class=\"elementor-element elementor-element-85d5b84 table-heading e-flex e-con-boxed e-con e-child\" data-id=\"85d5b84\" data-element_type=\"container\" data-e-type=\"container\">\n\t\t\t\t\t<div class=\"e-con-inner\">\n\t\t\t\t<div data-dce-advanced-background-color=\"#F4E7DB\" class=\"elementor-element elementor-element-5fdd803 elementor-widget elementor-widget-text-editor\" data-id=\"5fdd803\" data-element_type=\"widget\" data-e-type=\"widget\" data-widget_type=\"text-editor.default\">\n\t\t\t\t<div class=\"elementor-widget-container\">\n\t\t\t\t\t\t\t\t\t<p>Pacchetti<\/p>\t\t\t\t\t\t\t\t<\/div>\n\t\t\t\t<\/div>\n\t\t\t\t\t<\/div>\n\t\t\t\t<\/div>\n\t\t<div class=\"elementor-element elementor-element-fb85664 e-flex e-con-boxed e-con e-child\" data-id=\"fb85664\" data-element_type=\"container\" data-e-type=\"container\">\n\t\t\t\t\t<div class=\"e-con-inner\">\n\t\t\t\t<div class=\"elementor-element elementor-element-b225302 elementor-widget elementor-widget-text-editor\" data-id=\"b225302\" data-element_type=\"widget\" data-e-type=\"widget\" data-widget_type=\"text-editor.default\">\n\t\t\t\t<div class=\"elementor-widget-container\">\n\t\t\t\t\t\t\t\t\t<p>EJGA E LEI 3h<\/p>\t\t\t\t\t\t\t\t<\/div>\n\t\t\t\t<\/div>\n\t\t\t\t<div class=\"elementor-element elementor-element-df08472 elementor-widget-divider--view-line elementor-widget elementor-widget-divider\" data-id=\"df08472\" data-element_type=\"widget\" data-e-type=\"widget\" data-widget_type=\"divider.default\">\n\t\t\t\t<div class=\"elementor-widget-container\">\n\t\t\t\t\t\t\t<div class=\"elementor-divider\">\n\t\t\t<span class=\"elementor-divider-separator\">\n\t\t\t\t\t\t<\/span>\n\t\t<\/div>\n\t\t\t\t\t\t<\/div>\n\t\t\t\t<\/div>\n\t\t\t\t<div class=\"elementor-element elementor-element-2df4508 elementor-widget elementor-widget-text-editor\" data-id=\"2df4508\" data-element_type=\"widget\" data-e-type=\"widget\" data-widget_type=\"text-editor.default\">\n\t\t\t\t<div class=\"elementor-widget-container\">\n\t\t\t\t\t\t\t\t\t<p>235 \u20ac<\/p>\t\t\t\t\t\t\t\t<\/div>\n\t\t\t\t<\/div>\n\t\t\t\t\t<\/div>\n\t\t\t\t<\/div>\n\t\t<div class=\"elementor-element elementor-element-ec88363 e-flex e-con-boxed e-con e-child\" data-id=\"ec88363\" data-element_type=\"container\" data-e-type=\"container\">\n\t\t\t\t\t<div class=\"e-con-inner\">\n\t\t\t\t<div class=\"elementor-element elementor-element-53e2872 elementor-widget__width-initial elementor-widget-mobile__width-inherit elementor-widget elementor-widget-text-editor\" data-id=\"53e2872\" data-element_type=\"widget\" data-e-type=\"widget\" data-widget_type=\"text-editor.default\">\n\t\t\t\t<div class=\"elementor-widget-container\">\n\t\t\t\t\t\t\t\t\t<p>Sauna finlandese privata, massaggio classico a vapore con candela aromatica 45 min, angolo privato con lettini e piatto di frutta fresca + snack, champagne, frullato Detox alla partenza<\/p>\t\t\t\t\t\t\t\t<\/div>\n\t\t\t\t<\/div>\n\t\t\t\t\t<\/div>\n\t\t\t\t<\/div>\n\t\t<div class=\"elementor-element elementor-element-665ec9b e-flex e-con-boxed e-con e-child\" data-id=\"665ec9b\" data-element_type=\"container\" data-e-type=\"container\">\n\t\t\t\t\t<div class=\"e-con-inner\">\n\t\t\t\t<div class=\"elementor-element elementor-element-904e3f4 elementor-widget elementor-widget-text-editor\" data-id=\"904e3f4\" data-element_type=\"widget\" data-e-type=\"widget\" data-widget_type=\"text-editor.default\">\n\t\t\t\t<div class=\"elementor-widget-container\">\n\t\t\t\t\t\t\t\t\t<p>HRIBOV&#8217;CA 3h<\/p>\t\t\t\t\t\t\t\t<\/div>\n\t\t\t\t<\/div>\n\t\t\t\t<div class=\"elementor-element elementor-element-5be2b35 elementor-widget-divider--view-line elementor-widget elementor-widget-divider\" data-id=\"5be2b35\" data-element_type=\"widget\" data-e-type=\"widget\" data-widget_type=\"divider.default\">\n\t\t\t\t<div class=\"elementor-widget-container\">\n\t\t\t\t\t\t\t<div class=\"elementor-divider\">\n\t\t\t<span class=\"elementor-divider-separator\">\n\t\t\t\t\t\t<\/span>\n\t\t<\/div>\n\t\t\t\t\t\t<\/div>\n\t\t\t\t<\/div>\n\t\t\t\t<div class=\"elementor-element elementor-element-cd51de0 elementor-widget elementor-widget-text-editor\" data-id=\"cd51de0\" data-element_type=\"widget\" data-e-type=\"widget\" data-widget_type=\"text-editor.default\">\n\t\t\t\t<div class=\"elementor-widget-container\">\n\t\t\t\t\t\t\t\t\t<p>230 \u20ac<\/p>\t\t\t\t\t\t\t\t<\/div>\n\t\t\t\t<\/div>\n\t\t\t\t\t<\/div>\n\t\t\t\t<\/div>\n\t\t<div class=\"elementor-element elementor-element-5a8adb9 e-flex e-con-boxed e-con e-child\" data-id=\"5a8adb9\" data-element_type=\"container\" data-e-type=\"container\">\n\t\t\t\t\t<div class=\"e-con-inner\">\n\t\t\t\t<div class=\"elementor-element elementor-element-f476c4c elementor-widget__width-initial elementor-widget-mobile__width-inherit elementor-widget elementor-widget-text-editor\" data-id=\"f476c4c\" data-element_type=\"widget\" data-e-type=\"widget\" data-widget_type=\"text-editor.default\">\n\t\t\t\t<div class=\"elementor-widget-container\">\n\t\t\t\t\t\t\t\t\t<p>Sauna finlandese privata, massaggio classico al vapore con fagotti di pino 45 min, angolo privato con lettini e piatto di frutta fresca + snack, birra locale di Jezernik, frullato detox alla partenza<\/p>\t\t\t\t\t\t\t\t<\/div>\n\t\t\t\t<\/div>\n\t\t\t\t\t<\/div>\n\t\t\t\t<\/div>\n\t\t<div class=\"elementor-element elementor-element-e815a08 e-flex e-con-boxed e-con e-child\" data-id=\"e815a08\" data-element_type=\"container\" data-e-type=\"container\">\n\t\t\t\t\t<div class=\"e-con-inner\">\n\t\t\t\t<div class=\"elementor-element elementor-element-0f396c2 elementor-widget elementor-widget-text-editor\" data-id=\"0f396c2\" data-element_type=\"widget\" data-e-type=\"widget\" data-widget_type=\"text-editor.default\">\n\t\t\t\t<div class=\"elementor-widget-container\">\n\t\t\t\t\t\t\t\t\t<p>POESIA DEL MIELE 3h<\/p>\t\t\t\t\t\t\t\t<\/div>\n\t\t\t\t<\/div>\n\t\t\t\t<div class=\"elementor-element elementor-element-1fd8f3f elementor-widget-divider--view-line elementor-widget elementor-widget-divider\" data-id=\"1fd8f3f\" data-element_type=\"widget\" data-e-type=\"widget\" data-widget_type=\"divider.default\">\n\t\t\t\t<div class=\"elementor-widget-container\">\n\t\t\t\t\t\t\t<div class=\"elementor-divider\">\n\t\t\t<span class=\"elementor-divider-separator\">\n\t\t\t\t\t\t<\/span>\n\t\t<\/div>\n\t\t\t\t\t\t<\/div>\n\t\t\t\t<\/div>\n\t\t\t\t<div class=\"elementor-element elementor-element-a7a9ab6 elementor-widget elementor-widget-text-editor\" data-id=\"a7a9ab6\" data-element_type=\"widget\" data-e-type=\"widget\" data-widget_type=\"text-editor.default\">\n\t\t\t\t<div class=\"elementor-widget-container\">\n\t\t\t\t\t\t\t\t\t<p>225 \u20ac<\/p>\t\t\t\t\t\t\t\t<\/div>\n\t\t\t\t<\/div>\n\t\t\t\t\t<\/div>\n\t\t\t\t<\/div>\n\t\t<div class=\"elementor-element elementor-element-8b7e226 e-flex e-con-boxed e-con e-child\" data-id=\"8b7e226\" data-element_type=\"container\" data-e-type=\"container\">\n\t\t\t\t\t<div class=\"e-con-inner\">\n\t\t\t\t<div class=\"elementor-element elementor-element-8ac5114 elementor-widget__width-initial elementor-widget-mobile__width-inherit elementor-widget elementor-widget-text-editor\" data-id=\"8ac5114\" data-element_type=\"widget\" data-e-type=\"widget\" data-widget_type=\"text-editor.default\">\n\t\t\t\t<div class=\"elementor-widget-container\">\n\t\t\t\t\t\t\t\t\t<p>Sauna finlandese privata, massaggio classico al vapore 45 min, angolo privato con lettini e piatto di frutta fresca + snack, frullato detox alla partenza<\/p><p> <\/p>\t\t\t\t\t\t\t\t<\/div>\n\t\t\t\t<\/div>\n\t\t\t\t\t<\/div>\n\t\t\t\t<\/div>\n\t\t<div class=\"elementor-element elementor-element-2f558c5 e-flex e-con-boxed e-con e-child\" data-id=\"2f558c5\" data-element_type=\"container\" data-e-type=\"container\">\n\t\t\t\t\t<div class=\"e-con-inner\">\n\t\t\t\t<div class=\"elementor-element elementor-element-265c221 elementor-widget-divider--view-line elementor-widget elementor-widget-divider\" data-id=\"265c221\" data-element_type=\"widget\" data-e-type=\"widget\" data-widget_type=\"divider.default\">\n\t\t\t\t<div class=\"elementor-widget-container\">\n\t\t\t\t\t\t\t<div class=\"elementor-divider\">\n\t\t\t<span class=\"elementor-divider-separator\">\n\t\t\t\t\t\t<\/span>\n\t\t<\/div>\n\t\t\t\t\t\t<\/div>\n\t\t\t\t<\/div>\n\t\t\t\t<div class=\"elementor-element elementor-element-0f88765 elementor-widget elementor-widget-text-editor\" data-id=\"0f88765\" data-element_type=\"widget\" data-e-type=\"widget\" data-widget_type=\"text-editor.default\">\n\t\t\t\t<div class=\"elementor-widget-container\">\n\t\t\t\t\t\t\t\t\t<p> <\/p><p> <\/p>\t\t\t\t\t\t\t\t<\/div>\n\t\t\t\t<\/div>\n\t\t\t\t\t<\/div>\n\t\t\t\t<\/div>\n\t\t<div class=\"elementor-element elementor-element-54f0daf e-flex e-con-boxed e-con e-child\" data-id=\"54f0daf\" data-element_type=\"container\" data-e-type=\"container\">\n\t\t\t\t\t<div class=\"e-con-inner\">\n\t\t\t\t\t<\/div>\n\t\t\t\t<\/div>\n\t\t\t\t\t<\/div>\n\t\t\t\t<\/div>\n\t\t\t\t\t<\/div>\n\t\t\t\t<\/div>\n\t\t<div class=\"elementor-element elementor-element-e0e3dd9 e-flex e-con-boxed e-con e-parent\" data-id=\"e0e3dd9\" data-element_type=\"container\" data-e-type=\"container\">\n\t\t\t\t\t<div class=\"e-con-inner\">\n\t\t\t\t<div class=\"elementor-element elementor-element-b148f8c elementor-align-center elementor-widget elementor-widget-button\" data-id=\"b148f8c\" data-element_type=\"widget\" data-e-type=\"widget\" data-widget_type=\"button.default\">\n\t\t\t\t<div class=\"elementor-widget-container\">\n\t\t\t\t\t\t\t\t\t<div class=\"elementor-button-wrapper\">\n\t\t\t\t\t<a class=\"elementor-button elementor-button-link elementor-size-lg\" href=\"https:\/\/hotelbohinj.si\/it\/centro-benessere-e-spa\/benvenuti-nellabbraccio-del-parco-nazionale-di-triglav\/\">\n\t\t\t\t\t\t<span class=\"elementor-button-content-wrapper\">\n\t\t\t\t\t\t\t\t\t<span class=\"elementor-button-text\">PREZZO COMPLETO<\/span>\n\t\t\t\t\t<\/span>\n\t\t\t\t\t<\/a>\n\t\t\t\t<\/div>\n\t\t\t\t\t\t\t\t<\/div>\n\t\t\t\t<\/div>\n\t\t\t\t\t<\/div>\n\t\t\t\t<\/div>\n\t\t\t\t<\/div>\n\t\t","protected":false},"excerpt":{"rendered":"<p>Sam Js Pa Ti Per coloro che desiderano un po&#8217; pi\u00f9 di privacy o semplicemente un po&#8217; pi\u00f9 di tempo in compagnia della propria dolce met\u00e0 o degli amici pi\u00f9 cari, nel nostro centro benessere abbiamo anche un angolo completamente privato per le tue coccole. Potrai rilassarti con un massaggio di coppia e avrai anche [&hellip;]<\/p>\n","protected":false},"author":1,"featured_media":0,"parent":18771,"menu_order":0,"comment_status":"closed","ping_status":"closed","template":"","meta":{"_acf_changed":false,"inline_featured_image":false,"footnotes":""},"class_list":["post-18782","page","type-page","status-publish","hentry"],"acf":[],"_links":{"self":[{"href":"https:\/\/hotelbohinj.si\/it\/wp-json\/wp\/v2\/pages\/18782","targetHints":{"allow":["GET"]}}],"collection":[{"href":"https:\/\/hotelbohinj.si\/it\/wp-json\/wp\/v2\/pages"}],"about":[{"href":"https:\/\/hotelbohinj.si\/it\/wp-json\/wp\/v2\/types\/page"}],"author":[{"embeddable":true,"href":"https:\/\/hotelbohinj.si\/it\/wp-json\/wp\/v2\/users\/1"}],"replies":[{"embeddable":true,"href":"https:\/\/hotelbohinj.si\/it\/wp-json\/wp\/v2\/comments?post=18782"}],"version-history":[{"count":0,"href":"https:\/\/hotelbohinj.si\/it\/wp-json\/wp\/v2\/pages\/18782\/revisions"}],"up":[{"embeddable":true,"href":"https:\/\/hotelbohinj.si\/it\/wp-json\/wp\/v2\/pages\/18771"}],"wp:attachment":[{"href":"https:\/\/hotelbohinj.si\/it\/wp-json\/wp\/v2\/media?parent=18782"}],"curies":[{"name":"wp","href":"https:\/\/api.w.org\/{rel}","templated":true}]}}