{"id":18765,"date":"2023-07-24T17:58:33","date_gmt":"2023-07-24T15:58:33","guid":{"rendered":"https:\/\/hotelbohinj.si\/termini-di-utilizzo\/"},"modified":"2025-07-24T18:07:15","modified_gmt":"2025-07-24T16:07:15","slug":"termini-di-utilizzo","status":"publish","type":"page","link":"https:\/\/hotelbohinj.si\/it\/termini-di-utilizzo\/","title":{"rendered":"Termini di utilizzo"},"content":{"rendered":"\t\t<div data-elementor-type=\"wp-page\" data-elementor-id=\"18765\" class=\"elementor elementor-18765 elementor-12254\" data-elementor-post-type=\"page\">\n\t\t\t\t\t\t<section class=\"elementor-section elementor-top-section elementor-element elementor-element-1746f552 elementor-section-boxed elementor-section-height-default elementor-section-height-default\" data-id=\"1746f552\" data-element_type=\"section\" data-e-type=\"section\" data-settings=\"{&quot;background_background&quot;:&quot;classic&quot;}\">\n\t\t\t\t\t\t<div class=\"elementor-container elementor-column-gap-default\">\n\t\t\t\t\t<div class=\"elementor-column elementor-col-100 elementor-top-column elementor-element elementor-element-7416c166\" data-id=\"7416c166\" data-element_type=\"column\" data-e-type=\"column\">\n\t\t\t<div class=\"elementor-widget-wrap elementor-element-populated\">\n\t\t\t\t\t\t<div class=\"elementor-element elementor-element-1ca413d elementor-widget elementor-widget-heading\" data-id=\"1ca413d\" data-element_type=\"widget\" data-e-type=\"widget\" data-widget_type=\"heading.default\">\n\t\t\t\t<div class=\"elementor-widget-container\">\n\t\t\t\t\t<h2 class=\"elementor-heading-title elementor-size-default\">Termini di utilizzo<\/h2>\t\t\t\t<\/div>\n\t\t\t\t<\/div>\n\t\t\t\t<div class=\"elementor-element elementor-element-cfe3a0d elementor-widget elementor-widget-text-editor\" data-id=\"cfe3a0d\" data-element_type=\"widget\" data-e-type=\"widget\" data-widget_type=\"text-editor.default\">\n\t\t\t\t<div class=\"elementor-widget-container\">\n\t\t\t\t\t\t\t\t\t<p>Si prega di leggere attentamente questi termini legali vincolanti e altre politiche, pubblicate su www.hotelbohinj.si, prima di utilizzare questo sito o di effettuare una prenotazione. Utilizzando il sito web, confermi di essere informato sui termini e condizioni generali e di accettarli integralmente. Se non sei d&#8217;accordo con questi termini e condizioni, ti preghiamo di lasciare immediatamente questo sito web.   <\/p><p>Come utilizzato nei presenti Termini di Utilizzo, \u201cAlpinia\u201d, \u201cnoi\u201d o \u201cci\u201d si riferisce alla societ\u00e0 Alpinia, turisti\u010dno podjetje, d.o.o. (costituita in Slovenia con numero di registrazione 8392749000 e con sede legale a Ukanc 132, Ukanc, 4265 Bohinjsko jezero).<\/p><p>In caso di contenuti o siti web non disponibili, indipendentemente dal motivo, non ci assumiamo alcuna responsabilit\u00e0 legale. Inoltre, non siamo responsabili nel caso in cui il sito web non sia disponibile in qualsiasi momento e non ci assumiamo alcuna responsabilit\u00e0 legale per la sua accuratezza e integrit\u00e0, che si riferisce all&#8217;accuratezza, completezza o utilit\u00e0 di qualsiasi informazione sul sito web in tutti i paesi o per danni speciali, indiretti o consequenziali o per qualsiasi danno, inclusa la perdita di profitti o dati.  <\/p><p>Tutti i documenti, dati, informazioni o altro materiale, sia scritto che in immagini, sul sito web www.hotelbohinj.si, sono protetti all&#8217;interno del quadro legale dai diritti di propriet\u00e0 d&#8217;autore o da altri diritti di propriet\u00e0 intellettuale detenuti da Alpinia, turisti\u010dno podjetje, d.o.o., Ukanc 132, Ukanc, 4265 Bohinjsko jezero, o dai partner contrattuali collegati, il cui contenuto \u00e8 pubblicato sul sito web www.hotelbohinj.si. Poich\u00e9 lo sviluppo e i miglioramenti richiedono modifiche ai nostri Termini di Utilizzo, ci riserviamo il diritto di modificare questi termini.  <\/p><h3> <\/h3><h3>Termini di utilizzo<\/h3><p>Utilizzando questo sito web, garantisci di avere almeno 18 anni e di possedere l&#8217;autorit\u00e0 legale per entrare in questo accordo e concludere potenziali accordi con Alpinia, insieme all&#8217;utilizzo di questo Sito in conformit\u00e0 con tutti i termini e le condizioni qui presenti. Accetti di essere finanziariamente responsabile per tutto l&#8217;uso di questo Sito (cos\u00ec come per l&#8217;uso del tuo account da parte di altri, indipendentemente dall&#8217;et\u00e0). Confermi di supervisionare tutto l&#8217;uso da parte di minorenni di questo sito web a tuo nome o account. Garantisci inoltre che tutte le informazioni fornite da te o da una persona autorizzata da te, durante l&#8217;utilizzo di questo sito web, siano veritiere e accurate e senza limitazioni, o qualsiasi prenotazione falsa o fraudolenta.    <\/p><p>In caso di commissioni per qualsiasi prenotazione o altri servizi, accetti di agire secondo i termini e le condizioni dell&#8217;acquisto, inclusi, ma non limitati a, pagare tutti gli importi quando dovuti e in conformit\u00e0 con tutte le regole e restrizioni riguardanti la disponibilit\u00e0 di tariffe, prodotti o servizi. Accetti di essere pienamente responsabile per tutti i costi, le commissioni, i dazi, le tasse e le valutazioni derivanti dall&#8217;uso di questo sito web. Utilizzando questo sito web accetti di pagare tutti gli importi dovuti all&#8217;hotel e di rispettare i termini e le condizioni di prenotazione.   <\/p><h3> <\/h3><h3>Prenotazione di Servizi<\/h3><p>Il nostro sito web offre la prenotazione delle nostre capacit\u00e0.<\/p><p>Puoi prenotare le nostre capacit\u00e0 via email, inviando una richiesta a hotelbohinj@alpinia-group.si, cos\u00ec da poterti inviare la nostra offerta. N\u00e9 la richiesta n\u00e9 la nostra offerta sono da considerarsi come conferma di prenotazione, solo la tua conferma della prenotazione o la tua conferma della nostra offerta di prenotazione lo \u00e8. Questa \u00e8 la condizione pi\u00f9 importante per la validit\u00e0 della prenotazione. In caso di mancata conferma da parte tua, la prenotazione verr\u00e0 considerata come mai effettuata.   <\/p><p>Sul nostro sito web offriamo anche la possibilit\u00e0 di prenotazione diretta e pagamento con carta online. In tal caso, la prenotazione sar\u00e0 confermata e pagata immediatamente, quando finalizzi il processo di pagamento. Prenotando le nostre capacit\u00e0 in questo modo, possiamo ovviamente garantire che riceverai esattamente l&#8217;alloggio che hai scelto.   <\/p><p>In situazioni in cui i tuoi figli rimarranno con te, ti preghiamo di fornirci il numero e la loro et\u00e0. In base al numero inserito e ad altri dettagli sulla tua prenotazione, verr\u00e0 visualizzato il prezzo del tuo soggiorno. Ti informiamo che nel caso di prenotazione e pagamento online si considera che tu abbia letto questi termini e condizioni e di essere d&#8217;accordo con essi.   <\/p><p>Nel caso in cui un ospite annulli la propria prenotazione, Alpinia si riserva il diritto al rimborso dei costi derivanti dall&#8217;annullamento. L&#8217;importo di tale rimborso dipende dal periodo in cui l&#8217;ospite invia un avviso di cancellazione e dall&#8217;offerta che \u00e8 stata prenotata dall&#8217;ospite.  <\/p><p>In caso di modifica della prenotazione a discrezione dell&#8217;ospite o per motivi di forza maggiore senza colpa di Alpinia a causa di un servizio condotto in modo improprio, l&#8217;ospite non ha diritto a richiedere alcun risarcimento o riduzione del prezzo. L&#8217;ospite deve informare l&#8217;hotel della cancellazione telefonando al n. (+386 59 764 401), inviare un avviso a hotelbohinj@alpinia-group.si, o inviare un avviso scritto a Alpinia, turisti\u010dno podjetje, d.o.o., Ukanc 132, Ukanc, 4265 Bohinjsko jezero  <\/p><p>Tutti i prezzi dell&#8217;offerta di Alpinia includono gi\u00e0 l&#8217;imposta sul valore aggiunto. In caso di controversia tra i clienti, il tribunale competente \u00e8 quello di Kranj.  <\/p><h3> <\/h3><h3>Diritti di Propriet\u00e0 Intellettuale<\/h3><p>Questo sito web contiene materiale o informazioni protetti da diritti d&#8217;autore o altri diritti di propriet\u00e0 intellettuale di cui Alpinia \u00e8 proprietaria. Per tutto questo materiale, informazioni o immagini sul presente sito web, qualsiasi riproduzione o trasmissione, diversa da quella per uso individuale non commerciale, \u00e8 severamente vietata.  <\/p><p>Qualsiasi riproduzione, ridistribuzione, modifica o altro modo di trasferimento a fini commerciali di qualsiasi materiale a terzi senza il previo consenso scritto di Alpinia \u00e8 severamente vietata. Sono protetti dal marchio di Alpinia anche tutti i loghi o altri marchi che possono essere trovati su questo sito web o su siti web ad esso collegati, o Alpinia ha il diritto di utilizzarli.  <\/p><p>Alpinia \u00e8 consapevole della riservatezza dei dati personali, motivo per cui vengono trattati con la massima attenzione. Alpinia agisce inoltre in conformit\u00e0 con la legislazione pertinente, tra cui anche il Regolamento Generale sulla Protezione dei Dati (GDPR). Puoi trovare ulteriori informazioni sulla protezione dei dati qui.  <\/p><h3> <\/h3><h3>Arrivo \u2013 Partenza<\/h3><p>La stanza riservata \u00e8 disponibile dalle 15:00 del giorno di arrivo fino alle 11:00 del giorno di partenza. <\/p><h3> <\/h3><h3>Parcheggio<\/h3><p>Il parcheggio per gli ospiti \u00e8 disponibile di fronte all&#8217;hotel ed \u00e8 gratuito. Gli ospiti hanno anche la possibilit\u00e0 di ricaricare le loro auto in 3 spazi dedicati.  <\/p><h3> <\/h3><h3>Link esterni<\/h3><p>Il sito web o le sottopagine di www.hotelbohinj.si possono includere link a diversi siti web esterni. Alpinia desidera sottolineare che non \u00e8 responsabile per l&#8217;accessibilit\u00e0, il contenuto o gli errori dei link esterni e quindi non \u00e8 responsabile per nulla, poich\u00e9 non siamo a conoscenza del loro contenuto e pertanto non possiamo assumerci alcuna responsabilit\u00e0 per le informazioni che condividono.  <\/p><h3> <\/h3><h3>Possibilit\u00e0 di cancellazione da parte di Alpinia<\/h3><p>In caso di forza maggiore, Alpinia si riserva il diritto di annullare l&#8217;evento o il tuo soggiorno.<\/p><h3> <\/h3><h3>Contatto<\/h3><p>In caso di problemi, domande o ulteriori informazioni, contattaci all&#8217;indirizzo info@alpinia-group.si o al telefono: +386 59 764 400.<\/p><h3> <\/h3><h3>Validit\u00e0 di questi Termini di Utilizzo<\/h3><p>I Termini di utilizzo sono validi dal 1 marzo 2020 in poi. <\/p>\t\t\t\t\t\t\t\t<\/div>\n\t\t\t\t<\/div>\n\t\t\t\t\t<\/div>\n\t\t<\/div>\n\t\t\t\t\t<\/div>\n\t\t<\/section>\n\t\t\t\t<\/div>\n\t\t","protected":false},"excerpt":{"rendered":"<p>Si prega di leggere attentamente questi termini legali vincolanti e altre politiche, pubblicate su www.hotelbohinj.si, prima di utilizzare questo sito o di effettuare una prenotazione. Utilizzando il sito web, confermi di essere informato sui termini e condizioni generali e di accettarli integralmente. Se non sei d&#8217;accordo con questi termini e condizioni, ti preghiamo di lasciare [&hellip;]<\/p>\n","protected":false},"author":1,"featured_media":0,"parent":0,"menu_order":0,"comment_status":"closed","ping_status":"closed","template":"","meta":{"_acf_changed":false,"inline_featured_image":false,"footnotes":""},"class_list":["post-18765","page","type-page","status-publish","hentry"],"acf":[],"_links":{"self":[{"href":"https:\/\/hotelbohinj.si\/it\/wp-json\/wp\/v2\/pages\/18765","targetHints":{"allow":["GET"]}}],"collection":[{"href":"https:\/\/hotelbohinj.si\/it\/wp-json\/wp\/v2\/pages"}],"about":[{"href":"https:\/\/hotelbohinj.si\/it\/wp-json\/wp\/v2\/types\/page"}],"author":[{"embeddable":true,"href":"https:\/\/hotelbohinj.si\/it\/wp-json\/wp\/v2\/users\/1"}],"replies":[{"embeddable":true,"href":"https:\/\/hotelbohinj.si\/it\/wp-json\/wp\/v2\/comments?post=18765"}],"version-history":[{"count":0,"href":"https:\/\/hotelbohinj.si\/it\/wp-json\/wp\/v2\/pages\/18765\/revisions"}],"wp:attachment":[{"href":"https:\/\/hotelbohinj.si\/it\/wp-json\/wp\/v2\/media?parent=18765"}],"curies":[{"name":"wp","href":"https:\/\/api.w.org\/{rel}","templated":true}]}}