{"id":18690,"date":"2023-07-26T21:43:27","date_gmt":"2023-07-26T19:43:27","guid":{"rendered":"https:\/\/hotelbohinj.si\/cucina\/torta-di-bohinj\/"},"modified":"2025-07-23T17:08:49","modified_gmt":"2025-07-23T15:08:49","slug":"torta-di-bohinj","status":"publish","type":"page","link":"https:\/\/hotelbohinj.si\/it\/cucina\/torta-di-bohinj\/","title":{"rendered":"Torta di Bohinj"},"content":{"rendered":"\t\t<div data-elementor-type=\"wp-page\" data-elementor-id=\"18690\" class=\"elementor elementor-18690 elementor-12547\" data-elementor-post-type=\"page\">\n\t\t\t\t\t\t<section class=\"elementor-section elementor-top-section elementor-element elementor-element-3cfd1dec elementor-section-boxed elementor-section-height-default elementor-section-height-default\" data-id=\"3cfd1dec\" data-element_type=\"section\" data-e-type=\"section\" data-settings=\"{&quot;background_background&quot;:&quot;classic&quot;}\">\n\t\t\t\t\t\t<div class=\"elementor-container elementor-column-gap-default\">\n\t\t\t\t\t<div class=\"elementor-column elementor-col-100 elementor-top-column elementor-element elementor-element-5c1fac1b\" data-id=\"5c1fac1b\" data-element_type=\"column\" data-e-type=\"column\">\n\t\t\t<div class=\"elementor-widget-wrap elementor-element-populated\">\n\t\t\t\t\t\t<div class=\"elementor-element elementor-element-564b6f elementor-widget elementor-widget-heading\" data-id=\"564b6f\" data-element_type=\"widget\" data-e-type=\"widget\" data-widget_type=\"heading.default\">\n\t\t\t\t<div class=\"elementor-widget-container\">\n\t\t\t\t\t<h1 class=\"elementor-heading-title elementor-size-default\">Torta di Bohinj<\/h1>\t\t\t\t<\/div>\n\t\t\t\t<\/div>\n\t\t\t\t<div class=\"elementor-element elementor-element-74b3141f elementor-widget elementor-widget-text-editor\" data-id=\"74b3141f\" data-element_type=\"widget\" data-e-type=\"widget\" data-widget_type=\"text-editor.default\">\n\t\t\t\t<div class=\"elementor-widget-container\">\n\t\t\t\t\t\t\t\t\t<p>Dolce rinascita all&#8217;hotel Bohinj.<\/p>\t\t\t\t\t\t\t\t<\/div>\n\t\t\t\t<\/div>\n\t\t\t\t\t<\/div>\n\t\t<\/div>\n\t\t\t\t\t<\/div>\n\t\t<\/section>\n\t\t\t\t<section data-dce-background-image-url=\"https:\/\/hotelbohinj.si\/wp-content\/uploads\/2022\/06\/ozadje_stricki_3procente.png\" class=\"elementor-section elementor-top-section elementor-element elementor-element-73045fa4 elementor-section-boxed elementor-section-height-default elementor-section-height-default\" data-id=\"73045fa4\" data-element_type=\"section\" data-e-type=\"section\" data-settings=\"{&quot;background_background&quot;:&quot;classic&quot;}\">\n\t\t\t\t\t\t<div class=\"elementor-container elementor-column-gap-default\">\n\t\t\t\t\t<div class=\"elementor-column elementor-col-100 elementor-top-column elementor-element elementor-element-2ecc859f post-column-1\" data-id=\"2ecc859f\" data-element_type=\"column\" data-e-type=\"column\">\n\t\t\t<div class=\"elementor-widget-wrap elementor-element-populated\">\n\t\t\t\t\t\t<section class=\"elementor-section elementor-inner-section elementor-element elementor-element-7f8e02b2 elementor-section-boxed elementor-section-height-default elementor-section-height-default\" data-id=\"7f8e02b2\" data-element_type=\"section\" data-e-type=\"section\">\n\t\t\t\t\t\t<div class=\"elementor-container elementor-column-gap-wide\">\n\t\t\t\t\t<div class=\"elementor-column elementor-col-50 elementor-inner-column elementor-element elementor-element-6feca2aa post-column-1\" data-id=\"6feca2aa\" data-element_type=\"column\" data-e-type=\"column\">\n\t\t\t<div class=\"elementor-widget-wrap elementor-element-populated\">\n\t\t\t\t\t\t<div class=\"elementor-element elementor-element-380938f8 dce_masking-none elementor-widget elementor-widget-image\" data-id=\"380938f8\" data-element_type=\"widget\" data-e-type=\"widget\" data-widget_type=\"image.default\">\n\t\t\t\t<div class=\"elementor-widget-container\">\n\t\t\t\t\t\t\t\t\t\t\t\t\t\t\t<img fetchpriority=\"high\" decoding=\"async\" width=\"1200\" height=\"960\" src=\"https:\/\/hotelbohinj.si\/wp-content\/uploads\/2023\/10\/Hotel_Bohinj_CharlotteGarrousse_20230924_212149.jpg\" class=\"attachment-full size-full wp-image-18692\" alt=\"hotel bohinj Su un tavolo di legno si trovano un bicchiere di limonata e un dolce al cioccolato rotondo con una guarnizione decorativa. Il braccio di una persona \u00e8 appoggiato vicino, con in mano un cucchiaio.\" srcset=\"https:\/\/hotelbohinj.si\/wp-content\/uploads\/2023\/10\/Hotel_Bohinj_CharlotteGarrousse_20230924_212149.jpg 1200w, https:\/\/hotelbohinj.si\/wp-content\/uploads\/2023\/10\/Hotel_Bohinj_CharlotteGarrousse_20230924_212149-300x240.jpg 300w, https:\/\/hotelbohinj.si\/wp-content\/uploads\/2023\/10\/Hotel_Bohinj_CharlotteGarrousse_20230924_212149-1024x819.jpg 1024w, https:\/\/hotelbohinj.si\/wp-content\/uploads\/2023\/10\/Hotel_Bohinj_CharlotteGarrousse_20230924_212149-768x614.jpg 768w\" sizes=\"(max-width: 1200px) 100vw, 1200px\" \/>\t\t\t\t\t\t\t\t\t\t\t\t\t\t\t<\/div>\n\t\t\t\t<\/div>\n\t\t\t\t\t<\/div>\n\t\t<\/div>\n\t\t\t\t<div class=\"elementor-column elementor-col-50 elementor-inner-column elementor-element elementor-element-722ba8ed post-column-1\" data-id=\"722ba8ed\" data-element_type=\"column\" data-e-type=\"column\">\n\t\t\t<div class=\"elementor-widget-wrap elementor-element-populated\">\n\t\t\t\t\t\t<div class=\"elementor-element elementor-element-dc540eb elementor-widget elementor-widget-text-editor\" data-id=\"dc540eb\" data-element_type=\"widget\" data-e-type=\"widget\" data-widget_type=\"text-editor.default\">\n\t\t\t\t<div class=\"elementor-widget-container\">\n\t\t\t\t\t\t\t\t\t<p>La torta Bohinj \u00e8 un raffinato mix di sapori e consistenze che ti porter\u00e0 in un dolce viaggio culinario. La base della torta \u00e8 un soffice pan di spagna alle mandorle e noci, generosamente farcito con una deliziosa crema al cioccolato.  <\/p>\n<p>La torta Bohinj \u00e8 un raffinato mix di sapori e consistenze che ti porter\u00e0 in un dolce viaggio culinario. La base della torta \u00e8 un soffice pan di spagna alle mandorle e noci, generosamente farcito con una deliziosa crema al cioccolato. Ad ogni morso, assaporerai l&#8217;eccellenza e sentirai l&#8217;amore per la tradizione. La torta Bohinj rappresenta il nostro ricco patrimonio culinario e si basa su una ricetta ripresa dal rinomato etnologo sloveno, il professor dr. Janez Bogataj. Aspiriamo a far s\u00ec che la torta Bohinj diventi un simbolo del nostro hotel ma anche del luogo che visiti.  <\/p>\n<p>Questo dessert ti avviciner\u00e0 all&#8217;anima di Bohinj, alla sua bellezza e alla sua ricca cultura. Siamo certi che ogni morso evocher\u00e0 in te un senso di familiarit\u00e0 e piacere.  <\/p>\n<p><b>La torta Bohinj \u00e8 servita nel ristorante dell&#8217;hotel Bohinj. <\/b>Per gruppi ed eventi speciali, offriamo la possibilit\u00e0 di ordinare una versione pi\u00f9 grande o mini.<\/p>\t\t\t\t\t\t\t\t<\/div>\n\t\t\t\t<\/div>\n\t\t\t\t<div data-dce-background-color=\"#00000000\" class=\"elementor-element elementor-element-1de0e34 elementor-widget elementor-widget-button\" data-id=\"1de0e34\" data-element_type=\"widget\" data-e-type=\"widget\" data-widget_type=\"button.default\">\n\t\t\t\t<div class=\"elementor-widget-container\">\n\t\t\t\t\t\t\t\t\t<div class=\"elementor-button-wrapper\">\n\t\t\t\t\t<a class=\"elementor-button elementor-button-link elementor-size-md\" href=\"#elementor-action%3Aaction%3Dpopup%3Aopen%26settings%3DeyJpZCI6MTIyNjUsInRvZ2dsZSI6ZmFsc2V9\">\n\t\t\t\t\t\t<span class=\"elementor-button-content-wrapper\">\n\t\t\t\t\t\t\t\t\t<span class=\"elementor-button-text\">Vorrei qualcosa di dolce<\/span>\n\t\t\t\t\t<\/span>\n\t\t\t\t\t<\/a>\n\t\t\t\t<\/div>\n\t\t\t\t\t\t\t\t<\/div>\n\t\t\t\t<\/div>\n\t\t\t\t\t<\/div>\n\t\t<\/div>\n\t\t\t\t\t<\/div>\n\t\t<\/section>\n\t\t\t\t\t<\/div>\n\t\t<\/div>\n\t\t\t\t\t<\/div>\n\t\t<\/section>\n\t\t\t\t<\/div>\n\t\t","protected":false},"excerpt":{"rendered":"<p>Dolce rinascita all&#8217;hotel Bohinj. La torta Bohinj \u00e8 un raffinato mix di sapori e consistenze che ti porter\u00e0 in un dolce viaggio culinario. La base della torta \u00e8 un soffice pan di spagna alle mandorle e noci, generosamente farcito con una deliziosa crema al cioccolato. La torta Bohinj \u00e8 un raffinato mix di sapori e [&hellip;]<\/p>\n","protected":false},"author":1,"featured_media":18692,"parent":18681,"menu_order":0,"comment_status":"closed","ping_status":"closed","template":"","meta":{"_acf_changed":false,"inline_featured_image":false,"footnotes":""},"class_list":["post-18690","page","type-page","status-publish","has-post-thumbnail","hentry"],"acf":[],"_links":{"self":[{"href":"https:\/\/hotelbohinj.si\/it\/wp-json\/wp\/v2\/pages\/18690","targetHints":{"allow":["GET"]}}],"collection":[{"href":"https:\/\/hotelbohinj.si\/it\/wp-json\/wp\/v2\/pages"}],"about":[{"href":"https:\/\/hotelbohinj.si\/it\/wp-json\/wp\/v2\/types\/page"}],"author":[{"embeddable":true,"href":"https:\/\/hotelbohinj.si\/it\/wp-json\/wp\/v2\/users\/1"}],"replies":[{"embeddable":true,"href":"https:\/\/hotelbohinj.si\/it\/wp-json\/wp\/v2\/comments?post=18690"}],"version-history":[{"count":0,"href":"https:\/\/hotelbohinj.si\/it\/wp-json\/wp\/v2\/pages\/18690\/revisions"}],"up":[{"embeddable":true,"href":"https:\/\/hotelbohinj.si\/it\/wp-json\/wp\/v2\/pages\/18681"}],"wp:featuredmedia":[{"embeddable":true,"href":"https:\/\/hotelbohinj.si\/it\/wp-json\/wp\/v2\/media\/18692"}],"wp:attachment":[{"href":"https:\/\/hotelbohinj.si\/it\/wp-json\/wp\/v2\/media?parent=18690"}],"curies":[{"name":"wp","href":"https:\/\/api.w.org\/{rel}","templated":true}]}}