{"id":18643,"date":"2023-10-18T12:55:59","date_gmt":"2023-10-18T10:55:59","guid":{"rendered":"https:\/\/hotelbohinj.si\/sostenibilita\/"},"modified":"2025-07-23T15:40:49","modified_gmt":"2025-07-23T13:40:49","slug":"sostenibilita","status":"publish","type":"page","link":"https:\/\/hotelbohinj.si\/it\/sostenibilita\/","title":{"rendered":"Sostenibilit\u00e0"},"content":{"rendered":"\t\t<div data-elementor-type=\"wp-page\" data-elementor-id=\"18643\" class=\"elementor elementor-18643 elementor-15353\" data-elementor-post-type=\"page\">\n\t\t\t\t\t\t<section class=\"elementor-section elementor-top-section elementor-element elementor-element-10e6b6d elementor-section-boxed elementor-section-height-default elementor-section-height-default\" data-id=\"10e6b6d\" data-element_type=\"section\" data-e-type=\"section\" data-settings=\"{&quot;background_background&quot;:&quot;classic&quot;}\">\n\t\t\t\t\t\t<div class=\"elementor-container elementor-column-gap-wide\">\n\t\t\t\t\t<div class=\"elementor-column elementor-col-100 elementor-top-column elementor-element elementor-element-7e3a8fa post-column-1\" data-id=\"7e3a8fa\" data-element_type=\"column\" data-e-type=\"column\">\n\t\t\t<div class=\"elementor-widget-wrap elementor-element-populated\">\n\t\t\t\t\t\t<div class=\"elementor-element elementor-element-bc057ba dc-has-condition dc-condition-not_empty dce_masking-none elementor-widget elementor-widget-image\" data-id=\"bc057ba\" data-element_type=\"widget\" data-e-type=\"widget\" data-widget_type=\"image.default\">\n\t\t\t\t<div class=\"elementor-widget-container\">\n\t\t\t\t\t\t\t\t\t\t\t\t\t\t\t<img fetchpriority=\"high\" decoding=\"async\" width=\"576\" height=\"1024\" src=\"https:\/\/hotelbohinj.si\/wp-content\/uploads\/2022\/06\/0-02-05-a4ad5814d35e3ac37550e1297a5c60191dc0e5e46244825d71c933098eaae9e3_aae6a04a04a4128b-576x1024.png\" class=\"attachment-large size-large wp-image-1123\" alt=\"hotel bohinj Minimalisti\u010dna \u010drtna risba \u0161tirih \u010dlove\u0161kih figur, ki dr\u017eijo smu\u010darske palice in smu\u010dajo ali hodijo diagonalno navzgor in navzdol, s preprostimi geometrijskimi oblikami in belim ozadjem.\" srcset=\"https:\/\/hotelbohinj.si\/wp-content\/uploads\/2022\/06\/0-02-05-a4ad5814d35e3ac37550e1297a5c60191dc0e5e46244825d71c933098eaae9e3_aae6a04a04a4128b-576x1024.png 576w, https:\/\/hotelbohinj.si\/wp-content\/uploads\/2022\/06\/0-02-05-a4ad5814d35e3ac37550e1297a5c60191dc0e5e46244825d71c933098eaae9e3_aae6a04a04a4128b-169x300.png 169w, https:\/\/hotelbohinj.si\/wp-content\/uploads\/2022\/06\/0-02-05-a4ad5814d35e3ac37550e1297a5c60191dc0e5e46244825d71c933098eaae9e3_aae6a04a04a4128b.png 675w\" sizes=\"(max-width: 576px) 100vw, 576px\" \/>\t\t\t\t\t\t\t\t\t\t\t\t\t\t\t<\/div>\n\t\t\t\t<\/div>\n\t\t\t\t\t<\/div>\n\t\t<\/div>\n\t\t\t\t\t<\/div>\n\t\t<\/section>\n\t\t\t\t<section data-dce-background-image-url=\"https:\/\/hotelbohinj.si\/wp-content\/uploads\/2022\/06\/ozadje_stricki_3procente.png\" class=\"elementor-section elementor-top-section elementor-element elementor-element-669a2b5 elementor-section-boxed elementor-section-height-default elementor-section-height-default\" data-id=\"669a2b5\" data-element_type=\"section\" data-e-type=\"section\" data-settings=\"{&quot;background_background&quot;:&quot;classic&quot;}\">\n\t\t\t\t\t\t<div class=\"elementor-container elementor-column-gap-default\">\n\t\t\t\t\t<div class=\"elementor-column elementor-col-100 elementor-top-column elementor-element elementor-element-2944729\" data-id=\"2944729\" data-element_type=\"column\" data-e-type=\"column\">\n\t\t\t<div class=\"elementor-widget-wrap elementor-element-populated\">\n\t\t\t\t\t\t<div data-dce-title-color=\"#1D1D1B\" class=\"elementor-element elementor-element-d4802d3 elementor-widget elementor-widget-heading\" data-id=\"d4802d3\" data-element_type=\"widget\" data-e-type=\"widget\" data-widget_type=\"heading.default\">\n\t\t\t\t<div class=\"elementor-widget-container\">\n\t\t\t\t\t<h1 class=\"elementor-heading-title elementor-size-default\">SCOPRI LA MAGIA DELL'HOTEL BOHINJ, SLOVENIA<\/h1>\t\t\t\t<\/div>\n\t\t\t\t<\/div>\n\t\t\t\t<div class=\"elementor-element elementor-element-e73c3e3 elementor-widget elementor-widget-text-editor\" data-id=\"e73c3e3\" data-element_type=\"widget\" data-e-type=\"widget\" data-widget_type=\"text-editor.default\">\n\t\t\t\t<div class=\"elementor-widget-container\">\n\t\t\t\t\t\t\t\t\t<p>Un rifugio affascinante vicino al lago, dove relax, serenit\u00e0 e paesaggi mozzafiato si uniscono per creare una fuga indimenticabile.<\/p><ul><li><p><strong>Meta:<\/strong> Bohinj, un gioiello nascosto ancora da scoprire.<\/p><\/li><li><p><strong>Posizione:<\/strong> l&#8217;hotel si trova nel cuore del Parco Nazionale del Triglav, a pochi passi dal Lago Bohinj, con magnifiche viste sulle catene montuose e sul Monte Triglav stesso.<\/p><\/li><li><p><strong>Focus:<\/strong> turismo sostenibile che rispetta la natura, la tradizione e la comunit\u00e0 locale.<\/p><\/li><li><p><strong>Design:<\/strong> architettura eccezionale, l&#8217;incarnazione del paesaggio lacustre e alpino, con attenzione ai dettagli.<\/p><\/li><li><p><strong>Carattere:<\/strong> autenticit\u00e0, spirito giovanile e atmosfera rilassata.<\/p><\/li><li><p><strong>Atmosfera: <\/strong>principalmente adatto a coloro che cercano una fuga perfetta dalla quotidianit\u00e0.<\/p><\/li><\/ul>\t\t\t\t\t\t\t\t<\/div>\n\t\t\t\t<\/div>\n\t\t\t\t<div class=\"elementor-element elementor-element-8e4d44a elementor-widget-divider--view-line elementor-widget elementor-widget-divider\" data-id=\"8e4d44a\" data-element_type=\"widget\" data-e-type=\"widget\" data-widget_type=\"divider.default\">\n\t\t\t\t<div class=\"elementor-widget-container\">\n\t\t\t\t\t\t\t<div class=\"elementor-divider\">\n\t\t\t<span class=\"elementor-divider-separator\">\n\t\t\t\t\t\t<\/span>\n\t\t<\/div>\n\t\t\t\t\t\t<\/div>\n\t\t\t\t<\/div>\n\t\t\t\t<div data-dce-title-color=\"#1D1D1B\" class=\"elementor-element elementor-element-bc6fdcd elementor-widget elementor-widget-heading\" data-id=\"bc6fdcd\" data-element_type=\"widget\" data-e-type=\"widget\" data-widget_type=\"heading.default\">\n\t\t\t\t<div class=\"elementor-widget-container\">\n\t\t\t\t\t<h1 class=\"elementor-heading-title elementor-size-default\">CARATTERISTICHE SOSTENIBILI CHE DEFINISCONO L'HOTEL BOHINJ <\/h1>\t\t\t\t<\/div>\n\t\t\t\t<\/div>\n\t\t\t\t<div class=\"elementor-element elementor-element-ce885d9 elementor-widget elementor-widget-text-editor\" data-id=\"ce885d9\" data-element_type=\"widget\" data-e-type=\"widget\" data-widget_type=\"text-editor.default\">\n\t\t\t\t<div class=\"elementor-widget-container\">\n\t\t\t\t\t\t\t\t\t<ul><li>Trovandosi nel Parco Nazionale del Triglav, l&#8217;hotel si caratterizza per la sua simbiosi con la natura.<\/li><li>Nel processo di ristrutturazione dell&#8217;hotel (nel 2021) abbiamo utilizzato principalmente materiali naturali, legno, pietre, feltro riciclabile, ecc., e collaborato con produttori locali e nazionali.<\/li><li>Nel quotidiano, ci\u00f2 pu\u00f2 essere osservato in:<ul><li>Sistema di recupero di calore per tutti i sistemi di ventilazione<\/li><li>Sistemi di conservazione dell&#8217;acqua<\/li><li>Raccolta differenziata e attenzione agli sprechi alimentari<\/li><li>Lampade a LED e lampade a risparmio energetico<\/li><li>Controllo luci<\/li><li>Assenza di plastica monouso<\/li><li>Pantofole da camera realizzate in feltro riciclato &#8211; un paio di pantofole \u00e8 fatto da 4 bottiglie di plastica<\/li><li>Cooperazione con fornitori locali: supportiamo le imprese locali e ci concentriamo sul chilometro zero<\/li><li>Stazione di ricarica per veicoli elettrici di fronte all&#8217;hotel<\/li><\/ul><\/li><li>I nostri sforzi sono stati premiati dall&#8217;ottenimento del marchio ecologico dell&#8217;UE e delle certificazioni Slovenia Green.<\/li><\/ul>\t\t\t\t\t\t\t\t<\/div>\n\t\t\t\t<\/div>\n\t\t\t\t<div class=\"elementor-element elementor-element-bc2d9b5 elementor-widget-divider--view-line elementor-widget elementor-widget-divider\" data-id=\"bc2d9b5\" data-element_type=\"widget\" data-e-type=\"widget\" data-widget_type=\"divider.default\">\n\t\t\t\t<div class=\"elementor-widget-container\">\n\t\t\t\t\t\t\t<div class=\"elementor-divider\">\n\t\t\t<span class=\"elementor-divider-separator\">\n\t\t\t\t\t\t<\/span>\n\t\t<\/div>\n\t\t\t\t\t\t<\/div>\n\t\t\t\t<\/div>\n\t\t\t\t<div data-dce-title-color=\"#1D1D1B\" class=\"elementor-element elementor-element-7ceea91 elementor-widget elementor-widget-heading\" data-id=\"7ceea91\" data-element_type=\"widget\" data-e-type=\"widget\" data-widget_type=\"heading.default\">\n\t\t\t\t<div class=\"elementor-widget-container\">\n\t\t\t\t\t<h1 class=\"elementor-heading-title elementor-size-default\">SAPEVI?<\/h1>\t\t\t\t<\/div>\n\t\t\t\t<\/div>\n\t\t\t\t<div class=\"elementor-element elementor-element-f15d5ab elementor-widget elementor-widget-text-editor\" data-id=\"f15d5ab\" data-element_type=\"widget\" data-e-type=\"widget\" data-widget_type=\"text-editor.default\">\n\t\t\t\t<div class=\"elementor-widget-container\">\n\t\t\t\t\t\t\t\t\t<p><strong>\u2026 <\/strong>che ogni ospite riceve un paio di pantofole realizzate con 4 bottiglie di plastica.<\/p><p><strong>\u2026 <\/strong>che grazie alla collaborazione con l&#8217;azienda slovena Kaaita, nell&#8217;ultimo anno siamo riusciti a trasformare 47.700 bottiglie di plastica in un enorme numero di pantofole per i nostri ospiti. Il che equivale a un&#8217;altezza pari a 6 volte quella del Triglav, la montagna pi\u00f9 alta della Slovenia. Incredibile, vero?    <\/p>\t\t\t\t\t\t\t\t<\/div>\n\t\t\t\t<\/div>\n\t\t\t\t\t<\/div>\n\t\t<\/div>\n\t\t\t\t\t<\/div>\n\t\t<\/section>\n\t\t\t\t<\/div>\n\t\t","protected":false},"excerpt":{"rendered":"<p>SCOPRI LA MAGIA DELL&#8217;HOTEL BOHINJ, SLOVENIA Un rifugio affascinante vicino al lago, dove relax, serenit\u00e0 e paesaggi mozzafiato si uniscono per creare una fuga indimenticabile. Meta: Bohinj, un gioiello nascosto ancora da scoprire. Posizione: l&#8217;hotel si trova nel cuore del Parco Nazionale del Triglav, a pochi passi dal Lago Bohinj, con magnifiche viste sulle catene [&hellip;]<\/p>\n","protected":false},"author":1,"featured_media":18639,"parent":0,"menu_order":0,"comment_status":"closed","ping_status":"closed","template":"","meta":{"_acf_changed":false,"inline_featured_image":false,"footnotes":""},"class_list":["post-18643","page","type-page","status-publish","has-post-thumbnail","hentry"],"acf":[],"_links":{"self":[{"href":"https:\/\/hotelbohinj.si\/it\/wp-json\/wp\/v2\/pages\/18643","targetHints":{"allow":["GET"]}}],"collection":[{"href":"https:\/\/hotelbohinj.si\/it\/wp-json\/wp\/v2\/pages"}],"about":[{"href":"https:\/\/hotelbohinj.si\/it\/wp-json\/wp\/v2\/types\/page"}],"author":[{"embeddable":true,"href":"https:\/\/hotelbohinj.si\/it\/wp-json\/wp\/v2\/users\/1"}],"replies":[{"embeddable":true,"href":"https:\/\/hotelbohinj.si\/it\/wp-json\/wp\/v2\/comments?post=18643"}],"version-history":[{"count":0,"href":"https:\/\/hotelbohinj.si\/it\/wp-json\/wp\/v2\/pages\/18643\/revisions"}],"wp:featuredmedia":[{"embeddable":true,"href":"https:\/\/hotelbohinj.si\/it\/wp-json\/wp\/v2\/media\/18639"}],"wp:attachment":[{"href":"https:\/\/hotelbohinj.si\/it\/wp-json\/wp\/v2\/media?parent=18643"}],"curies":[{"name":"wp","href":"https:\/\/api.w.org\/{rel}","templated":true}]}}