{"id":18634,"date":"2023-05-17T09:09:18","date_gmt":"2023-05-17T07:09:18","guid":{"rendered":"https:\/\/hotelbohinj.si\/la-nostra-filosofia\/"},"modified":"2025-07-21T22:03:10","modified_gmt":"2025-07-21T20:03:10","slug":"la-nostra-filosofia","status":"publish","type":"page","link":"https:\/\/hotelbohinj.si\/it\/la-nostra-filosofia\/","title":{"rendered":"La nostra filosofia"},"content":{"rendered":"\t\t<div data-elementor-type=\"wp-page\" data-elementor-id=\"18634\" class=\"elementor elementor-18634 elementor-8954\" data-elementor-post-type=\"page\">\n\t\t\t\t\t\t<section class=\"elementor-section elementor-top-section elementor-element elementor-element-10e6b6d elementor-section-boxed elementor-section-height-default elementor-section-height-default\" data-id=\"10e6b6d\" data-element_type=\"section\" data-e-type=\"section\" data-settings=\"{&quot;background_background&quot;:&quot;classic&quot;}\">\n\t\t\t\t\t\t<div class=\"elementor-container elementor-column-gap-wide\">\n\t\t\t\t\t<div class=\"elementor-column elementor-col-100 elementor-top-column elementor-element elementor-element-7e3a8fa post-column-1\" data-id=\"7e3a8fa\" data-element_type=\"column\" data-e-type=\"column\">\n\t\t\t<div class=\"elementor-widget-wrap elementor-element-populated\">\n\t\t\t\t\t\t<div class=\"elementor-element elementor-element-bc057ba dc-has-condition dc-condition-not_empty dce_masking-none elementor-widget elementor-widget-image\" data-id=\"bc057ba\" data-element_type=\"widget\" data-e-type=\"widget\" data-widget_type=\"image.default\">\n\t\t\t\t<div class=\"elementor-widget-container\">\n\t\t\t\t\t\t\t\t\t\t\t\t\t\t\t<img fetchpriority=\"high\" decoding=\"async\" width=\"576\" height=\"1024\" src=\"https:\/\/hotelbohinj.si\/wp-content\/uploads\/2022\/06\/0-02-05-a4ad5814d35e3ac37550e1297a5c60191dc0e5e46244825d71c933098eaae9e3_aae6a04a04a4128b-576x1024.png\" class=\"attachment-large size-large wp-image-1123\" alt=\"hotel bohinj Minimalisti\u010dna \u010drtna risba \u0161tirih \u010dlove\u0161kih figur, ki dr\u017eijo smu\u010darske palice in smu\u010dajo ali hodijo diagonalno navzgor in navzdol, s preprostimi geometrijskimi oblikami in belim ozadjem.\" srcset=\"https:\/\/hotelbohinj.si\/wp-content\/uploads\/2022\/06\/0-02-05-a4ad5814d35e3ac37550e1297a5c60191dc0e5e46244825d71c933098eaae9e3_aae6a04a04a4128b-576x1024.png 576w, https:\/\/hotelbohinj.si\/wp-content\/uploads\/2022\/06\/0-02-05-a4ad5814d35e3ac37550e1297a5c60191dc0e5e46244825d71c933098eaae9e3_aae6a04a04a4128b-169x300.png 169w, https:\/\/hotelbohinj.si\/wp-content\/uploads\/2022\/06\/0-02-05-a4ad5814d35e3ac37550e1297a5c60191dc0e5e46244825d71c933098eaae9e3_aae6a04a04a4128b.png 675w\" sizes=\"(max-width: 576px) 100vw, 576px\" \/>\t\t\t\t\t\t\t\t\t\t\t\t\t\t\t<\/div>\n\t\t\t\t<\/div>\n\t\t\t\t\t<\/div>\n\t\t<\/div>\n\t\t\t\t\t<\/div>\n\t\t<\/section>\n\t\t\t\t<section data-dce-background-image-url=\"https:\/\/hotelbohinj.si\/wp-content\/uploads\/2022\/06\/ozadje_stricki_3procente.png\" class=\"elementor-section elementor-top-section elementor-element elementor-element-669a2b5 elementor-section-boxed elementor-section-height-default elementor-section-height-default\" data-id=\"669a2b5\" data-element_type=\"section\" data-e-type=\"section\" data-settings=\"{&quot;background_background&quot;:&quot;classic&quot;}\">\n\t\t\t\t\t\t<div class=\"elementor-container elementor-column-gap-default\">\n\t\t\t\t\t<div class=\"elementor-column elementor-col-100 elementor-top-column elementor-element elementor-element-2944729\" data-id=\"2944729\" data-element_type=\"column\" data-e-type=\"column\">\n\t\t\t<div class=\"elementor-widget-wrap elementor-element-populated\">\n\t\t\t\t\t\t<div data-dce-title-color=\"#1D1D1B\" class=\"elementor-element elementor-element-d4802d3 elementor-widget elementor-widget-heading\" data-id=\"d4802d3\" data-element_type=\"widget\" data-e-type=\"widget\" data-widget_type=\"heading.default\">\n\t\t\t\t<div class=\"elementor-widget-container\">\n\t\t\t\t\t<h1 class=\"elementor-heading-title elementor-size-default\">HOTEL BOHINJ<\/h1>\t\t\t\t<\/div>\n\t\t\t\t<\/div>\n\t\t\t\t<div class=\"elementor-element elementor-element-e73c3e3 elementor-widget elementor-widget-text-editor\" data-id=\"e73c3e3\" data-element_type=\"widget\" data-e-type=\"widget\" data-widget_type=\"text-editor.default\">\n\t\t\t\t<div class=\"elementor-widget-container\">\n\t\t\t\t\t\t\t\t\tL&#8217;idilliaco panorama alpino con l&#8217;immagine del lago Bohinj, incastonato tra le alte montagne, \u00e8 riflessa nell&#8217;architettura e nella storia dell&#8217;hotel, dal cui spazio aperto gli ospiti possono ammirare tutta questa meraviglia. Uno spazio che respira e ci vizia con la storia del Monte Triglav, dei tradizionali fienili e dei quattro uomini coraggiosi che per primi lo hanno conquistato. \n\n<strong>Queste storie idilliache<\/strong> si riflettono anche nella nostra cucina, negli eventi e nelle strutture benessere. Lasciate che il nostro team vi aiuti a scegliere l&#8217;opzione giusta per rilassarvi e stuzzicare i vostri sensi. Sono molti gli hotel situati in luoghi magnifici. Proprio come il nostro. Ma per quanto ci riguarda, MAGNIFICO possiamo scriverlo a lettere maiuscole.    \n\n<strong>Dal nostro hotel, la vista <\/strong>si estende sul lago e abbraccia tutta la bellezza delle Alpi Giulie. S\u00ec, sembra semplice. Ma non ci sono molti hotel situati in luoghi magici e che abbiano carattere. Quando vi alzate dai divani rilassanti ed entrate nel soggiorno all&#8217;aperto nel giardino dell&#8217;hotel, la natura di Bohinj e la vista del lago vi faranno sentire come se steste guardando la migliore serie su Netflix \u2013 senza sottotitoli. Osserverete e ammirerete i giochi di luce sopra il lago tra le montagne. Nessuna produzione televisiva sarebbe in grado di ricreare una simile scenografia. Il nostro hotel non ha sottotitoli ma lo capirete comunque.      \n\n<strong>Materiali naturali, design, cucina<\/strong> che attinge dalla filiera locale e dalle nostre tradizioni\u2026 State entrando in un ambiente caratterizzato dalla massima ospitalit\u00e0. E sar\u00e0 un grande piacere per noi presentarvi il meglio di Bohinj. Non ci sono molte oasi nelle Alpi dove ogni gusto \u00e8 soddisfatto \u2013 a voi non resta che prendervi il vostro tempo e utilizzare i nostri lettini da giardino prima delle nostre sedie da pranzo.  \t\t\t\t\t\t\t\t<\/div>\n\t\t\t\t<\/div>\n\t\t\t\t\t<\/div>\n\t\t<\/div>\n\t\t\t\t\t<\/div>\n\t\t<\/section>\n\t\t\t\t<section class=\"elementor-section elementor-top-section elementor-element elementor-element-443157b9 elementor-section-boxed elementor-section-height-default elementor-section-height-default\" data-id=\"443157b9\" data-element_type=\"section\" data-e-type=\"section\" data-settings=\"{&quot;background_background&quot;:&quot;classic&quot;}\">\n\t\t\t\t\t\t<div class=\"elementor-container elementor-column-gap-default\">\n\t\t\t\t\t<div class=\"elementor-column elementor-col-100 elementor-top-column elementor-element elementor-element-1cdc9fb0\" data-id=\"1cdc9fb0\" data-element_type=\"column\" data-e-type=\"column\">\n\t\t\t<div class=\"elementor-widget-wrap elementor-element-populated\">\n\t\t\t\t\t\t<div class=\"elementor-element elementor-element-5e53a92c elementor-widget elementor-widget-heading\" data-id=\"5e53a92c\" data-element_type=\"widget\" data-e-type=\"widget\" data-widget_type=\"heading.default\">\n\t\t\t\t<div class=\"elementor-widget-container\">\n\t\t\t\t\t<h1 class=\"elementor-heading-title elementor-size-default\">LA NOSTRA FILOSOFIA<\/h1>\t\t\t\t<\/div>\n\t\t\t\t<\/div>\n\t\t\t\t<div class=\"elementor-element elementor-element-0e9ba31 elementor-widget elementor-widget-text-editor\" data-id=\"0e9ba31\" data-element_type=\"widget\" data-e-type=\"widget\" data-widget_type=\"text-editor.default\">\n\t\t\t\t<div class=\"elementor-widget-container\">\n\t\t\t\t\t\t\t\t\tGuardando avanti e superando gli standard, abbiamo fatto tutto ci\u00f2 che era nelle nostre possibilit\u00e0 per preservare la bellezza paesaggistica di Bohinj.\t\t\t\t\t\t\t\t<\/div>\n\t\t\t\t<\/div>\n\t\t\t\t\t<\/div>\n\t\t<\/div>\n\t\t\t\t\t<\/div>\n\t\t<\/section>\n\t\t\t\t<section data-dce-background-image-url=\"https:\/\/hotelbohinj.si\/wp-content\/uploads\/2022\/06\/ozadje_stricki_3procente.png\" class=\"elementor-section elementor-top-section elementor-element elementor-element-40e4f413 elementor-section-boxed elementor-section-height-default elementor-section-height-default\" data-id=\"40e4f413\" data-element_type=\"section\" data-e-type=\"section\" data-settings=\"{&quot;background_background&quot;:&quot;classic&quot;}\">\n\t\t\t\t\t\t<div class=\"elementor-container elementor-column-gap-default\">\n\t\t\t\t\t<div class=\"elementor-column elementor-col-100 elementor-top-column elementor-element elementor-element-5fbe9309 post-column-1\" data-id=\"5fbe9309\" data-element_type=\"column\" data-e-type=\"column\">\n\t\t\t<div class=\"elementor-widget-wrap elementor-element-populated\">\n\t\t\t\t\t\t<section class=\"elementor-section elementor-inner-section elementor-element elementor-element-64bb51aa elementor-section-boxed elementor-section-height-default elementor-section-height-default\" data-id=\"64bb51aa\" data-element_type=\"section\" data-e-type=\"section\">\n\t\t\t\t\t\t<div class=\"elementor-container elementor-column-gap-wide\">\n\t\t\t\t\t<div class=\"elementor-column elementor-col-50 elementor-inner-column elementor-element elementor-element-5a6079e2 post-column-1\" data-id=\"5a6079e2\" data-element_type=\"column\" data-e-type=\"column\">\n\t\t\t<div class=\"elementor-widget-wrap elementor-element-populated\">\n\t\t\t\t\t\t<div data-dce-title-color=\"#1D1D1B\" class=\"elementor-element elementor-element-840f947 elementor-widget elementor-widget-heading\" data-id=\"840f947\" data-element_type=\"widget\" data-e-type=\"widget\" data-widget_type=\"heading.default\">\n\t\t\t\t<div class=\"elementor-widget-container\">\n\t\t\t\t\t<h2 class=\"elementor-heading-title elementor-size-default\">Architettura<\/h2>\t\t\t\t<\/div>\n\t\t\t\t<\/div>\n\t\t\t\t<div class=\"elementor-element elementor-element-50439e04 elementor-widget elementor-widget-text-editor\" data-id=\"50439e04\" data-element_type=\"widget\" data-e-type=\"widget\" data-widget_type=\"text-editor.default\">\n\t\t\t\t<div class=\"elementor-widget-container\">\n\t\t\t\t\t\t\t\t\tIl nostro hotel, rinnovato a livello stilistico ed energetico, supera gli standard di efficienza energetica, consapevolezza ecologica e protezione delle risorse naturali. Comprendiamo che in questo ambiente naturale biodiverso, dove il turismo coesiste con la sostenibilit\u00e0, siamo tutti solo ospiti. \t\t\t\t\t\t\t\t<\/div>\n\t\t\t\t<\/div>\n\t\t\t\t\t<\/div>\n\t\t<\/div>\n\t\t\t\t<div class=\"elementor-column elementor-col-50 elementor-inner-column elementor-element elementor-element-5b9b7e02 post-column-1\" data-id=\"5b9b7e02\" data-element_type=\"column\" data-e-type=\"column\">\n\t\t\t<div class=\"elementor-widget-wrap elementor-element-populated\">\n\t\t\t\t\t\t<div class=\"elementor-element elementor-element-7d01c9c4 dc-has-condition dc-condition-not_empty dce_masking-none elementor-widget elementor-widget-image\" data-id=\"7d01c9c4\" data-element_type=\"widget\" data-e-type=\"widget\" data-widget_type=\"image.default\">\n\t\t\t\t<div class=\"elementor-widget-container\">\n\t\t\t\t\t\t\t\t\t\t\t\t\t\t\t<img decoding=\"async\" width=\"576\" height=\"667\" src=\"https:\/\/hotelbohinj.si\/wp-content\/uploads\/2023\/05\/Hotel-Bohinj-julij-2021-Foto-Ziga-Intihar-102-1.jpg\" class=\"attachment-large size-large wp-image-18638\" alt=\"hotel bohinj Un moderno edificio in legno con il tetto grigio \u00e8 parzialmente incorniciato da foglie verdi, sullo sfondo di un paesaggio montano nebbioso con le nuvole basse sui pendii boscosi.\" srcset=\"https:\/\/hotelbohinj.si\/wp-content\/uploads\/2023\/05\/Hotel-Bohinj-julij-2021-Foto-Ziga-Intihar-102-1.jpg 576w, https:\/\/hotelbohinj.si\/wp-content\/uploads\/2023\/05\/Hotel-Bohinj-julij-2021-Foto-Ziga-Intihar-102-1-259x300.jpg 259w\" sizes=\"(max-width: 576px) 100vw, 576px\" \/>\t\t\t\t\t\t\t\t\t\t\t\t\t\t\t<\/div>\n\t\t\t\t<\/div>\n\t\t\t\t\t<\/div>\n\t\t<\/div>\n\t\t\t\t\t<\/div>\n\t\t<\/section>\n\t\t\t\t<section class=\"elementor-section elementor-inner-section elementor-element elementor-element-67d1794 elementor-reverse-mobile elementor-section-boxed elementor-section-height-default elementor-section-height-default\" data-id=\"67d1794\" data-element_type=\"section\" data-e-type=\"section\">\n\t\t\t\t\t\t<div class=\"elementor-container elementor-column-gap-wide\">\n\t\t\t\t\t<div class=\"elementor-column elementor-col-50 elementor-inner-column elementor-element elementor-element-568cc19 post-column-1\" data-id=\"568cc19\" data-element_type=\"column\" data-e-type=\"column\">\n\t\t\t<div class=\"elementor-widget-wrap elementor-element-populated\">\n\t\t\t\t\t\t<div class=\"elementor-element elementor-element-f60d772 dc-has-condition dc-condition-not_empty dce_masking-none elementor-widget elementor-widget-image\" data-id=\"f60d772\" data-element_type=\"widget\" data-e-type=\"widget\" data-widget_type=\"image.default\">\n\t\t\t\t<div class=\"elementor-widget-container\">\n\t\t\t\t\t\t\t\t\t\t\t\t\t\t\t<img decoding=\"async\" width=\"553\" height=\"640\" src=\"https:\/\/hotelbohinj.si\/wp-content\/uploads\/2023\/05\/Hotel-Bohinj-julij-2021-Foto-Ziga-Intihar-124.jpg\" class=\"attachment-large size-large wp-image-18637\" alt=\"hotel bohinj Un paio di pantofole di feltro grigio con etichette di carta marrone si trovano su una superficie bianca con un semplice disegno nero a figura di bastone. L&#039;etichetta su una pantofola recita: &quot;IL TUO SPIRITO SI NASCONDE DENTRO QUESTE Pantofole&quot;.\" srcset=\"https:\/\/hotelbohinj.si\/wp-content\/uploads\/2023\/05\/Hotel-Bohinj-julij-2021-Foto-Ziga-Intihar-124.jpg 553w, https:\/\/hotelbohinj.si\/wp-content\/uploads\/2023\/05\/Hotel-Bohinj-julij-2021-Foto-Ziga-Intihar-124-259x300.jpg 259w\" sizes=\"(max-width: 553px) 100vw, 553px\" \/>\t\t\t\t\t\t\t\t\t\t\t\t\t\t\t<\/div>\n\t\t\t\t<\/div>\n\t\t\t\t\t<\/div>\n\t\t<\/div>\n\t\t\t\t<div class=\"elementor-column elementor-col-50 elementor-inner-column elementor-element elementor-element-aba532e post-column-1\" data-id=\"aba532e\" data-element_type=\"column\" data-e-type=\"column\">\n\t\t\t<div class=\"elementor-widget-wrap elementor-element-populated\">\n\t\t\t\t\t\t<div data-dce-title-color=\"#1D1D1B\" class=\"elementor-element elementor-element-c37608d elementor-widget elementor-widget-heading\" data-id=\"c37608d\" data-element_type=\"widget\" data-e-type=\"widget\" data-widget_type=\"heading.default\">\n\t\t\t\t<div class=\"elementor-widget-container\">\n\t\t\t\t\t<h2 class=\"elementor-heading-title elementor-size-default\">Riciclo<\/h2>\t\t\t\t<\/div>\n\t\t\t\t<\/div>\n\t\t\t\t<div class=\"elementor-element elementor-element-37ab77f elementor-widget elementor-widget-text-editor\" data-id=\"37ab77f\" data-element_type=\"widget\" data-e-type=\"widget\" data-widget_type=\"text-editor.default\">\n\t\t\t\t<div class=\"elementor-widget-container\">\n\t\t\t\t\t\t\t\t\tEvitiamo il pi\u00f9 possibile l&#8217;impiego della plastica monouso. Ma c&#8217;\u00e8 di pi\u00f9: al vostro arrivo, vi aspettano in stanza delle pantofole molto speciali, realizzate in feltro riciclato, cos\u00ec da garantirvi il massimo del comfort mentre sarete in hotel. \t\t\t\t\t\t\t\t<\/div>\n\t\t\t\t<\/div>\n\t\t\t\t\t<\/div>\n\t\t<\/div>\n\t\t\t\t\t<\/div>\n\t\t<\/section>\n\t\t\t\t<section class=\"elementor-section elementor-inner-section elementor-element elementor-element-4c9ca4d elementor-section-boxed elementor-section-height-default elementor-section-height-default\" data-id=\"4c9ca4d\" data-element_type=\"section\" data-e-type=\"section\">\n\t\t\t\t\t\t<div class=\"elementor-container elementor-column-gap-wide\">\n\t\t\t\t\t<div class=\"elementor-column elementor-col-50 elementor-inner-column elementor-element elementor-element-98cf400 post-column-1\" data-id=\"98cf400\" data-element_type=\"column\" data-e-type=\"column\">\n\t\t\t<div class=\"elementor-widget-wrap elementor-element-populated\">\n\t\t\t\t\t\t<div data-dce-title-color=\"#1D1D1B\" class=\"elementor-element elementor-element-a415026 elementor-widget elementor-widget-heading\" data-id=\"a415026\" data-element_type=\"widget\" data-e-type=\"widget\" data-widget_type=\"heading.default\">\n\t\t\t\t<div class=\"elementor-widget-container\">\n\t\t\t\t\t<h2 class=\"elementor-heading-title elementor-size-default\">Legame con i fornitori locali<\/h2>\t\t\t\t<\/div>\n\t\t\t\t<\/div>\n\t\t\t\t<div class=\"elementor-element elementor-element-d360780 elementor-widget elementor-widget-text-editor\" data-id=\"d360780\" data-element_type=\"widget\" data-e-type=\"widget\" data-widget_type=\"text-editor.default\">\n\t\t\t\t<div class=\"elementor-widget-container\">\n\t\t\t\t\t\t\t\t\tFavoriamo l&#8217;economia del territorio grazie a uno stretto legame con i fornitori locali. Avrai dunque modo di degustare i migliori prodotti del nostro territorio, anche quelli certificati con il marchio From Bohinj. \t\t\t\t\t\t\t\t<\/div>\n\t\t\t\t<\/div>\n\t\t\t\t\t<\/div>\n\t\t<\/div>\n\t\t\t\t<div class=\"elementor-column elementor-col-50 elementor-inner-column elementor-element elementor-element-d5a9353 post-column-1\" data-id=\"d5a9353\" data-element_type=\"column\" data-e-type=\"column\">\n\t\t\t<div class=\"elementor-widget-wrap elementor-element-populated\">\n\t\t\t\t\t\t<div class=\"elementor-element elementor-element-16c16e2 dc-has-condition dc-condition-not_empty dce_masking-none elementor-widget elementor-widget-image\" data-id=\"16c16e2\" data-element_type=\"widget\" data-e-type=\"widget\" data-widget_type=\"image.default\">\n\t\t\t\t<div class=\"elementor-widget-container\">\n\t\t\t\t\t\t\t\t\t\t\t\t\t\t\t<img loading=\"lazy\" decoding=\"async\" width=\"553\" height=\"640\" src=\"https:\/\/hotelbohinj.si\/wp-content\/uploads\/2023\/05\/Hotel-Bohinj-julij-2021-Foto-Ziga-Intihar-137.jpg\" class=\"attachment-large size-large wp-image-18636\" alt=\"hotel bohinj Un piatto con formaggi assortiti, noci, uva nera, una fetta di pera e un pezzo di prosciutto su un tavolo di legno. Sullo sfondo un barattolo con un&#039;etichetta bianca e rossa.\" srcset=\"https:\/\/hotelbohinj.si\/wp-content\/uploads\/2023\/05\/Hotel-Bohinj-julij-2021-Foto-Ziga-Intihar-137.jpg 553w, https:\/\/hotelbohinj.si\/wp-content\/uploads\/2023\/05\/Hotel-Bohinj-julij-2021-Foto-Ziga-Intihar-137-259x300.jpg 259w\" sizes=\"(max-width: 553px) 100vw, 553px\" \/>\t\t\t\t\t\t\t\t\t\t\t\t\t\t\t<\/div>\n\t\t\t\t<\/div>\n\t\t\t\t\t<\/div>\n\t\t<\/div>\n\t\t\t\t\t<\/div>\n\t\t<\/section>\n\t\t\t\t<section class=\"elementor-section elementor-inner-section elementor-element elementor-element-8c3af02 elementor-reverse-mobile elementor-section-boxed elementor-section-height-default elementor-section-height-default\" data-id=\"8c3af02\" data-element_type=\"section\" data-e-type=\"section\">\n\t\t\t\t\t\t<div class=\"elementor-container elementor-column-gap-wide\">\n\t\t\t\t\t<div class=\"elementor-column elementor-col-50 elementor-inner-column elementor-element elementor-element-18a932b post-column-1\" data-id=\"18a932b\" data-element_type=\"column\" data-e-type=\"column\">\n\t\t\t<div class=\"elementor-widget-wrap elementor-element-populated\">\n\t\t\t\t\t\t<div class=\"elementor-element elementor-element-7af5c2e dc-has-condition dc-condition-not_empty dce_masking-none elementor-widget elementor-widget-image\" data-id=\"7af5c2e\" data-element_type=\"widget\" data-e-type=\"widget\" data-widget_type=\"image.default\">\n\t\t\t\t<div class=\"elementor-widget-container\">\n\t\t\t\t\t\t\t\t\t\t\t\t\t\t\t<img loading=\"lazy\" decoding=\"async\" width=\"800\" height=\"800\" src=\"https:\/\/hotelbohinj.si\/wp-content\/uploads\/2023\/05\/Eko-Marjetica-1024x1024.png\" class=\"attachment-large size-large wp-image-18635\" alt=\"hotel bohinj Un hotel moderno con finestre illuminate di notte, con un pozzo circolare per il fuoco all&#039;aperto e posti a sedere a pi\u00f9 livelli. Nell&#039;angolo \u00e8 presente il logo della certificazione Ecolabel UE, che indica le pratiche eco-compatibili.\" srcset=\"https:\/\/hotelbohinj.si\/wp-content\/uploads\/2023\/05\/Eko-Marjetica-1024x1024.png 1024w, https:\/\/hotelbohinj.si\/wp-content\/uploads\/2023\/05\/Eko-Marjetica-300x300.png 300w, https:\/\/hotelbohinj.si\/wp-content\/uploads\/2023\/05\/Eko-Marjetica-150x150.png 150w, https:\/\/hotelbohinj.si\/wp-content\/uploads\/2023\/05\/Eko-Marjetica-768x768.png 768w, https:\/\/hotelbohinj.si\/wp-content\/uploads\/2023\/05\/Eko-Marjetica.png 1080w\" sizes=\"(max-width: 800px) 100vw, 800px\" \/>\t\t\t\t\t\t\t\t\t\t\t\t\t\t\t<\/div>\n\t\t\t\t<\/div>\n\t\t\t\t\t<\/div>\n\t\t<\/div>\n\t\t\t\t<div class=\"elementor-column elementor-col-50 elementor-inner-column elementor-element elementor-element-56b4e68 post-column-1\" data-id=\"56b4e68\" data-element_type=\"column\" data-e-type=\"column\">\n\t\t\t<div class=\"elementor-widget-wrap elementor-element-populated\">\n\t\t\t\t\t\t<div data-dce-title-color=\"#1D1D1B\" class=\"elementor-element elementor-element-f28d12b elementor-widget elementor-widget-heading\" data-id=\"f28d12b\" data-element_type=\"widget\" data-e-type=\"widget\" data-widget_type=\"heading.default\">\n\t\t\t\t<div class=\"elementor-widget-container\">\n\t\t\t\t\t<h2 class=\"elementor-heading-title elementor-size-default\">Certificato Ecolabel<\/h2>\t\t\t\t<\/div>\n\t\t\t\t<\/div>\n\t\t\t\t<div class=\"elementor-element elementor-element-145db9c elementor-widget elementor-widget-text-editor\" data-id=\"145db9c\" data-element_type=\"widget\" data-e-type=\"widget\" data-widget_type=\"text-editor.default\">\n\t\t\t\t<div class=\"elementor-widget-container\">\n\t\t\t\t\t\t\t\t\tSapevi che l&#8217;hotel Bohinj possiede la certificazione Ecolabel?\n\nL&#8217;hotel Bohinj \u00e8 stato rinnovato seguendo principi sostenibili. L&#8217;ottenimento della certificazione Ecolabel \u00e8 stato dunque un passo logico. Questa certificazione viene assegnata solo ai fornitori di alloggi turistici che rispettano i pi\u00f9 elevati standard di sostenibilit\u00e0 in ogni aspetto operativo.  \n\nSebbene esistano diverse certificazioni ambientali, Ecolabel \u00e8 considerata tra le pi\u00f9 difficili da ottenere, questo perch\u00e9 impone che vengano soddisfatti molti indicatori relativi al risparmio energetico, al risparmio idrico, alla gestione, alla riduzione dei rifiuti e alla comunicazione di tutte queste informazioni agli ospiti.\n\nSiamo lieti di avere ricevuto ufficialmente questa certificazione per l&#8217;alta qualit\u00e0, l&#8217;efficacia ambientale e l&#8217;efficienza ecologica.\t\t\t\t\t\t\t\t<\/div>\n\t\t\t\t<\/div>\n\t\t\t\t\t<\/div>\n\t\t<\/div>\n\t\t\t\t\t<\/div>\n\t\t<\/section>\n\t\t\t\t\t<\/div>\n\t\t<\/div>\n\t\t\t\t\t<\/div>\n\t\t<\/section>\n\t\t\t\t<\/div>\n\t\t","protected":false},"excerpt":{"rendered":"<p>HOTEL BOHINJ L&#8217;idilliaco panorama alpino con l&#8217;immagine del lago Bohinj, incastonato tra le alte montagne, \u00e8 riflessa nell&#8217;architettura e nella storia dell&#8217;hotel, dal cui spazio aperto gli ospiti possono ammirare tutta questa meraviglia. Uno spazio che respira e ci vizia con la storia del Monte Triglav, dei tradizionali fienili e dei quattro uomini coraggiosi che [&hellip;]<\/p>\n","protected":false},"author":1,"featured_media":18639,"parent":0,"menu_order":0,"comment_status":"closed","ping_status":"closed","template":"","meta":{"_acf_changed":false,"inline_featured_image":false,"footnotes":""},"class_list":["post-18634","page","type-page","status-publish","has-post-thumbnail","hentry"],"acf":[],"_links":{"self":[{"href":"https:\/\/hotelbohinj.si\/it\/wp-json\/wp\/v2\/pages\/18634","targetHints":{"allow":["GET"]}}],"collection":[{"href":"https:\/\/hotelbohinj.si\/it\/wp-json\/wp\/v2\/pages"}],"about":[{"href":"https:\/\/hotelbohinj.si\/it\/wp-json\/wp\/v2\/types\/page"}],"author":[{"embeddable":true,"href":"https:\/\/hotelbohinj.si\/it\/wp-json\/wp\/v2\/users\/1"}],"replies":[{"embeddable":true,"href":"https:\/\/hotelbohinj.si\/it\/wp-json\/wp\/v2\/comments?post=18634"}],"version-history":[{"count":0,"href":"https:\/\/hotelbohinj.si\/it\/wp-json\/wp\/v2\/pages\/18634\/revisions"}],"wp:featuredmedia":[{"embeddable":true,"href":"https:\/\/hotelbohinj.si\/it\/wp-json\/wp\/v2\/media\/18639"}],"wp:attachment":[{"href":"https:\/\/hotelbohinj.si\/it\/wp-json\/wp\/v2\/media?parent=18634"}],"curies":[{"name":"wp","href":"https:\/\/api.w.org\/{rel}","templated":true}]}}