{"id":8962,"date":"2023-05-17T09:45:13","date_gmt":"2023-05-17T07:45:13","guid":{"rendered":"https:\/\/hotelbohinj.si\/03-2-cuisine-culinary-delights\/"},"modified":"2025-06-09T15:37:26","modified_gmt":"2025-06-09T13:37:26","slug":"culinary-delights","status":"publish","type":"page","link":"https:\/\/hotelbohinj.si\/en\/cuisine\/culinary-delights\/","title":{"rendered":"Culinary Delights"},"content":{"rendered":"\t\t<div data-elementor-type=\"wp-page\" data-elementor-id=\"8962\" class=\"elementor elementor-8962 elementor-6217\" data-elementor-post-type=\"page\">\n\t\t\t\t\t\t<section class=\"elementor-section elementor-top-section elementor-element elementor-element-3cfd1dec elementor-section-boxed elementor-section-height-default elementor-section-height-default\" data-id=\"3cfd1dec\" data-element_type=\"section\" data-e-type=\"section\" data-settings=\"{&quot;background_background&quot;:&quot;classic&quot;}\">\n\t\t\t\t\t\t<div class=\"elementor-container elementor-column-gap-default\">\n\t\t\t\t\t<div class=\"elementor-column elementor-col-100 elementor-top-column elementor-element elementor-element-5c1fac1b\" data-id=\"5c1fac1b\" data-element_type=\"column\" data-e-type=\"column\">\n\t\t\t<div class=\"elementor-widget-wrap elementor-element-populated\">\n\t\t\t\t\t\t<div class=\"elementor-element elementor-element-564b6f elementor-widget elementor-widget-heading\" data-id=\"564b6f\" data-element_type=\"widget\" data-e-type=\"widget\" data-widget_type=\"heading.default\">\n\t\t\t\t<div class=\"elementor-widget-container\">\n\t\t\t\t\t<h1 class=\"elementor-heading-title elementor-size-default\">Culinary Delights<\/h1>\t\t\t\t<\/div>\n\t\t\t\t<\/div>\n\t\t\t\t\t<\/div>\n\t\t<\/div>\n\t\t\t\t\t<\/div>\n\t\t<\/section>\n\t\t\t\t<section data-dce-background-image-url=\"https:\/\/hotelbohinj.si\/wp-content\/uploads\/2022\/06\/ozadje_stricki_3procente.png\" class=\"elementor-section elementor-top-section elementor-element elementor-element-73045fa4 elementor-section-boxed elementor-section-height-default elementor-section-height-default\" data-id=\"73045fa4\" data-element_type=\"section\" data-e-type=\"section\" data-settings=\"{&quot;background_background&quot;:&quot;classic&quot;}\">\n\t\t\t\t\t\t<div class=\"elementor-container elementor-column-gap-default\">\n\t\t\t\t\t<div class=\"elementor-column elementor-col-100 elementor-top-column elementor-element elementor-element-2ecc859f post-column-1\" data-id=\"2ecc859f\" data-element_type=\"column\" data-e-type=\"column\">\n\t\t\t<div class=\"elementor-widget-wrap elementor-element-populated\">\n\t\t\t\t\t\t<section class=\"elementor-section elementor-inner-section elementor-element elementor-element-7f8e02b2 elementor-section-boxed elementor-section-height-default elementor-section-height-default\" data-id=\"7f8e02b2\" data-element_type=\"section\" data-e-type=\"section\">\n\t\t\t\t\t\t<div class=\"elementor-container elementor-column-gap-wide\">\n\t\t\t\t\t<div class=\"elementor-column elementor-col-50 elementor-inner-column elementor-element elementor-element-722ba8ed post-column-1\" data-id=\"722ba8ed\" data-element_type=\"column\" data-e-type=\"column\">\n\t\t\t<div class=\"elementor-widget-wrap elementor-element-populated\">\n\t\t\t\t\t\t<div class=\"elementor-element elementor-element-8fd6b1f elementor-widget elementor-widget-heading\" data-id=\"8fd6b1f\" data-element_type=\"widget\" data-e-type=\"widget\" data-widget_type=\"heading.default\">\n\t\t\t\t<div class=\"elementor-widget-container\">\n\t\t\t\t\t<h2 class=\"elementor-heading-title elementor-size-default\">Breakfast<\/h2>\t\t\t\t<\/div>\n\t\t\t\t<\/div>\n\t\t\t\t<div class=\"elementor-element elementor-element-74b3141f elementor-widget elementor-widget-text-editor\" data-id=\"74b3141f\" data-element_type=\"widget\" data-e-type=\"widget\" data-widget_type=\"text-editor.default\">\n\t\t\t\t<div class=\"elementor-widget-container\">\n\t\t\t\t\t\t\t\t\t<p>Rich breakfast buffet with fresh bread and croissants, quality cheese from our favourite farmers, freshly prepared egg dishes, seasonal fruit, farmer yogurt, muesli, and much more.<\/p>\n<p>Start the day in the best way &#8211; from 07:00 till 10:00  <\/p>\n<p>We are very proud of our cooperation with small local farmers who supply us with their products. The label &#8220;From Bohinj&#8221; indicates the authenticity of local products and ingredients from Bohinj. <\/p>\n\t\t\t\t\t\t\t\t<\/div>\n\t\t\t\t<\/div>\n\t\t\t\t\t<\/div>\n\t\t<\/div>\n\t\t\t\t<div class=\"elementor-column elementor-col-50 elementor-inner-column elementor-element elementor-element-6feca2aa post-column-1\" data-id=\"6feca2aa\" data-element_type=\"column\" data-e-type=\"column\">\n\t\t\t<div class=\"elementor-widget-wrap elementor-element-populated\">\n\t\t\t\t\t\t<div class=\"elementor-element elementor-element-380938f8 dc-has-condition dc-condition-not_empty dce_masking-none elementor-widget elementor-widget-image\" data-id=\"380938f8\" data-element_type=\"widget\" data-e-type=\"widget\" data-widget_type=\"image.default\">\n\t\t\t\t<div class=\"elementor-widget-container\">\n\t\t\t\t\t\t\t\t\t\t\t\t\t\t\t<img fetchpriority=\"high\" decoding=\"async\" width=\"800\" height=\"534\" src=\"https:\/\/hotelbohinj.si\/wp-content\/uploads\/2023\/05\/zajtrk_Hotel-Bohinj-1024x683.jpeg\" class=\"attachment-large size-large wp-image-6407\" alt=\"hotel bohinj Na lahki leseni mizi je zajtrk s sadjem, sirom, mesom, jogurtom, marmelado, toastom, skodelico kave, dvema steklenicama mleka in slamnatim klobukom. Dve roki re\u017eeta toast na enem kro\u017eniku.\" srcset=\"https:\/\/hotelbohinj.si\/wp-content\/uploads\/2023\/05\/zajtrk_Hotel-Bohinj-1024x683.jpeg 1024w, https:\/\/hotelbohinj.si\/wp-content\/uploads\/2023\/05\/zajtrk_Hotel-Bohinj-300x200.jpeg 300w, https:\/\/hotelbohinj.si\/wp-content\/uploads\/2023\/05\/zajtrk_Hotel-Bohinj-768x512.jpeg 768w, https:\/\/hotelbohinj.si\/wp-content\/uploads\/2023\/05\/zajtrk_Hotel-Bohinj.jpeg 1124w\" sizes=\"(max-width: 800px) 100vw, 800px\" \/>\t\t\t\t\t\t\t\t\t\t\t\t\t\t\t<\/div>\n\t\t\t\t<\/div>\n\t\t\t\t\t<\/div>\n\t\t<\/div>\n\t\t\t\t\t<\/div>\n\t\t<\/section>\n\t\t\t\t<section class=\"elementor-section elementor-inner-section elementor-element elementor-element-2e3c228 elementor-reverse-mobile elementor-section-boxed elementor-section-height-default elementor-section-height-default\" data-id=\"2e3c228\" data-element_type=\"section\" data-e-type=\"section\">\n\t\t\t\t\t\t<div class=\"elementor-container elementor-column-gap-wide\">\n\t\t\t\t\t<div class=\"elementor-column elementor-col-50 elementor-inner-column elementor-element elementor-element-5404d51 post-column-1\" data-id=\"5404d51\" data-element_type=\"column\" data-e-type=\"column\">\n\t\t\t<div class=\"elementor-widget-wrap elementor-element-populated\">\n\t\t\t\t\t\t<div class=\"elementor-element elementor-element-e3ee6d4 dc-has-condition dc-condition-not_empty dce_masking-none elementor-widget elementor-widget-image\" data-id=\"e3ee6d4\" data-element_type=\"widget\" data-e-type=\"widget\" data-widget_type=\"image.default\">\n\t\t\t\t<div class=\"elementor-widget-container\">\n\t\t\t\t\t\t\t\t\t\t\t\t\t\t\t<img decoding=\"async\" width=\"553\" height=\"615\" src=\"https:\/\/hotelbohinj.si\/wp-content\/uploads\/2023\/05\/A-LA-CARTE_Hotel-Bohinj.jpeg\" class=\"attachment-large size-large wp-image-6409\" alt=\"hotel bohinj Na leseni mizi so na voljo razli\u010dne gurmanske jedi, vklju\u010dno s pe\u010denim mesom z zelenjavo, jagnje\u010djimi kotleti z zeli\u0161\u010di in razli\u010dnimi prilogami, ki so umetelno predstavljene na elegantnih kro\u017enikih.\" srcset=\"https:\/\/hotelbohinj.si\/wp-content\/uploads\/2023\/05\/A-LA-CARTE_Hotel-Bohinj.jpeg 553w, https:\/\/hotelbohinj.si\/wp-content\/uploads\/2023\/05\/A-LA-CARTE_Hotel-Bohinj-270x300.jpeg 270w\" sizes=\"(max-width: 553px) 100vw, 553px\" \/>\t\t\t\t\t\t\t\t\t\t\t\t\t\t\t<\/div>\n\t\t\t\t<\/div>\n\t\t\t\t\t<\/div>\n\t\t<\/div>\n\t\t\t\t<div class=\"elementor-column elementor-col-50 elementor-inner-column elementor-element elementor-element-cf04289 post-column-1\" data-id=\"cf04289\" data-element_type=\"column\" data-e-type=\"column\">\n\t\t\t<div class=\"elementor-widget-wrap elementor-element-populated\">\n\t\t\t\t\t\t<div class=\"elementor-element elementor-element-552533e elementor-widget elementor-widget-heading\" data-id=\"552533e\" data-element_type=\"widget\" data-e-type=\"widget\" data-widget_type=\"heading.default\">\n\t\t\t\t<div class=\"elementor-widget-container\">\n\t\t\t\t\t<h2 class=\"elementor-heading-title elementor-size-default\">A La Carte<\/h2>\t\t\t\t<\/div>\n\t\t\t\t<\/div>\n\t\t\t\t<div class=\"elementor-element elementor-element-11dbabe elementor-widget elementor-widget-text-editor\" data-id=\"11dbabe\" data-element_type=\"widget\" data-e-type=\"widget\" data-widget_type=\"text-editor.default\">\n\t\t\t\t<div class=\"elementor-widget-container\">\n\t\t\t\t\t\t\t\t\t<p>Lunch, dinner, or just &#8220;something to eat&#8221;. Our culinary offer is at your disposal, where seasonally colored menus and local ingredients are in the foreground. You can choose from a wide range of cold and warm starters, main courses, and desserts.  <\/p>\n\t\t\t\t\t\t\t\t<\/div>\n\t\t\t\t<\/div>\n\t\t\t\t\t<\/div>\n\t\t<\/div>\n\t\t\t\t\t<\/div>\n\t\t<\/section>\n\t\t\t\t<section class=\"elementor-section elementor-inner-section elementor-element elementor-element-da1e1a7 elementor-section-boxed elementor-section-height-default elementor-section-height-default\" data-id=\"da1e1a7\" data-element_type=\"section\" data-e-type=\"section\">\n\t\t\t\t\t\t<div class=\"elementor-container elementor-column-gap-wide\">\n\t\t\t\t\t<div class=\"elementor-column elementor-col-50 elementor-inner-column elementor-element elementor-element-c8924a2 post-column-1\" data-id=\"c8924a2\" data-element_type=\"column\" data-e-type=\"column\">\n\t\t\t<div class=\"elementor-widget-wrap elementor-element-populated\">\n\t\t\t\t\t\t<div class=\"elementor-element elementor-element-1818c7e elementor-widget elementor-widget-heading\" data-id=\"1818c7e\" data-element_type=\"widget\" data-e-type=\"widget\" data-widget_type=\"heading.default\">\n\t\t\t\t<div class=\"elementor-widget-container\">\n\t\t\t\t\t<h2 class=\"elementor-heading-title elementor-size-default\">How About Another Drink?<\/h2>\t\t\t\t<\/div>\n\t\t\t\t<\/div>\n\t\t\t\t<div class=\"elementor-element elementor-element-aec4e37 elementor-widget elementor-widget-text-editor\" data-id=\"aec4e37\" data-element_type=\"widget\" data-e-type=\"widget\" data-widget_type=\"text-editor.default\">\n\t\t\t\t<div class=\"elementor-widget-container\">\n\t\t\t\t\t\t\t\t\t<p>LOUNGE &amp; BAR &amp; SUNNY TERRACE WITH A GARDEN is the perfect spot for enjoying a cup of coffee or an aperitif in a pleasant atmosphere.<\/p>\n\t\t\t\t\t\t\t\t<\/div>\n\t\t\t\t<\/div>\n\t\t\t\t\t<\/div>\n\t\t<\/div>\n\t\t\t\t<div class=\"elementor-column elementor-col-50 elementor-inner-column elementor-element elementor-element-fcbe153 post-column-1\" data-id=\"fcbe153\" data-element_type=\"column\" data-e-type=\"column\">\n\t\t\t<div class=\"elementor-widget-wrap elementor-element-populated\">\n\t\t\t\t\t\t<div class=\"elementor-element elementor-element-dd47fb1 dc-has-condition dc-condition-not_empty dce_masking-none elementor-widget elementor-widget-image\" data-id=\"dd47fb1\" data-element_type=\"widget\" data-e-type=\"widget\" data-widget_type=\"image.default\">\n\t\t\t\t<div class=\"elementor-widget-container\">\n\t\t\t\t\t\t\t\t\t\t\t\t\t\t\t<img decoding=\"async\" width=\"800\" height=\"534\" src=\"https:\/\/hotelbohinj.si\/wp-content\/uploads\/2023\/05\/Koktajli_Hotel-Bohinj-1024x683.jpeg\" class=\"attachment-large size-large wp-image-6411\" alt=\"hotel bohinj Kozarec, napolnjen z ledom, prozorno teko\u010dino in zeli\u0161\u010dnim okrasjem, stoji na temni povr\u0161ini poleg prozorne steklenice z oznako &quot;KAR&quot; in \u010drnim pokrov\u010dkom. Ozadje je rahlo zamegljeno in namiguje na bazen ali vodo.\" srcset=\"https:\/\/hotelbohinj.si\/wp-content\/uploads\/2023\/05\/Koktajli_Hotel-Bohinj-1024x683.jpeg 1024w, https:\/\/hotelbohinj.si\/wp-content\/uploads\/2023\/05\/Koktajli_Hotel-Bohinj-300x200.jpeg 300w, https:\/\/hotelbohinj.si\/wp-content\/uploads\/2023\/05\/Koktajli_Hotel-Bohinj-768x512.jpeg 768w, https:\/\/hotelbohinj.si\/wp-content\/uploads\/2023\/05\/Koktajli_Hotel-Bohinj.jpeg 1124w\" sizes=\"(max-width: 800px) 100vw, 800px\" \/>\t\t\t\t\t\t\t\t\t\t\t\t\t\t\t<\/div>\n\t\t\t\t<\/div>\n\t\t\t\t\t<\/div>\n\t\t<\/div>\n\t\t\t\t\t<\/div>\n\t\t<\/section>\n\t\t\t\t\t<\/div>\n\t\t<\/div>\n\t\t\t\t\t<\/div>\n\t\t<\/section>\n\t\t\t\t<section class=\"elementor-section elementor-top-section elementor-element elementor-element-5e672d40 elementor-section-boxed elementor-section-height-default elementor-section-height-default\" data-id=\"5e672d40\" data-element_type=\"section\" data-e-type=\"section\" data-settings=\"{&quot;background_background&quot;:&quot;classic&quot;}\">\n\t\t\t\t\t\t<div class=\"elementor-container elementor-column-gap-wide\">\n\t\t\t\t\t<div class=\"elementor-column elementor-col-100 elementor-top-column elementor-element elementor-element-5a4202f5 post-column-1\" data-id=\"5a4202f5\" data-element_type=\"column\" data-e-type=\"column\">\n\t\t\t<div class=\"elementor-widget-wrap elementor-element-populated\">\n\t\t\t\t\t\t<div class=\"elementor-element elementor-element-fde6f20 elementor-widget elementor-widget-text-editor\" data-id=\"fde6f20\" data-element_type=\"widget\" data-e-type=\"widget\" data-widget_type=\"text-editor.default\">\n\t\t\t\t<div class=\"elementor-widget-container\">\n\t\t\t\t\t\t\t\t\t<p><em>We recommend that you reserve a table for dinner in advance. Sometimes you can find a place even without a reservation, but during busy hours, guests with a reservation have priority. Please let us know in advance of your arrival if you have problems with allergies or sensitivities to certain foods so that we can pass this information on to our team in the kitchen.  <\/em><\/p>\n\t\t\t\t\t\t\t\t<\/div>\n\t\t\t\t<\/div>\n\t\t\t\t\t<\/div>\n\t\t<\/div>\n\t\t\t\t\t<\/div>\n\t\t<\/section>\n\t\t\t\t<\/div>\n\t\t","protected":false},"excerpt":{"rendered":"<p>Culinary Delights Breakfast Rich breakfast buffet with fresh bread and croissants, quality cheese from our favourite farmers, freshly prepared egg dishes, seasonal fruit, farmer yogurt, muesli, and much more. Start the day in the best way &#8211; from 07:00 till 10:00 We are very proud of our cooperation with small local farmers who supply us [&hellip;]<\/p>\n","protected":false},"author":6,"featured_media":0,"parent":8960,"menu_order":0,"comment_status":"closed","ping_status":"closed","template":"","meta":{"_acf_changed":false,"inline_featured_image":false,"footnotes":""},"class_list":["post-8962","page","type-page","status-publish","hentry"],"acf":[],"_links":{"self":[{"href":"https:\/\/hotelbohinj.si\/en\/wp-json\/wp\/v2\/pages\/8962","targetHints":{"allow":["GET"]}}],"collection":[{"href":"https:\/\/hotelbohinj.si\/en\/wp-json\/wp\/v2\/pages"}],"about":[{"href":"https:\/\/hotelbohinj.si\/en\/wp-json\/wp\/v2\/types\/page"}],"author":[{"embeddable":true,"href":"https:\/\/hotelbohinj.si\/en\/wp-json\/wp\/v2\/users\/6"}],"replies":[{"embeddable":true,"href":"https:\/\/hotelbohinj.si\/en\/wp-json\/wp\/v2\/comments?post=8962"}],"version-history":[{"count":0,"href":"https:\/\/hotelbohinj.si\/en\/wp-json\/wp\/v2\/pages\/8962\/revisions"}],"up":[{"embeddable":true,"href":"https:\/\/hotelbohinj.si\/en\/wp-json\/wp\/v2\/pages\/8960"}],"wp:attachment":[{"href":"https:\/\/hotelbohinj.si\/en\/wp-json\/wp\/v2\/media?parent=8962"}],"curies":[{"name":"wp","href":"https:\/\/api.w.org\/{rel}","templated":true}]}}