{"id":8954,"date":"2023-05-17T09:09:18","date_gmt":"2023-05-17T07:09:18","guid":{"rendered":"https:\/\/hotelbohinj.si\/01-2-about-us-hotel-bohinj\/01-4-about-us-our-philosophy\/"},"modified":"2023-10-22T14:42:22","modified_gmt":"2023-10-22T12:42:22","slug":"hotel-bohinj","status":"publish","type":"page","link":"https:\/\/hotelbohinj.si\/en\/hotel-bohinj\/","title":{"rendered":"Our philosophy"},"content":{"rendered":"\t\t<div data-elementor-type=\"wp-page\" data-elementor-id=\"8954\" class=\"elementor elementor-8954 elementor-6200\" data-elementor-post-type=\"page\">\n\t\t\t\t\t\t<section class=\"elementor-section elementor-top-section elementor-element elementor-element-10e6b6d elementor-section-boxed elementor-section-height-default elementor-section-height-default\" data-id=\"10e6b6d\" data-element_type=\"section\" data-e-type=\"section\" data-settings=\"{&quot;background_background&quot;:&quot;classic&quot;}\">\n\t\t\t\t\t\t<div class=\"elementor-container elementor-column-gap-wide\">\n\t\t\t\t\t<div class=\"elementor-column elementor-col-100 elementor-top-column elementor-element elementor-element-7e3a8fa post-column-1\" data-id=\"7e3a8fa\" data-element_type=\"column\" data-e-type=\"column\">\n\t\t\t<div class=\"elementor-widget-wrap elementor-element-populated\">\n\t\t\t\t\t\t<div class=\"elementor-element elementor-element-bc057ba dc-has-condition dc-condition-not_empty dce_masking-none elementor-widget elementor-widget-image\" data-id=\"bc057ba\" data-element_type=\"widget\" data-e-type=\"widget\" data-widget_type=\"image.default\">\n\t\t\t\t<div class=\"elementor-widget-container\">\n\t\t\t\t\t\t\t\t\t\t\t\t\t\t\t<img fetchpriority=\"high\" decoding=\"async\" width=\"576\" height=\"1024\" src=\"https:\/\/hotelbohinj.si\/wp-content\/uploads\/2022\/06\/0-02-05-a4ad5814d35e3ac37550e1297a5c60191dc0e5e46244825d71c933098eaae9e3_aae6a04a04a4128b-576x1024.png\" class=\"attachment-large size-large wp-image-2135\" alt=\"\" srcset=\"https:\/\/hotelbohinj.si\/wp-content\/uploads\/2022\/06\/0-02-05-a4ad5814d35e3ac37550e1297a5c60191dc0e5e46244825d71c933098eaae9e3_aae6a04a04a4128b-576x1024.png 576w, https:\/\/hotelbohinj.si\/wp-content\/uploads\/2022\/06\/0-02-05-a4ad5814d35e3ac37550e1297a5c60191dc0e5e46244825d71c933098eaae9e3_aae6a04a04a4128b-169x300.png 169w, https:\/\/hotelbohinj.si\/wp-content\/uploads\/2022\/06\/0-02-05-a4ad5814d35e3ac37550e1297a5c60191dc0e5e46244825d71c933098eaae9e3_aae6a04a04a4128b.png 675w\" sizes=\"(max-width: 576px) 100vw, 576px\" \/>\t\t\t\t\t\t\t\t\t\t\t\t\t\t\t<\/div>\n\t\t\t\t<\/div>\n\t\t\t\t\t<\/div>\n\t\t<\/div>\n\t\t\t\t\t<\/div>\n\t\t<\/section>\n\t\t\t\t<section data-dce-background-image-url=\"https:\/\/hotelbohinj.si\/wp-content\/uploads\/2022\/06\/ozadje_stricki_3procente.png\" class=\"elementor-section elementor-top-section elementor-element elementor-element-669a2b5 elementor-section-boxed elementor-section-height-default elementor-section-height-default\" data-id=\"669a2b5\" data-element_type=\"section\" data-e-type=\"section\" data-settings=\"{&quot;background_background&quot;:&quot;classic&quot;}\">\n\t\t\t\t\t\t<div class=\"elementor-container elementor-column-gap-default\">\n\t\t\t\t\t<div class=\"elementor-column elementor-col-100 elementor-top-column elementor-element elementor-element-2944729\" data-id=\"2944729\" data-element_type=\"column\" data-e-type=\"column\">\n\t\t\t<div class=\"elementor-widget-wrap elementor-element-populated\">\n\t\t\t\t\t\t<div data-dce-title-color=\"#1D1D1B\" class=\"elementor-element elementor-element-d4802d3 elementor-widget elementor-widget-heading\" data-id=\"d4802d3\" data-element_type=\"widget\" data-e-type=\"widget\" data-widget_type=\"heading.default\">\n\t\t\t\t<div class=\"elementor-widget-container\">\n\t\t\t\t\t<h1 class=\"elementor-heading-title elementor-size-default\">HOTEL BOHINJ<\/h1>\t\t\t\t<\/div>\n\t\t\t\t<\/div>\n\t\t\t\t<div class=\"elementor-element elementor-element-e73c3e3 elementor-widget elementor-widget-text-editor\" data-id=\"e73c3e3\" data-element_type=\"widget\" data-e-type=\"widget\" data-widget_type=\"text-editor.default\">\n\t\t\t\t<div class=\"elementor-widget-container\">\n\t\t\t\t\t\t\t\t\t<p>The idyllic alpine world with the image of Lake Bohinj, nestled among the high mountains, reflects the architectural and atmospheric story of the hotel that offers its guests complete enjoyment in a wide-open space. A space that breathes and spoils us with the story of Mt Triglav, traditional hayracks, and four brave men.<\/p>\n<p><strong>These idyllic stories<\/strong> are also reflected in our cuisine, events and wellness facilities. Allow our hearty team help you choose the right option to relax and to tantalise your senses. There are many hotels located in magnificent places. Just like ours. And we can write MAGNIFICENT with capital letters.<\/p>\n<p><strong>From our hotel, the view<\/strong> stretches across the lake and embraces the entire beauty of the Julian Alps. Yes, it sounds simple. But there are not many idyllically located hotels that have character. When you get up from the relaxing couches and enter the outdoor living room in the hotel garden, the nature of Bohinj and the view of the lake will make you feel like you\u2019re watching the best series on Netflix \u2013 without subtitles. You will observe and marvel at the drama of the light above the lake between the mountains. This set design cannot be surpassed by any TV production. Our hotel doesn\u2019t have subtitles and you\u2019ll understand it anyway.<\/p>\n<p><strong>Natural materials, design, cuisine<\/strong> that draws from the local supply chain and traditions \u2026 You are entering a hospitable environment. It will be our greatest pleasure to present the best of Bohinj. There are not many oases in the Alps where every taste is satisfied \u2013 if you just understand that you simply have to take your time and use our garden beds before our dining chairs.<\/p>\n\t\t\t\t\t\t\t\t<\/div>\n\t\t\t\t<\/div>\n\t\t\t\t\t<\/div>\n\t\t<\/div>\n\t\t\t\t\t<\/div>\n\t\t<\/section>\n\t\t\t\t<section class=\"elementor-section elementor-top-section elementor-element elementor-element-443157b9 elementor-section-boxed elementor-section-height-default elementor-section-height-default\" data-id=\"443157b9\" data-element_type=\"section\" data-e-type=\"section\" data-settings=\"{&quot;background_background&quot;:&quot;classic&quot;}\">\n\t\t\t\t\t\t<div class=\"elementor-container elementor-column-gap-default\">\n\t\t\t\t\t<div class=\"elementor-column elementor-col-100 elementor-top-column elementor-element elementor-element-1cdc9fb0\" data-id=\"1cdc9fb0\" data-element_type=\"column\" data-e-type=\"column\">\n\t\t\t<div class=\"elementor-widget-wrap elementor-element-populated\">\n\t\t\t\t\t\t<div class=\"elementor-element elementor-element-5e53a92c elementor-widget elementor-widget-heading\" data-id=\"5e53a92c\" data-element_type=\"widget\" data-e-type=\"widget\" data-widget_type=\"heading.default\">\n\t\t\t\t<div class=\"elementor-widget-container\">\n\t\t\t\t\t<h1 class=\"elementor-heading-title elementor-size-default\">OUR PHILOSOPHY<\/h1>\t\t\t\t<\/div>\n\t\t\t\t<\/div>\n\t\t\t\t<div class=\"elementor-element elementor-element-0e9ba31 elementor-widget elementor-widget-text-editor\" data-id=\"0e9ba31\" data-element_type=\"widget\" data-e-type=\"widget\" data-widget_type=\"text-editor.default\">\n\t\t\t\t<div class=\"elementor-widget-container\">\n\t\t\t\t\t\t\t\t\t<p>By looking forward and exceeding standards, we have made an extra effort to do everything to maintain this magnificent privilege of beauty and natural preservation of Bohinj.<\/p>\n\t\t\t\t\t\t\t\t<\/div>\n\t\t\t\t<\/div>\n\t\t\t\t\t<\/div>\n\t\t<\/div>\n\t\t\t\t\t<\/div>\n\t\t<\/section>\n\t\t\t\t<section data-dce-background-image-url=\"https:\/\/hotelbohinj.si\/wp-content\/uploads\/2022\/06\/ozadje_stricki_3procente.png\" class=\"elementor-section elementor-top-section elementor-element elementor-element-40e4f413 elementor-section-boxed elementor-section-height-default elementor-section-height-default\" data-id=\"40e4f413\" data-element_type=\"section\" data-e-type=\"section\" data-settings=\"{&quot;background_background&quot;:&quot;classic&quot;}\">\n\t\t\t\t\t\t<div class=\"elementor-container elementor-column-gap-default\">\n\t\t\t\t\t<div class=\"elementor-column elementor-col-100 elementor-top-column elementor-element elementor-element-5fbe9309 post-column-1\" data-id=\"5fbe9309\" data-element_type=\"column\" data-e-type=\"column\">\n\t\t\t<div class=\"elementor-widget-wrap elementor-element-populated\">\n\t\t\t\t\t\t<section class=\"elementor-section elementor-inner-section elementor-element elementor-element-64bb51aa elementor-section-boxed elementor-section-height-default elementor-section-height-default\" data-id=\"64bb51aa\" data-element_type=\"section\" data-e-type=\"section\">\n\t\t\t\t\t\t<div class=\"elementor-container elementor-column-gap-wide\">\n\t\t\t\t\t<div class=\"elementor-column elementor-col-50 elementor-inner-column elementor-element elementor-element-5a6079e2 post-column-1\" data-id=\"5a6079e2\" data-element_type=\"column\" data-e-type=\"column\">\n\t\t\t<div class=\"elementor-widget-wrap elementor-element-populated\">\n\t\t\t\t\t\t<div data-dce-title-color=\"#1D1D1B\" class=\"elementor-element elementor-element-840f947 elementor-widget elementor-widget-heading\" data-id=\"840f947\" data-element_type=\"widget\" data-e-type=\"widget\" data-widget_type=\"heading.default\">\n\t\t\t\t<div class=\"elementor-widget-container\">\n\t\t\t\t\t<h2 class=\"elementor-heading-title elementor-size-default\">Architecture<\/h2>\t\t\t\t<\/div>\n\t\t\t\t<\/div>\n\t\t\t\t<div class=\"elementor-element elementor-element-50439e04 elementor-widget elementor-widget-text-editor\" data-id=\"50439e04\" data-element_type=\"widget\" data-e-type=\"widget\" data-widget_type=\"text-editor.default\">\n\t\t\t\t<div class=\"elementor-widget-container\">\n\t\t\t\t\t\t\t\t\t<p>Our hotel with its architectural and energy renovation exceeds the energy efficiency, ecological awareness and natural resources protection standards. We understand that we are all just guests in this biodiverse natural environment, where tourism coexists with the traditional sustainability of our impact on the environment.<\/p>\n\t\t\t\t\t\t\t\t<\/div>\n\t\t\t\t<\/div>\n\t\t\t\t\t<\/div>\n\t\t<\/div>\n\t\t\t\t<div class=\"elementor-column elementor-col-50 elementor-inner-column elementor-element elementor-element-5b9b7e02 post-column-1\" data-id=\"5b9b7e02\" data-element_type=\"column\" data-e-type=\"column\">\n\t\t\t<div class=\"elementor-widget-wrap elementor-element-populated\">\n\t\t\t\t\t\t<div class=\"elementor-element elementor-element-7d01c9c4 dc-has-condition dc-condition-not_empty dce_masking-none elementor-widget elementor-widget-image\" data-id=\"7d01c9c4\" data-element_type=\"widget\" data-e-type=\"widget\" data-widget_type=\"image.default\">\n\t\t\t\t<div class=\"elementor-widget-container\">\n\t\t\t\t\t\t\t\t\t\t\t\t\t\t\t<img decoding=\"async\" width=\"576\" height=\"667\" src=\"https:\/\/hotelbohinj.si\/wp-content\/uploads\/2023\/05\/Hotel-Bohinj-julij-2021-Foto-Ziga-Intihar-102-1.jpg\" class=\"attachment-large size-large wp-image-6615\" alt=\"hotel bohinj Sodobno leseno stavbo s sivo streho obdaja zelenje, v ozadju pa so meglene gore in nizko vise\u010di oblaki. V ospredju je prizor uokvirjen z listjem.\" srcset=\"https:\/\/hotelbohinj.si\/wp-content\/uploads\/2023\/05\/Hotel-Bohinj-julij-2021-Foto-Ziga-Intihar-102-1.jpg 576w, https:\/\/hotelbohinj.si\/wp-content\/uploads\/2023\/05\/Hotel-Bohinj-julij-2021-Foto-Ziga-Intihar-102-1-259x300.jpg 259w\" sizes=\"(max-width: 576px) 100vw, 576px\" \/>\t\t\t\t\t\t\t\t\t\t\t\t\t\t\t<\/div>\n\t\t\t\t<\/div>\n\t\t\t\t\t<\/div>\n\t\t<\/div>\n\t\t\t\t\t<\/div>\n\t\t<\/section>\n\t\t\t\t<section class=\"elementor-section elementor-inner-section elementor-element elementor-element-67d1794 elementor-reverse-mobile elementor-section-boxed elementor-section-height-default elementor-section-height-default\" data-id=\"67d1794\" data-element_type=\"section\" data-e-type=\"section\">\n\t\t\t\t\t\t<div class=\"elementor-container elementor-column-gap-wide\">\n\t\t\t\t\t<div class=\"elementor-column elementor-col-50 elementor-inner-column elementor-element elementor-element-568cc19 post-column-1\" data-id=\"568cc19\" data-element_type=\"column\" data-e-type=\"column\">\n\t\t\t<div class=\"elementor-widget-wrap elementor-element-populated\">\n\t\t\t\t\t\t<div class=\"elementor-element elementor-element-f60d772 dc-has-condition dc-condition-not_empty dce_masking-none elementor-widget elementor-widget-image\" data-id=\"f60d772\" data-element_type=\"widget\" data-e-type=\"widget\" data-widget_type=\"image.default\">\n\t\t\t\t<div class=\"elementor-widget-container\">\n\t\t\t\t\t\t\t\t\t\t\t\t\t\t\t<img decoding=\"async\" width=\"553\" height=\"640\" src=\"https:\/\/hotelbohinj.si\/wp-content\/uploads\/2023\/05\/Hotel-Bohinj-julij-2021-Foto-Ziga-Intihar-124.jpg\" class=\"attachment-large size-large wp-image-6613\" alt=\"hotel bohinj Par sivih polstenih copat z rjavimi papirnatimi trakovi, na enem je napis &quot;Naj se tvoj duh skriva v teh copatih&quot;, postavljen na belo povr\u0161ino s \u010drnim abstraktnim vzorcem pali\u010daste figure.\" srcset=\"https:\/\/hotelbohinj.si\/wp-content\/uploads\/2023\/05\/Hotel-Bohinj-julij-2021-Foto-Ziga-Intihar-124.jpg 553w, https:\/\/hotelbohinj.si\/wp-content\/uploads\/2023\/05\/Hotel-Bohinj-julij-2021-Foto-Ziga-Intihar-124-259x300.jpg 259w\" sizes=\"(max-width: 553px) 100vw, 553px\" \/>\t\t\t\t\t\t\t\t\t\t\t\t\t\t\t<\/div>\n\t\t\t\t<\/div>\n\t\t\t\t\t<\/div>\n\t\t<\/div>\n\t\t\t\t<div class=\"elementor-column elementor-col-50 elementor-inner-column elementor-element elementor-element-aba532e post-column-1\" data-id=\"aba532e\" data-element_type=\"column\" data-e-type=\"column\">\n\t\t\t<div class=\"elementor-widget-wrap elementor-element-populated\">\n\t\t\t\t\t\t<div data-dce-title-color=\"#1D1D1B\" class=\"elementor-element elementor-element-c37608d elementor-widget elementor-widget-heading\" data-id=\"c37608d\" data-element_type=\"widget\" data-e-type=\"widget\" data-widget_type=\"heading.default\">\n\t\t\t\t<div class=\"elementor-widget-container\">\n\t\t\t\t\t<h2 class=\"elementor-heading-title elementor-size-default\">Recycled<\/h2>\t\t\t\t<\/div>\n\t\t\t\t<\/div>\n\t\t\t\t<div class=\"elementor-element elementor-element-37ab77f elementor-widget elementor-widget-text-editor\" data-id=\"37ab77f\" data-element_type=\"widget\" data-e-type=\"widget\" data-widget_type=\"text-editor.default\">\n\t\t\t\t<div class=\"elementor-widget-container\">\n\t\t\t\t\t\t\t\t\t<p>We avoid the use of disposable plastic as much as possible. Even more, upon your arrival very special slippers awaits you in the room \u2013 slippers made of recycled felt, which will ensure a comfortable step around the hotel.<\/p>\n\t\t\t\t\t\t\t\t<\/div>\n\t\t\t\t<\/div>\n\t\t\t\t\t<\/div>\n\t\t<\/div>\n\t\t\t\t\t<\/div>\n\t\t<\/section>\n\t\t\t\t<section class=\"elementor-section elementor-inner-section elementor-element elementor-element-4c9ca4d elementor-section-boxed elementor-section-height-default elementor-section-height-default\" data-id=\"4c9ca4d\" data-element_type=\"section\" data-e-type=\"section\">\n\t\t\t\t\t\t<div class=\"elementor-container elementor-column-gap-wide\">\n\t\t\t\t\t<div class=\"elementor-column elementor-col-50 elementor-inner-column elementor-element elementor-element-98cf400 post-column-1\" data-id=\"98cf400\" data-element_type=\"column\" data-e-type=\"column\">\n\t\t\t<div class=\"elementor-widget-wrap elementor-element-populated\">\n\t\t\t\t\t\t<div data-dce-title-color=\"#1D1D1B\" class=\"elementor-element elementor-element-a415026 elementor-widget elementor-widget-heading\" data-id=\"a415026\" data-element_type=\"widget\" data-e-type=\"widget\" data-widget_type=\"heading.default\">\n\t\t\t\t<div class=\"elementor-widget-container\">\n\t\t\t\t\t<h2 class=\"elementor-heading-title elementor-size-default\">Local<\/h2>\t\t\t\t<\/div>\n\t\t\t\t<\/div>\n\t\t\t\t<div class=\"elementor-element elementor-element-d360780 elementor-widget elementor-widget-text-editor\" data-id=\"d360780\" data-element_type=\"widget\" data-e-type=\"widget\" data-widget_type=\"text-editor.default\">\n\t\t\t\t<div class=\"elementor-widget-container\">\n\t\t\t\t\t\t\t\t\t<p>We strive to connect with local suppliers and thus strengthen the local economy. You won\u2019t miss finest local products, also those certified under the From Bohinj sign.<\/p>\n\t\t\t\t\t\t\t\t<\/div>\n\t\t\t\t<\/div>\n\t\t\t\t\t<\/div>\n\t\t<\/div>\n\t\t\t\t<div class=\"elementor-column elementor-col-50 elementor-inner-column elementor-element elementor-element-d5a9353 post-column-1\" data-id=\"d5a9353\" data-element_type=\"column\" data-e-type=\"column\">\n\t\t\t<div class=\"elementor-widget-wrap elementor-element-populated\">\n\t\t\t\t\t\t<div class=\"elementor-element elementor-element-16c16e2 dc-has-condition dc-condition-not_empty dce_masking-none elementor-widget elementor-widget-image\" data-id=\"16c16e2\" data-element_type=\"widget\" data-e-type=\"widget\" data-widget_type=\"image.default\">\n\t\t\t\t<div class=\"elementor-widget-container\">\n\t\t\t\t\t\t\t\t\t\t\t\t\t\t\t<img loading=\"lazy\" decoding=\"async\" width=\"553\" height=\"640\" src=\"https:\/\/hotelbohinj.si\/wp-content\/uploads\/2023\/05\/Hotel-Bohinj-julij-2021-Foto-Ziga-Intihar-137.jpg\" class=\"attachment-large size-large wp-image-6611\" alt=\"hotel bohinj Kme\u010dki kro\u017enik z razli\u010dnimi siri, orehi, narezano hru\u0161ko, \u010drnim grozdjem, rezino pr\u0161uta in poprovimi zrni na leseni mizi. V ozadju je kozarec z rde\u010do etiketo.\" srcset=\"https:\/\/hotelbohinj.si\/wp-content\/uploads\/2023\/05\/Hotel-Bohinj-julij-2021-Foto-Ziga-Intihar-137.jpg 553w, https:\/\/hotelbohinj.si\/wp-content\/uploads\/2023\/05\/Hotel-Bohinj-julij-2021-Foto-Ziga-Intihar-137-259x300.jpg 259w\" sizes=\"(max-width: 553px) 100vw, 553px\" \/>\t\t\t\t\t\t\t\t\t\t\t\t\t\t\t<\/div>\n\t\t\t\t<\/div>\n\t\t\t\t\t<\/div>\n\t\t<\/div>\n\t\t\t\t\t<\/div>\n\t\t<\/section>\n\t\t\t\t<section class=\"elementor-section elementor-inner-section elementor-element elementor-element-8c3af02 elementor-reverse-mobile elementor-section-boxed elementor-section-height-default elementor-section-height-default\" data-id=\"8c3af02\" data-element_type=\"section\" data-e-type=\"section\">\n\t\t\t\t\t\t<div class=\"elementor-container elementor-column-gap-wide\">\n\t\t\t\t\t<div class=\"elementor-column elementor-col-50 elementor-inner-column elementor-element elementor-element-18a932b post-column-1\" data-id=\"18a932b\" data-element_type=\"column\" data-e-type=\"column\">\n\t\t\t<div class=\"elementor-widget-wrap elementor-element-populated\">\n\t\t\t\t\t\t<div class=\"elementor-element elementor-element-7af5c2e dc-has-condition dc-condition-not_empty dce_masking-none elementor-widget elementor-widget-image\" data-id=\"7af5c2e\" data-element_type=\"widget\" data-e-type=\"widget\" data-widget_type=\"image.default\">\n\t\t\t\t<div class=\"elementor-widget-container\">\n\t\t\t\t\t\t\t\t\t\t\t\t\t\t\t<img loading=\"lazy\" decoding=\"async\" width=\"800\" height=\"800\" src=\"https:\/\/hotelbohinj.si\/wp-content\/uploads\/2023\/05\/Eko-Marjetica-1024x1024.png\" class=\"attachment-large size-large wp-image-6609\" alt=\"hotel bohinj Sodobna, energetsko u\u010dinkovita stavba z osvetljenimi okni ob mraku, s kro\u017enim zunanjim ognji\u0161\u010dem in ve\u010dnadstropnimi sede\u017ei ter logotipom znaka EU za okolje v kotu.\" srcset=\"https:\/\/hotelbohinj.si\/wp-content\/uploads\/2023\/05\/Eko-Marjetica-1024x1024.png 1024w, https:\/\/hotelbohinj.si\/wp-content\/uploads\/2023\/05\/Eko-Marjetica-300x300.png 300w, https:\/\/hotelbohinj.si\/wp-content\/uploads\/2023\/05\/Eko-Marjetica-150x150.png 150w, https:\/\/hotelbohinj.si\/wp-content\/uploads\/2023\/05\/Eko-Marjetica-768x768.png 768w, https:\/\/hotelbohinj.si\/wp-content\/uploads\/2023\/05\/Eko-Marjetica.png 1080w\" sizes=\"(max-width: 800px) 100vw, 800px\" \/>\t\t\t\t\t\t\t\t\t\t\t\t\t\t\t<\/div>\n\t\t\t\t<\/div>\n\t\t\t\t\t<\/div>\n\t\t<\/div>\n\t\t\t\t<div class=\"elementor-column elementor-col-50 elementor-inner-column elementor-element elementor-element-56b4e68 post-column-1\" data-id=\"56b4e68\" data-element_type=\"column\" data-e-type=\"column\">\n\t\t\t<div class=\"elementor-widget-wrap elementor-element-populated\">\n\t\t\t\t\t\t<div data-dce-title-color=\"#1D1D1B\" class=\"elementor-element elementor-element-f28d12b elementor-widget elementor-widget-heading\" data-id=\"f28d12b\" data-element_type=\"widget\" data-e-type=\"widget\" data-widget_type=\"heading.default\">\n\t\t\t\t<div class=\"elementor-widget-container\">\n\t\t\t\t\t<h2 class=\"elementor-heading-title elementor-size-default\">Ecolabel certificate<\/h2>\t\t\t\t<\/div>\n\t\t\t\t<\/div>\n\t\t\t\t<div class=\"elementor-element elementor-element-145db9c elementor-widget elementor-widget-text-editor\" data-id=\"145db9c\" data-element_type=\"widget\" data-e-type=\"widget\" data-widget_type=\"text-editor.default\">\n\t\t\t\t<div class=\"elementor-widget-container\">\n\t\t\t\t\t\t\t\t\t<p>Did you know that Hotel Bohinj holds the Ecolabel certificate?<\/p>\n<p>Since the renovation process, Hotel Bohinj has been following sustainable principles. Therefore, the process of obtaining the Ecolabel certificate was a logical step. This certificate is only awarded to tourist accommodation providers, who consider and apply high sustainability standards in all processes of their operation.<\/p>\n<p>There are quite a few environmental certificates, however, the procedure for obtaining Ecolabel is considered one of the more demanding, as many indicators relating to energy, water saving, management, waste reduction, and communicating all this information to guests must be fulfilled.<\/p>\n<p>We are pleased to officially receive this certificate for high quality, environmental effectiveness, and ecological efficiency.<\/p>\n\t\t\t\t\t\t\t\t<\/div>\n\t\t\t\t<\/div>\n\t\t\t\t\t<\/div>\n\t\t<\/div>\n\t\t\t\t\t<\/div>\n\t\t<\/section>\n\t\t\t\t\t<\/div>\n\t\t<\/div>\n\t\t\t\t\t<\/div>\n\t\t<\/section>\n\t\t\t\t<\/div>\n\t\t","protected":false},"excerpt":{"rendered":"<p>HOTEL BOHINJ The idyllic alpine world with the image of Lake Bohinj, nestled among the high mountains, reflects the architectural and atmospheric story of the hotel that offers its guests complete enjoyment in a wide-open space. A space that breathes and spoils us with the story of Mt Triglav, traditional hayracks, and four brave men. [&hellip;]<\/p>\n","protected":false},"author":1,"featured_media":12918,"parent":0,"menu_order":0,"comment_status":"closed","ping_status":"closed","template":"","meta":{"_acf_changed":false,"inline_featured_image":false,"footnotes":""},"class_list":["post-8954","page","type-page","status-publish","has-post-thumbnail","hentry"],"acf":[],"_links":{"self":[{"href":"https:\/\/hotelbohinj.si\/en\/wp-json\/wp\/v2\/pages\/8954","targetHints":{"allow":["GET"]}}],"collection":[{"href":"https:\/\/hotelbohinj.si\/en\/wp-json\/wp\/v2\/pages"}],"about":[{"href":"https:\/\/hotelbohinj.si\/en\/wp-json\/wp\/v2\/types\/page"}],"author":[{"embeddable":true,"href":"https:\/\/hotelbohinj.si\/en\/wp-json\/wp\/v2\/users\/1"}],"replies":[{"embeddable":true,"href":"https:\/\/hotelbohinj.si\/en\/wp-json\/wp\/v2\/comments?post=8954"}],"version-history":[{"count":0,"href":"https:\/\/hotelbohinj.si\/en\/wp-json\/wp\/v2\/pages\/8954\/revisions"}],"wp:featuredmedia":[{"embeddable":true,"href":"https:\/\/hotelbohinj.si\/en\/wp-json\/wp\/v2\/media\/12918"}],"wp:attachment":[{"href":"https:\/\/hotelbohinj.si\/en\/wp-json\/wp\/v2\/media?parent=8954"}],"curies":[{"name":"wp","href":"https:\/\/api.w.org\/{rel}","templated":true}]}}