{"id":12547,"date":"2023-07-26T21:43:27","date_gmt":"2023-07-26T19:43:27","guid":{"rendered":"https:\/\/hotelbohinj.si\/03-1-cuisine\/bohinj-cake\/"},"modified":"2025-06-09T15:38:57","modified_gmt":"2025-06-09T13:38:57","slug":"bohinj-cake","status":"publish","type":"page","link":"https:\/\/hotelbohinj.si\/en\/cuisine\/bohinj-cake\/","title":{"rendered":"Bohinj Cake"},"content":{"rendered":"\t\t<div data-elementor-type=\"wp-page\" data-elementor-id=\"12547\" class=\"elementor elementor-12547 elementor-12491\" data-elementor-post-type=\"page\">\n\t\t\t\t\t\t<section class=\"elementor-section elementor-top-section elementor-element elementor-element-3cfd1dec elementor-section-boxed elementor-section-height-default elementor-section-height-default\" data-id=\"3cfd1dec\" data-element_type=\"section\" data-e-type=\"section\" data-settings=\"{&quot;background_background&quot;:&quot;classic&quot;}\">\n\t\t\t\t\t\t<div class=\"elementor-container elementor-column-gap-default\">\n\t\t\t\t\t<div class=\"elementor-column elementor-col-100 elementor-top-column elementor-element elementor-element-5c1fac1b\" data-id=\"5c1fac1b\" data-element_type=\"column\" data-e-type=\"column\">\n\t\t\t<div class=\"elementor-widget-wrap elementor-element-populated\">\n\t\t\t\t\t\t<div class=\"elementor-element elementor-element-564b6f elementor-widget elementor-widget-heading\" data-id=\"564b6f\" data-element_type=\"widget\" data-e-type=\"widget\" data-widget_type=\"heading.default\">\n\t\t\t\t<div class=\"elementor-widget-container\">\n\t\t\t\t\t<h1 class=\"elementor-heading-title elementor-size-default\">Bohinj Cake<\/h1>\t\t\t\t<\/div>\n\t\t\t\t<\/div>\n\t\t\t\t<div class=\"elementor-element elementor-element-74b3141f elementor-widget elementor-widget-text-editor\" data-id=\"74b3141f\" data-element_type=\"widget\" data-e-type=\"widget\" data-widget_type=\"text-editor.default\">\n\t\t\t\t<div class=\"elementor-widget-container\">\n\t\t\t\t\t\t\t\t\t<p>Sweet revival at Hotel Bohinj.<\/p>\n\t\t\t\t\t\t\t\t<\/div>\n\t\t\t\t<\/div>\n\t\t\t\t\t<\/div>\n\t\t<\/div>\n\t\t\t\t\t<\/div>\n\t\t<\/section>\n\t\t\t\t<section data-dce-background-image-url=\"https:\/\/hotelbohinj.si\/wp-content\/uploads\/2022\/06\/ozadje_stricki_3procente.png\" class=\"elementor-section elementor-top-section elementor-element elementor-element-73045fa4 elementor-section-boxed elementor-section-height-default elementor-section-height-default\" data-id=\"73045fa4\" data-element_type=\"section\" data-e-type=\"section\" data-settings=\"{&quot;background_background&quot;:&quot;classic&quot;}\">\n\t\t\t\t\t\t<div class=\"elementor-container elementor-column-gap-default\">\n\t\t\t\t\t<div class=\"elementor-column elementor-col-100 elementor-top-column elementor-element elementor-element-2ecc859f post-column-1\" data-id=\"2ecc859f\" data-element_type=\"column\" data-e-type=\"column\">\n\t\t\t<div class=\"elementor-widget-wrap elementor-element-populated\">\n\t\t\t\t\t\t<section class=\"elementor-section elementor-inner-section elementor-element elementor-element-7f8e02b2 elementor-section-boxed elementor-section-height-default elementor-section-height-default\" data-id=\"7f8e02b2\" data-element_type=\"section\" data-e-type=\"section\">\n\t\t\t\t\t\t<div class=\"elementor-container elementor-column-gap-wide\">\n\t\t\t\t\t<div class=\"elementor-column elementor-col-50 elementor-inner-column elementor-element elementor-element-6feca2aa post-column-1\" data-id=\"6feca2aa\" data-element_type=\"column\" data-e-type=\"column\">\n\t\t\t<div class=\"elementor-widget-wrap elementor-element-populated\">\n\t\t\t\t\t\t<div class=\"elementor-element elementor-element-380938f8 dce_masking-none elementor-widget elementor-widget-image\" data-id=\"380938f8\" data-element_type=\"widget\" data-e-type=\"widget\" data-widget_type=\"image.default\">\n\t\t\t\t<div class=\"elementor-widget-container\">\n\t\t\t\t\t\t\t\t\t\t\t\t\t\t\t<img fetchpriority=\"high\" decoding=\"async\" width=\"1200\" height=\"960\" src=\"https:\/\/hotelbohinj.si\/wp-content\/uploads\/2023\/10\/Hotel_Bohinj_CharlotteGarrousse_20230924_212149.jpg\" class=\"attachment-full size-full wp-image-15327\" alt=\"hotel bohinj Ob kozarcu limonine vode in majhni okrogli \u010dokoladni sladici z okrasnim prelivom, postre\u017eeni na pravokotnem kro\u017eniku na leseni mizi, oseba z roko dr\u017ei \u017elico.\" srcset=\"https:\/\/hotelbohinj.si\/wp-content\/uploads\/2023\/10\/Hotel_Bohinj_CharlotteGarrousse_20230924_212149.jpg 1200w, https:\/\/hotelbohinj.si\/wp-content\/uploads\/2023\/10\/Hotel_Bohinj_CharlotteGarrousse_20230924_212149-300x240.jpg 300w, https:\/\/hotelbohinj.si\/wp-content\/uploads\/2023\/10\/Hotel_Bohinj_CharlotteGarrousse_20230924_212149-1024x819.jpg 1024w, https:\/\/hotelbohinj.si\/wp-content\/uploads\/2023\/10\/Hotel_Bohinj_CharlotteGarrousse_20230924_212149-768x614.jpg 768w\" sizes=\"(max-width: 1200px) 100vw, 1200px\" \/>\t\t\t\t\t\t\t\t\t\t\t\t\t\t\t<\/div>\n\t\t\t\t<\/div>\n\t\t\t\t\t<\/div>\n\t\t<\/div>\n\t\t\t\t<div class=\"elementor-column elementor-col-50 elementor-inner-column elementor-element elementor-element-722ba8ed post-column-1\" data-id=\"722ba8ed\" data-element_type=\"column\" data-e-type=\"column\">\n\t\t\t<div class=\"elementor-widget-wrap elementor-element-populated\">\n\t\t\t\t\t\t<div class=\"elementor-element elementor-element-dc540eb elementor-widget elementor-widget-text-editor\" data-id=\"dc540eb\" data-element_type=\"widget\" data-e-type=\"widget\" data-widget_type=\"text-editor.default\">\n\t\t\t\t<div class=\"elementor-widget-container\">\n\t\t\t\t\t\t\t\t\t<p>Bohinj Cake is a refined blend of flavors and textures that will take you on a sweet culinary journey. The foundation of the cake is a moist almond and walnut sponge, generously layered with a delicious chocolate cream. <\/p>\n<p>With every bite of Bohinj Cake, you will not only taste excellence but also feel the love for tradition. This cake represents our rich culinary heritage and is based on a recipe revived by renowned Slovenian ethnologist, Professor Dr. Janez Bogataj.  We aspire for Bohinj Cake to become a symbol of our hotel and beyond \u2013 a symbol of the place you visit.<\/p>\n<p>This dessert will bring you closer to the soul of Bohinj, its beauty, and its rich culture. We are confident that every bite of this cake will evoke a sense of homeliness and pleasure for the travelers. <\/p>\n<p><b>Bohinj cake is served in the restaurant of Hotel Bohinj. <\/b>For groups and special events, we provide the choice of ordering either a larger or mini version.<\/p>\t\t\t\t\t\t\t\t<\/div>\n\t\t\t\t<\/div>\n\t\t\t\t<div data-dce-background-color=\"#00000000\" class=\"elementor-element elementor-element-1de0e34 elementor-widget elementor-widget-button\" data-id=\"1de0e34\" data-element_type=\"widget\" data-e-type=\"widget\" data-widget_type=\"button.default\">\n\t\t\t\t<div class=\"elementor-widget-container\">\n\t\t\t\t\t\t\t\t\t<div class=\"elementor-button-wrapper\">\n\t\t\t\t\t<a class=\"elementor-button elementor-button-link elementor-size-md\" href=\"#elementor-action%3Aaction%3Dpopup%3Aopen%26settings%3DeyJpZCI6MTQ0MDAsInRvZ2dsZSI6ZmFsc2V9\">\n\t\t\t\t\t\t<span class=\"elementor-button-content-wrapper\">\n\t\t\t\t\t\t\t\t\t<span class=\"elementor-button-text\">I'd like something sweet<\/span>\n\t\t\t\t\t<\/span>\n\t\t\t\t\t<\/a>\n\t\t\t\t<\/div>\n\t\t\t\t\t\t\t\t<\/div>\n\t\t\t\t<\/div>\n\t\t\t\t\t<\/div>\n\t\t<\/div>\n\t\t\t\t\t<\/div>\n\t\t<\/section>\n\t\t\t\t\t<\/div>\n\t\t<\/div>\n\t\t\t\t\t<\/div>\n\t\t<\/section>\n\t\t\t\t<\/div>\n\t\t","protected":false},"excerpt":{"rendered":"<p>Sweet revival at Hotel Bohinj. Bohinj Cake is a refined blend of flavors and textures that will take you on a sweet culinary journey. The foundation of the cake is a moist almond and walnut sponge, generously layered with a delicious chocolate cream. With every bite of Bohinj Cake, you will not only taste excellence [&hellip;]<\/p>\n","protected":false},"author":1,"featured_media":15327,"parent":8960,"menu_order":0,"comment_status":"closed","ping_status":"closed","template":"","meta":{"_acf_changed":false,"inline_featured_image":false,"footnotes":""},"class_list":["post-12547","page","type-page","status-publish","has-post-thumbnail","hentry"],"acf":[],"_links":{"self":[{"href":"https:\/\/hotelbohinj.si\/en\/wp-json\/wp\/v2\/pages\/12547","targetHints":{"allow":["GET"]}}],"collection":[{"href":"https:\/\/hotelbohinj.si\/en\/wp-json\/wp\/v2\/pages"}],"about":[{"href":"https:\/\/hotelbohinj.si\/en\/wp-json\/wp\/v2\/types\/page"}],"author":[{"embeddable":true,"href":"https:\/\/hotelbohinj.si\/en\/wp-json\/wp\/v2\/users\/1"}],"replies":[{"embeddable":true,"href":"https:\/\/hotelbohinj.si\/en\/wp-json\/wp\/v2\/comments?post=12547"}],"version-history":[{"count":0,"href":"https:\/\/hotelbohinj.si\/en\/wp-json\/wp\/v2\/pages\/12547\/revisions"}],"up":[{"embeddable":true,"href":"https:\/\/hotelbohinj.si\/en\/wp-json\/wp\/v2\/pages\/8960"}],"wp:featuredmedia":[{"embeddable":true,"href":"https:\/\/hotelbohinj.si\/en\/wp-json\/wp\/v2\/media\/15327"}],"wp:attachment":[{"href":"https:\/\/hotelbohinj.si\/en\/wp-json\/wp\/v2\/media?parent=12547"}],"curies":[{"name":"wp","href":"https:\/\/api.w.org\/{rel}","templated":true}]}}