{"id":18600,"date":"2023-05-17T09:57:51","date_gmt":"2023-05-17T07:57:51","guid":{"rendered":"https:\/\/hotelbohinj.si\/sitzungen\/"},"modified":"2025-07-20T22:38:29","modified_gmt":"2025-07-20T20:38:29","slug":"sitzungen","status":"publish","type":"page","link":"https:\/\/hotelbohinj.si\/de\/sitzungen\/","title":{"rendered":"Sitzungen"},"content":{"rendered":"\t\t<div data-elementor-type=\"wp-page\" data-elementor-id=\"18600\" class=\"elementor elementor-18600 elementor-8989\" data-elementor-post-type=\"page\">\n\t\t\t\t\t\t<section class=\"elementor-section elementor-top-section elementor-element elementor-element-48c0c82c elementor-section-boxed elementor-section-height-default elementor-section-height-default\" data-id=\"48c0c82c\" data-element_type=\"section\" data-e-type=\"section\" data-settings=\"{&quot;background_background&quot;:&quot;classic&quot;}\">\n\t\t\t\t\t\t<div class=\"elementor-container elementor-column-gap-default\">\n\t\t\t\t\t<div class=\"elementor-column elementor-col-100 elementor-top-column elementor-element elementor-element-516351d4\" data-id=\"516351d4\" data-element_type=\"column\" data-e-type=\"column\">\n\t\t\t<div class=\"elementor-widget-wrap elementor-element-populated\">\n\t\t\t\t\t\t<div class=\"elementor-element elementor-element-6a5b869a elementor-widget elementor-widget-heading\" data-id=\"6a5b869a\" data-element_type=\"widget\" data-e-type=\"widget\" data-widget_type=\"heading.default\">\n\t\t\t\t<div class=\"elementor-widget-container\">\n\t\t\t\t\t<h2 class=\"elementor-heading-title elementor-size-default\">Sitzungen<\/h2>\t\t\t\t<\/div>\n\t\t\t\t<\/div>\n\t\t\t\t<div class=\"elementor-element elementor-element-780b710 elementor-widget elementor-widget-text-editor\" data-id=\"780b710\" data-element_type=\"widget\" data-e-type=\"widget\" data-widget_type=\"text-editor.default\">\n\t\t\t\t<div class=\"elementor-widget-container\">\n\t\t\t\t\t\t\t\t\tUnser Garten bietet eine au\u00dfergew\u00f6hnliche Atmosph\u00e4re f\u00fcr gesch\u00e4ftliche Anl\u00e4sse, und mehrere Innenr\u00e4ume stehen f\u00fcr eine Vielzahl von Veranstaltungen f\u00fcr Unternehmen, Gruppen, Bildungseinrichtungen oder Ihre Gesch\u00e4ftspartner zur Verf\u00fcgung. Zusammen mit Ihnen werden wir mit Sicherheit einen ausgezeichneten und unvergesslichen Eindruck hinterlassen. \t\t\t\t\t\t\t\t<\/div>\n\t\t\t\t<\/div>\n\t\t\t\t<div class=\"elementor-element elementor-element-7f74157 elementor-align-center elementor-widget elementor-widget-button\" data-id=\"7f74157\" data-element_type=\"widget\" data-e-type=\"widget\" data-widget_type=\"button.default\">\n\t\t\t\t<div class=\"elementor-widget-container\">\n\t\t\t\t\t\t\t\t\t<div class=\"elementor-button-wrapper\">\n\t\t\t\t\t<a class=\"elementor-button elementor-button-link elementor-size-md\" href=\"https:\/\/hotelbohinj.si\/poslovni-dogodki\/mice-povprasevanje\/\">\n\t\t\t\t\t\t<span class=\"elementor-button-content-wrapper\">\n\t\t\t\t\t\t\t\t\t<span class=\"elementor-button-text\">MICE \u2013 Anfragen<\/span>\n\t\t\t\t\t<\/span>\n\t\t\t\t\t<\/a>\n\t\t\t\t<\/div>\n\t\t\t\t\t\t\t\t<\/div>\n\t\t\t\t<\/div>\n\t\t\t\t\t<\/div>\n\t\t<\/div>\n\t\t\t\t\t<\/div>\n\t\t<\/section>\n\t\t\t\t<section data-dce-background-image-url=\"https:\/\/hotelbohinj.si\/wp-content\/uploads\/2022\/06\/ozadje_stricki_3procente.png\" class=\"elementor-section elementor-top-section elementor-element elementor-element-5c22062c elementor-section-boxed elementor-section-height-default elementor-section-height-default\" data-id=\"5c22062c\" data-element_type=\"section\" data-e-type=\"section\" data-settings=\"{&quot;background_background&quot;:&quot;classic&quot;}\">\n\t\t\t\t\t\t<div class=\"elementor-container elementor-column-gap-default\">\n\t\t\t\t\t<div class=\"elementor-column elementor-col-100 elementor-top-column elementor-element elementor-element-7ecf5d91 post-column-1\" data-id=\"7ecf5d91\" data-element_type=\"column\" data-e-type=\"column\">\n\t\t\t<div class=\"elementor-widget-wrap elementor-element-populated\">\n\t\t\t\t\t\t<section class=\"elementor-section elementor-inner-section elementor-element elementor-element-98930f7 elementor-reverse-mobile elementor-section-boxed elementor-section-height-default elementor-section-height-default\" data-id=\"98930f7\" data-element_type=\"section\" data-e-type=\"section\">\n\t\t\t\t\t\t<div class=\"elementor-container elementor-column-gap-wide\">\n\t\t\t\t\t<div class=\"elementor-column elementor-col-50 elementor-inner-column elementor-element elementor-element-6462e9b4 post-column-1\" data-id=\"6462e9b4\" data-element_type=\"column\" data-e-type=\"column\">\n\t\t\t<div class=\"elementor-widget-wrap elementor-element-populated\">\n\t\t\t\t\t\t<div class=\"elementor-element elementor-element-7a7aac16 dc-has-condition dc-condition-not_empty dce_masking-none elementor-widget elementor-widget-image\" data-id=\"7a7aac16\" data-element_type=\"widget\" data-e-type=\"widget\" data-widget_type=\"image.default\">\n\t\t\t\t<div class=\"elementor-widget-container\">\n\t\t\t\t\t\t\t\t\t\t\t\t\t\t\t<img fetchpriority=\"high\" decoding=\"async\" width=\"544\" height=\"630\" src=\"https:\/\/hotelbohinj.si\/wp-content\/uploads\/2023\/05\/konferencna-soba_Hotel-bohinj.jpeg\" class=\"attachment-large size-large wp-image-18602\" alt=\"hotel bohinj Ein moderner Konferenzraum mit Reihen wei\u00dfer Tische und schwarzer St\u00fchle vor einer Projektionsfl\u00e4che, mit Holzw\u00e4nden und Deckenplatten mit integrierter Beleuchtung. Der Raum ist leer und gut beleuchtet.\" srcset=\"https:\/\/hotelbohinj.si\/wp-content\/uploads\/2023\/05\/konferencna-soba_Hotel-bohinj.jpeg 544w, https:\/\/hotelbohinj.si\/wp-content\/uploads\/2023\/05\/konferencna-soba_Hotel-bohinj-259x300.jpeg 259w\" sizes=\"(max-width: 544px) 100vw, 544px\" \/>\t\t\t\t\t\t\t\t\t\t\t\t\t\t\t<\/div>\n\t\t\t\t<\/div>\n\t\t\t\t\t<\/div>\n\t\t<\/div>\n\t\t\t\t<div class=\"elementor-column elementor-col-50 elementor-inner-column elementor-element elementor-element-4453884e post-column-1\" data-id=\"4453884e\" data-element_type=\"column\" data-e-type=\"column\">\n\t\t\t<div class=\"elementor-widget-wrap elementor-element-populated\">\n\t\t\t\t\t\t<div class=\"elementor-element elementor-element-d53f20b elementor-widget elementor-widget-heading\" data-id=\"d53f20b\" data-element_type=\"widget\" data-e-type=\"widget\" data-widget_type=\"heading.default\">\n\t\t\t\t<div class=\"elementor-widget-container\">\n\t\t\t\t\t<h2 class=\"elementor-heading-title elementor-size-default\">Der Konferenzsaal<\/h2>\t\t\t\t<\/div>\n\t\t\t\t<\/div>\n\t\t\t\t<div class=\"elementor-element elementor-element-3a1d7f92 elementor-widget elementor-widget-text-editor\" data-id=\"3a1d7f92\" data-element_type=\"widget\" data-e-type=\"widget\" data-widget_type=\"text-editor.default\">\n\t\t\t\t<div class=\"elementor-widget-container\">\n\t\t\t\t\t\t\t\t\tUnser Konferenzsaal befindet sich im Erdgeschoss des Hotels und kann dank seiner vielf\u00e4ltigen Gestaltungsm\u00f6glichkeiten optimal an Ihre Veranstaltungen angepasst werden.\n\nMaximale Kapazit\u00e4t und Gestaltungsm\u00f6glichkeiten:\nU-Form: 26+\nKlassenzimmer: 30+\nTheater: 50\t\t\t\t\t\t\t\t<\/div>\n\t\t\t\t<\/div>\n\t\t\t\t\t<\/div>\n\t\t<\/div>\n\t\t\t\t\t<\/div>\n\t\t<\/section>\n\t\t\t\t<section class=\"elementor-section elementor-inner-section elementor-element elementor-element-43b0ac1 elementor-section-boxed elementor-section-height-default elementor-section-height-default\" data-id=\"43b0ac1\" data-element_type=\"section\" data-e-type=\"section\">\n\t\t\t\t\t\t<div class=\"elementor-container elementor-column-gap-wide\">\n\t\t\t\t\t<div class=\"elementor-column elementor-col-50 elementor-inner-column elementor-element elementor-element-f4497d1 post-column-1\" data-id=\"f4497d1\" data-element_type=\"column\" data-e-type=\"column\">\n\t\t\t<div class=\"elementor-widget-wrap elementor-element-populated\">\n\t\t\t\t\t\t<div class=\"elementor-element elementor-element-60d7727 elementor-widget elementor-widget-heading\" data-id=\"60d7727\" data-element_type=\"widget\" data-e-type=\"widget\" data-widget_type=\"heading.default\">\n\t\t\t\t<div class=\"elementor-widget-container\">\n\t\t\t\t\t<h2 class=\"elementor-heading-title elementor-size-default\">L\u00e4ndlicher Raum<\/h2>\t\t\t\t<\/div>\n\t\t\t\t<\/div>\n\t\t\t\t<div class=\"elementor-element elementor-element-2afc753 elementor-widget elementor-widget-text-editor\" data-id=\"2afc753\" data-element_type=\"widget\" data-e-type=\"widget\" data-widget_type=\"text-editor.default\">\n\t\t\t\t<div class=\"elementor-widget-container\">\n\t\t\t\t\t\t\t\t\tBei Gesch\u00e4ftstreffen, Schulungen oder Seminaren servieren wir Ihnen in unserem rustikalen Raum w\u00e4hrend der Kaffeepause Kaffee. Ideal f\u00fcr kleinere Empf\u00e4nge und \u00e4hnliche Anl\u00e4sse ist die Terrasse mit herrlichem Blick auf den Hotelgarten. \t\t\t\t\t\t\t\t<\/div>\n\t\t\t\t<\/div>\n\t\t\t\t\t<\/div>\n\t\t<\/div>\n\t\t\t\t<div class=\"elementor-column elementor-col-50 elementor-inner-column elementor-element elementor-element-1021759 post-column-1\" data-id=\"1021759\" data-element_type=\"column\" data-e-type=\"column\">\n\t\t\t<div class=\"elementor-widget-wrap elementor-element-populated\">\n\t\t\t\t\t\t<div class=\"elementor-element elementor-element-b9d7ed0 dc-has-condition dc-condition-not_empty dce_masking-none elementor-widget elementor-widget-image\" data-id=\"b9d7ed0\" data-element_type=\"widget\" data-e-type=\"widget\" data-widget_type=\"image.default\">\n\t\t\t\t<div class=\"elementor-widget-container\">\n\t\t\t\t\t\t\t\t\t\t\t\t\t\t\t<img decoding=\"async\" width=\"544\" height=\"630\" src=\"https:\/\/hotelbohinj.si\/wp-content\/uploads\/2023\/05\/kmecka-soba_Hotel-bohinj.jpeg\" class=\"attachment-large size-large wp-image-18603\" alt=\"hotel bohinj Ein gem\u00fctliches Holzzimmer mit W\u00e4nden, Boden, Decke und M\u00f6beln aus Naturholz. Geometrische Regale, ein Kuhfellteppich, runde Tische mit St\u00fchlen und dekorative Beleuchtung vervollst\u00e4ndigen den modernen, rustikalen Look.\" srcset=\"https:\/\/hotelbohinj.si\/wp-content\/uploads\/2023\/05\/kmecka-soba_Hotel-bohinj.jpeg 544w, https:\/\/hotelbohinj.si\/wp-content\/uploads\/2023\/05\/kmecka-soba_Hotel-bohinj-259x300.jpeg 259w\" sizes=\"(max-width: 544px) 100vw, 544px\" \/>\t\t\t\t\t\t\t\t\t\t\t\t\t\t\t<\/div>\n\t\t\t\t<\/div>\n\t\t\t\t\t<\/div>\n\t\t<\/div>\n\t\t\t\t\t<\/div>\n\t\t<\/section>\n\t\t\t\t<section class=\"elementor-section elementor-inner-section elementor-element elementor-element-6860eab elementor-reverse-mobile elementor-section-boxed elementor-section-height-default elementor-section-height-default\" data-id=\"6860eab\" data-element_type=\"section\" data-e-type=\"section\">\n\t\t\t\t\t\t<div class=\"elementor-container elementor-column-gap-wide\">\n\t\t\t\t\t<div class=\"elementor-column elementor-col-50 elementor-inner-column elementor-element elementor-element-8010c3f post-column-1\" data-id=\"8010c3f\" data-element_type=\"column\" data-e-type=\"column\">\n\t\t\t<div class=\"elementor-widget-wrap elementor-element-populated\">\n\t\t\t\t\t\t<div class=\"elementor-element elementor-element-9f0147d dc-has-condition dc-condition-not_empty dce_masking-none elementor-widget elementor-widget-image\" data-id=\"9f0147d\" data-element_type=\"widget\" data-e-type=\"widget\" data-widget_type=\"image.default\">\n\t\t\t\t<div class=\"elementor-widget-container\">\n\t\t\t\t\t\t\t\t\t\t\t\t\t\t\t<img decoding=\"async\" width=\"544\" height=\"630\" src=\"https:\/\/hotelbohinj.si\/wp-content\/uploads\/2023\/05\/restavracija_Hotel-Bohinj.jpeg\" class=\"attachment-large size-large wp-image-18604\" alt=\"hotel bohinj Ein warm beleuchtetes Restaurantinterieur mit Holztischen und -st\u00fchlen, jeder Tisch mit schwarzen Servietten, Geschirr und kleinen Vasen mit Trockenblumen gedeckt. Im Hintergrund sind Holzverkleidungen und gepolsterte Sitzgelegenheiten zu sehen.\" srcset=\"https:\/\/hotelbohinj.si\/wp-content\/uploads\/2023\/05\/restavracija_Hotel-Bohinj.jpeg 544w, https:\/\/hotelbohinj.si\/wp-content\/uploads\/2023\/05\/restavracija_Hotel-Bohinj-259x300.jpeg 259w\" sizes=\"(max-width: 544px) 100vw, 544px\" \/>\t\t\t\t\t\t\t\t\t\t\t\t\t\t\t<\/div>\n\t\t\t\t<\/div>\n\t\t\t\t\t<\/div>\n\t\t<\/div>\n\t\t\t\t<div class=\"elementor-column elementor-col-50 elementor-inner-column elementor-element elementor-element-89a2fad post-column-1\" data-id=\"89a2fad\" data-element_type=\"column\" data-e-type=\"column\">\n\t\t\t<div class=\"elementor-widget-wrap elementor-element-populated\">\n\t\t\t\t\t\t<div class=\"elementor-element elementor-element-96d5f24 elementor-widget elementor-widget-heading\" data-id=\"96d5f24\" data-element_type=\"widget\" data-e-type=\"widget\" data-widget_type=\"heading.default\">\n\t\t\t\t<div class=\"elementor-widget-container\">\n\t\t\t\t\t<h2 class=\"elementor-heading-title elementor-size-default\">Restaurant<\/h2>\t\t\t\t<\/div>\n\t\t\t\t<\/div>\n\t\t\t\t<div class=\"elementor-element elementor-element-f2b8a82 elementor-widget elementor-widget-text-editor\" data-id=\"f2b8a82\" data-element_type=\"widget\" data-e-type=\"widget\" data-widget_type=\"text-editor.default\">\n\t\t\t\t<div class=\"elementor-widget-container\">\n\t\t\t\t\t\t\t\t\tF\u00fcr gesch\u00e4ftliche oder gesellschaftliche Anl\u00e4sse, verschiedene Feiern und andere gro\u00dfe oder kleine Veranstaltungen ist unser Restaurant der ideale Ort. In angenehmer Atmosph\u00e4re bereiten wir auch Mittagsbuffets zu. \t\t\t\t\t\t\t\t<\/div>\n\t\t\t\t<\/div>\n\t\t\t\t\t<\/div>\n\t\t<\/div>\n\t\t\t\t\t<\/div>\n\t\t<\/section>\n\t\t\t\t<section class=\"elementor-section elementor-inner-section elementor-element elementor-element-4447b5a elementor-section-boxed elementor-section-height-default elementor-section-height-default\" data-id=\"4447b5a\" data-element_type=\"section\" data-e-type=\"section\">\n\t\t\t\t\t\t<div class=\"elementor-container elementor-column-gap-wide\">\n\t\t\t\t\t<div class=\"elementor-column elementor-col-50 elementor-inner-column elementor-element elementor-element-5cceb62 post-column-1\" data-id=\"5cceb62\" data-element_type=\"column\" data-e-type=\"column\">\n\t\t\t<div class=\"elementor-widget-wrap elementor-element-populated\">\n\t\t\t\t\t\t<div class=\"elementor-element elementor-element-421378b elementor-widget elementor-widget-heading\" data-id=\"421378b\" data-element_type=\"widget\" data-e-type=\"widget\" data-widget_type=\"heading.default\">\n\t\t\t\t<div class=\"elementor-widget-container\">\n\t\t\t\t\t<h2 class=\"elementor-heading-title elementor-size-default\">Club<\/h2>\t\t\t\t<\/div>\n\t\t\t\t<\/div>\n\t\t\t\t<div class=\"elementor-element elementor-element-1c330aa elementor-widget elementor-widget-text-editor\" data-id=\"1c330aa\" data-element_type=\"widget\" data-e-type=\"widget\" data-widget_type=\"text-editor.default\">\n\t\t\t\t<div class=\"elementor-widget-container\">\n\t\t\t\t\t\t\t\t\tUnser Nachtclub ist der ideale Ort, um eine private Feier zu organisieren, sich bei einer Weinprobe verw\u00f6hnen zu lassen oder f\u00fcr jede Art von Abendveranstaltung.\t\t\t\t\t\t\t\t<\/div>\n\t\t\t\t<\/div>\n\t\t\t\t\t<\/div>\n\t\t<\/div>\n\t\t\t\t<div class=\"elementor-column elementor-col-50 elementor-inner-column elementor-element elementor-element-e2cb474 post-column-1\" data-id=\"e2cb474\" data-element_type=\"column\" data-e-type=\"column\">\n\t\t\t<div class=\"elementor-widget-wrap elementor-element-populated\">\n\t\t\t\t\t\t<div class=\"elementor-element elementor-element-96adc2d dc-has-condition dc-condition-not_empty dce_masking-none elementor-widget elementor-widget-image\" data-id=\"96adc2d\" data-element_type=\"widget\" data-e-type=\"widget\" data-widget_type=\"image.default\">\n\t\t\t\t<div class=\"elementor-widget-container\">\n\t\t\t\t\t\t\t\t\t\t\t\t\t\t\t<img loading=\"lazy\" decoding=\"async\" width=\"544\" height=\"630\" src=\"https:\/\/hotelbohinj.si\/wp-content\/uploads\/2023\/05\/club-hotel-bohinj.jpeg\" class=\"attachment-large size-large wp-image-6531\" alt=\"\" srcset=\"https:\/\/hotelbohinj.si\/wp-content\/uploads\/2023\/05\/club-hotel-bohinj.jpeg 544w, https:\/\/hotelbohinj.si\/wp-content\/uploads\/2023\/05\/club-hotel-bohinj-259x300.jpeg 259w\" sizes=\"(max-width: 544px) 100vw, 544px\" \/>\t\t\t\t\t\t\t\t\t\t\t\t\t\t\t<\/div>\n\t\t\t\t<\/div>\n\t\t\t\t\t<\/div>\n\t\t<\/div>\n\t\t\t\t\t<\/div>\n\t\t<\/section>\n\t\t\t\t<section class=\"elementor-section elementor-inner-section elementor-element elementor-element-fd94dfd elementor-reverse-mobile elementor-section-boxed elementor-section-height-default elementor-section-height-default\" data-id=\"fd94dfd\" data-element_type=\"section\" data-e-type=\"section\">\n\t\t\t\t\t\t<div class=\"elementor-container elementor-column-gap-wide\">\n\t\t\t\t\t<div class=\"elementor-column elementor-col-50 elementor-inner-column elementor-element elementor-element-210f7ba post-column-1\" data-id=\"210f7ba\" data-element_type=\"column\" data-e-type=\"column\">\n\t\t\t<div class=\"elementor-widget-wrap elementor-element-populated\">\n\t\t\t\t\t\t<div class=\"elementor-element elementor-element-1c94f49 dc-has-condition dc-condition-not_empty dce_masking-none elementor-widget elementor-widget-image\" data-id=\"1c94f49\" data-element_type=\"widget\" data-e-type=\"widget\" data-widget_type=\"image.default\">\n\t\t\t\t<div class=\"elementor-widget-container\">\n\t\t\t\t\t\t\t\t\t\t\t\t\t\t\t<img loading=\"lazy\" decoding=\"async\" width=\"544\" height=\"630\" src=\"https:\/\/hotelbohinj.si\/wp-content\/uploads\/2023\/05\/vrt_Hotel-bohinj.jpeg\" class=\"attachment-large size-large wp-image-18605\" alt=\"hotel bohinj Veranstaltung im Freien mit Lichterketten, Stehtischen und Sitzgelegenheiten aus Holzpaletten auf einer Wiese, umgeben von B\u00e4umen, Bergen im Hintergrund und einem wolkenverhangenen Himmel \u00fcber dem Kopf.\" srcset=\"https:\/\/hotelbohinj.si\/wp-content\/uploads\/2023\/05\/vrt_Hotel-bohinj.jpeg 544w, https:\/\/hotelbohinj.si\/wp-content\/uploads\/2023\/05\/vrt_Hotel-bohinj-259x300.jpeg 259w\" sizes=\"(max-width: 544px) 100vw, 544px\" \/>\t\t\t\t\t\t\t\t\t\t\t\t\t\t\t<\/div>\n\t\t\t\t<\/div>\n\t\t\t\t\t<\/div>\n\t\t<\/div>\n\t\t\t\t<div class=\"elementor-column elementor-col-50 elementor-inner-column elementor-element elementor-element-82513df post-column-1\" data-id=\"82513df\" data-element_type=\"column\" data-e-type=\"column\">\n\t\t\t<div class=\"elementor-widget-wrap elementor-element-populated\">\n\t\t\t\t\t\t<div class=\"elementor-element elementor-element-74624f0 elementor-widget elementor-widget-heading\" data-id=\"74624f0\" data-element_type=\"widget\" data-e-type=\"widget\" data-widget_type=\"heading.default\">\n\t\t\t\t<div class=\"elementor-widget-container\">\n\t\t\t\t\t<h2 class=\"elementor-heading-title elementor-size-default\">Garten<\/h2>\t\t\t\t<\/div>\n\t\t\t\t<\/div>\n\t\t\t\t<div class=\"elementor-element elementor-element-736f4a1 elementor-widget elementor-widget-text-editor\" data-id=\"736f4a1\" data-element_type=\"widget\" data-e-type=\"widget\" data-widget_type=\"text-editor.default\">\n\t\t\t\t<div class=\"elementor-widget-container\">\n\t\t\t\t\t\t\t\t\tEin gro\u00dfz\u00fcgiger Garten mit einer Feuerstelle im Freien ist eine wunderbare Wahl f\u00fcr entspannte Veranstaltungen und verschiedene Zusammenk\u00fcnfte im Freien. Mit seiner magischen Atmosph\u00e4re eignet er sich auch hervorragend f\u00fcr verschiedene Feiern und Abendveranstaltungen. \t\t\t\t\t\t\t\t<\/div>\n\t\t\t\t<\/div>\n\t\t\t\t\t<\/div>\n\t\t<\/div>\n\t\t\t\t\t<\/div>\n\t\t<\/section>\n\t\t\t\t\t<\/div>\n\t\t<\/div>\n\t\t\t\t\t<\/div>\n\t\t<\/section>\n\t\t\t\t<section class=\"elementor-section elementor-top-section elementor-element elementor-element-17b69d7f elementor-section-boxed elementor-section-height-default elementor-section-height-default\" data-id=\"17b69d7f\" data-element_type=\"section\" data-e-type=\"section\" data-settings=\"{&quot;background_background&quot;:&quot;classic&quot;}\">\n\t\t\t\t\t\t<div class=\"elementor-container elementor-column-gap-wide\">\n\t\t\t\t\t<div class=\"elementor-column elementor-col-100 elementor-top-column elementor-element elementor-element-71c9f8ba post-column-1\" data-id=\"71c9f8ba\" data-element_type=\"column\" data-e-type=\"column\">\n\t\t\t<div class=\"elementor-widget-wrap elementor-element-populated\">\n\t\t\t\t\t\t<div class=\"elementor-element elementor-element-4dbe0ed elementor-widget elementor-widget-text-editor\" data-id=\"4dbe0ed\" data-element_type=\"widget\" data-e-type=\"widget\" data-widget_type=\"text-editor.default\">\n\t\t\t\t<div class=\"elementor-widget-container\">\n\t\t\t\t\t\t\t\t\tLassen Sie uns Ihre Veranstaltung ma\u00dfschneidern. Wir wissen, wie wichtig die Details sind, deshalb achten wir stets darauf und f\u00fchren die Veranstaltung so professionell durch, dass Sie zufrieden und stolz sind. Unter Ber\u00fccksichtigung Ihrer W\u00fcnsche versuchen wir immer, alle Erwartungen zu \u00fcbertreffen. \u00dcberlassen Sie es uns und lassen Sie Ihre Veranstaltung bis ins kleinste Detail betreuen. Machen Sie sie einzigartig, pers\u00f6nlich und besonders.    \t\t\t\t\t\t\t\t<\/div>\n\t\t\t\t<\/div>\n\t\t\t\t<div class=\"elementor-element elementor-element-8938b32 elementor-widget-divider--view-line elementor-widget elementor-widget-divider\" data-id=\"8938b32\" data-element_type=\"widget\" data-e-type=\"widget\" data-widget_type=\"divider.default\">\n\t\t\t\t<div class=\"elementor-widget-container\">\n\t\t\t\t\t\t\t<div class=\"elementor-divider\">\n\t\t\t<span class=\"elementor-divider-separator\">\n\t\t\t\t\t\t<\/span>\n\t\t<\/div>\n\t\t\t\t\t\t<\/div>\n\t\t\t\t<\/div>\n\t\t\t\t<div class=\"elementor-element elementor-element-3ff38dc elementor-align-center elementor-icon-list--layout-traditional elementor-list-item-link-full_width elementor-widget elementor-widget-icon-list\" data-id=\"3ff38dc\" data-element_type=\"widget\" data-e-type=\"widget\" data-widget_type=\"icon-list.default\">\n\t\t\t\t<div class=\"elementor-widget-container\">\n\t\t\t\t\t\t\t<ul class=\"elementor-icon-list-items\">\n\t\t\t\t\t\t\t<li class=\"elementor-icon-list-item\">\n\t\t\t\t\t\t\t\t\t\t\t<a href=\"mailto:hotelbohinj@alpinia-group.si\" target=\"_blank\">\n\n\t\t\t\t\t\t\t\t\t\t\t\t<span class=\"elementor-icon-list-icon\">\n\t\t\t\t\t\t\t<svg aria-hidden=\"true\" class=\"e-font-icon-svg e-far-envelope\" viewBox=\"0 0 512 512\" xmlns=\"http:\/\/www.w3.org\/2000\/svg\"><path d=\"M464 64H48C21.49 64 0 85.49 0 112v288c0 26.51 21.49 48 48 48h416c26.51 0 48-21.49 48-48V112c0-26.51-21.49-48-48-48zm0 48v40.805c-22.422 18.259-58.168 46.651-134.587 106.49-16.841 13.247-50.201 45.072-73.413 44.701-23.208.375-56.579-31.459-73.413-44.701C106.18 199.465 70.425 171.067 48 152.805V112h416zM48 400V214.398c22.914 18.251 55.409 43.862 104.938 82.646 21.857 17.205 60.134 55.186 103.062 54.955 42.717.231 80.509-37.199 103.053-54.947 49.528-38.783 82.032-64.401 104.947-82.653V400H48z\"><\/path><\/svg>\t\t\t\t\t\t<\/span>\n\t\t\t\t\t\t\t\t\t\t<span class=\"elementor-icon-list-text\">hotelbohinj@alpinia-group.si<\/span>\n\t\t\t\t\t\t\t\t\t\t\t<\/a>\n\t\t\t\t\t\t\t\t\t<\/li>\n\t\t\t\t\t\t\t\t<li class=\"elementor-icon-list-item\">\n\t\t\t\t\t\t\t\t\t\t\t<a href=\"tel:00386%2059%20764%20401\" target=\"_blank\">\n\n\t\t\t\t\t\t\t\t\t\t\t\t<span class=\"elementor-icon-list-icon\">\n\t\t\t\t\t\t\t<svg aria-hidden=\"true\" class=\"e-font-icon-svg e-fas-phone-alt\" viewBox=\"0 0 512 512\" xmlns=\"http:\/\/www.w3.org\/2000\/svg\"><path d=\"M497.39 361.8l-112-48a24 24 0 0 0-28 6.9l-49.6 60.6A370.66 370.66 0 0 1 130.6 204.11l60.6-49.6a23.94 23.94 0 0 0 6.9-28l-48-112A24.16 24.16 0 0 0 122.6.61l-104 24A24 24 0 0 0 0 48c0 256.5 207.9 464 464 464a24 24 0 0 0 23.4-18.6l24-104a24.29 24.29 0 0 0-14.01-27.6z\"><\/path><\/svg>\t\t\t\t\t\t<\/span>\n\t\t\t\t\t\t\t\t\t\t<span class=\"elementor-icon-list-text\">+386 (0)59 764 401<\/span>\n\t\t\t\t\t\t\t\t\t\t\t<\/a>\n\t\t\t\t\t\t\t\t\t<\/li>\n\t\t\t\t\t\t<\/ul>\n\t\t\t\t\t\t<\/div>\n\t\t\t\t<\/div>\n\t\t\t\t\t<\/div>\n\t\t<\/div>\n\t\t\t\t\t<\/div>\n\t\t<\/section>\n\t\t\t\t<\/div>\n\t\t","protected":false},"excerpt":{"rendered":"<p>Sitzungen Unser Garten bietet eine au\u00dfergew\u00f6hnliche Atmosph\u00e4re f\u00fcr gesch\u00e4ftliche Anl\u00e4sse, und mehrere Innenr\u00e4ume stehen f\u00fcr eine Vielzahl von Veranstaltungen f\u00fcr Unternehmen, Gruppen, Bildungseinrichtungen oder Ihre Gesch\u00e4ftspartner zur Verf\u00fcgung. Zusammen mit Ihnen werden wir mit Sicherheit einen ausgezeichneten und unvergesslichen Eindruck hinterlassen. MICE \u2013 Anfragen Der Konferenzsaal Unser Konferenzsaal befindet sich im Erdgeschoss des Hotels und [&hellip;]<\/p>\n","protected":false},"author":6,"featured_media":18606,"parent":0,"menu_order":0,"comment_status":"closed","ping_status":"closed","template":"","meta":{"_acf_changed":false,"inline_featured_image":false,"footnotes":""},"class_list":["post-18600","page","type-page","status-publish","has-post-thumbnail","hentry"],"acf":[],"_links":{"self":[{"href":"https:\/\/hotelbohinj.si\/de\/wp-json\/wp\/v2\/pages\/18600","targetHints":{"allow":["GET"]}}],"collection":[{"href":"https:\/\/hotelbohinj.si\/de\/wp-json\/wp\/v2\/pages"}],"about":[{"href":"https:\/\/hotelbohinj.si\/de\/wp-json\/wp\/v2\/types\/page"}],"author":[{"embeddable":true,"href":"https:\/\/hotelbohinj.si\/de\/wp-json\/wp\/v2\/users\/6"}],"replies":[{"embeddable":true,"href":"https:\/\/hotelbohinj.si\/de\/wp-json\/wp\/v2\/comments?post=18600"}],"version-history":[{"count":0,"href":"https:\/\/hotelbohinj.si\/de\/wp-json\/wp\/v2\/pages\/18600\/revisions"}],"wp:featuredmedia":[{"embeddable":true,"href":"https:\/\/hotelbohinj.si\/de\/wp-json\/wp\/v2\/media\/18606"}],"wp:attachment":[{"href":"https:\/\/hotelbohinj.si\/de\/wp-json\/wp\/v2\/media?parent=18600"}],"curies":[{"name":"wp","href":"https:\/\/api.w.org\/{rel}","templated":true}]}}