{"id":18464,"date":"2023-07-24T17:58:33","date_gmt":"2023-07-24T15:58:33","guid":{"rendered":"https:\/\/hotelbohinj.si\/nutzungsbedingungen\/"},"modified":"2025-07-14T22:35:57","modified_gmt":"2025-07-14T20:35:57","slug":"nutzungsbedingungen","status":"publish","type":"page","link":"https:\/\/hotelbohinj.si\/de\/nutzungsbedingungen\/","title":{"rendered":"Nutzungsbedingungen"},"content":{"rendered":"\t\t<div data-elementor-type=\"wp-page\" data-elementor-id=\"18464\" class=\"elementor elementor-18464 elementor-12254\" data-elementor-post-type=\"page\">\n\t\t\t\t\t\t<section class=\"elementor-section elementor-top-section elementor-element elementor-element-1746f552 elementor-section-boxed elementor-section-height-default elementor-section-height-default\" data-id=\"1746f552\" data-element_type=\"section\" data-e-type=\"section\" data-settings=\"{&quot;background_background&quot;:&quot;classic&quot;}\">\n\t\t\t\t\t\t<div class=\"elementor-container elementor-column-gap-default\">\n\t\t\t\t\t<div class=\"elementor-column elementor-col-100 elementor-top-column elementor-element elementor-element-7416c166\" data-id=\"7416c166\" data-element_type=\"column\" data-e-type=\"column\">\n\t\t\t<div class=\"elementor-widget-wrap elementor-element-populated\">\n\t\t\t\t\t\t<div class=\"elementor-element elementor-element-1ca413d elementor-widget elementor-widget-heading\" data-id=\"1ca413d\" data-element_type=\"widget\" data-e-type=\"widget\" data-widget_type=\"heading.default\">\n\t\t\t\t<div class=\"elementor-widget-container\">\n\t\t\t\t\t<h2 class=\"elementor-heading-title elementor-size-default\">Nutzungsbedingungen<\/h2>\t\t\t\t<\/div>\n\t\t\t\t<\/div>\n\t\t\t\t<div class=\"elementor-element elementor-element-cfe3a0d elementor-widget elementor-widget-text-editor\" data-id=\"cfe3a0d\" data-element_type=\"widget\" data-e-type=\"widget\" data-widget_type=\"text-editor.default\">\n\t\t\t\t<div class=\"elementor-widget-container\">\n\t\t\t\t\t\t\t\t\t<p>Bitte lesen Sie vor der Nutzung dieser Website oder vor der Vornahme einer Buchung diese verbindlichen rechtlichen Bedingungen und andere auf www.hotelbohinj.si ver\u00f6ffentlichte Richtlinien sorgf\u00e4ltig durch. Mit der Nutzung dieser Website best\u00e4tigen Sie, dass Sie die Allgemeinen Gesch\u00e4ftsbedingungen zur Kenntnis genommen haben und diese vollumf\u00e4nglich akzeptieren. Sollten Sie mit diesen Bedingungen und Konditionen nicht einverstanden sein, bitten wir Sie, diese Website unverz\u00fcglich zu verlassen.   <\/p><p>In diesen Nutzungsbedingungen bezieht sich \u201eAlpinia\u201c, \u201ewir\u201c oder \u201euns\u201c auf das Unternehmen Alpinia, turisti\u010dno podjetje, d.o.o. (eingetragen in Slowenien unter der Firmennummer 8392749000, Sitz: Ukanc 132, Ukanc, 4265 Bohinjsko jezero).<\/p><p>Im Falle der Nichtverf\u00fcgbarkeit des Inhalts oder der Website, aus welchem Grund auch immer, \u00fcbernehmen wir keine rechtliche Verantwortung. Des Weiteren \u00fcbernehmen wir keine Haftung f\u00fcr den Fall, dass die Website nicht jederzeit verf\u00fcgbar ist, und \u00fcbernehmen keine rechtliche Verantwortung f\u00fcr die Richtigkeit, Vollst\u00e4ndigkeit oder N\u00fctzlichkeit der Informationen auf der Website in allen L\u00e4ndern oder f\u00fcr besondere, indirekte oder Folgesch\u00e4den oder Sch\u00e4den jeglicher Art, einschlie\u00dflich entgangenen Gewinns oder Datenverlust.  <\/p><p>Alle Dokumente, Daten, Informationen oder andere Materialien, ob schriftlich oder bildlich, die sich auf der Webseite www.hotelbohinj.si befinden, sind durch das Urheberrecht oder andere geistige Eigentumsrechte gesch\u00fctzt. Diese Rechte stehen Alpinia, turisti\u010dno podjetje, d.o.o., Ukanc 132, Ukanc, 4265 Bohinjsko jezero, oder den mit ihr verbundenen Vertragspartnern zu, deren Inhalte auf der Webseite www.hotelbohinj.si ver\u00f6ffentlicht sind. Wir behalten uns das Recht vor, diese Bedingungen zu \u00e4ndern, da Entwicklungen und Verbesserungen \u00c4nderungen unserer Nutzungsbedingungen erfordern.  <\/p><h3> <\/h3><h3>Nutzungsbedingungen<\/h3><p>Durch die Nutzung dieser Website erkl\u00e4ren und garantieren Sie, dass Sie mindestens 18 Jahre alt und gesch\u00e4ftsf\u00e4hig sind. Sie sind berechtigt, diesen Vertrag abzuschlie\u00dfen und etwaige Vereinbarungen mit Alpinia zu treffen sowie diese Website gem\u00e4\u00df allen hierin enthaltenen Bedingungen zu nutzen. Sie erkl\u00e4ren sich damit einverstanden, die finanzielle Verantwortung f\u00fcr die gesamte Nutzung dieser Website durch Sie (sowie f\u00fcr die Nutzung Ihres Kontos durch andere Personen, unabh\u00e4ngig von deren Alter) zu \u00fcbernehmen. Sie sichern zu, dass Sie f\u00fcr die \u00dcberwachung der Nutzung dieser Website durch Minderj\u00e4hrige unter Ihrem Namen oder Ihrem Konto verantwortlich sind. Sie garantieren au\u00dferdem, dass alle Informationen, die Sie oder eine von Ihnen erm\u00e4chtigte Person bei der Nutzung dieser Website zur Verf\u00fcgung stellen, wahr und genau sind und keine falschen oder betr\u00fcgerischen Reservierungen enthalten.    <\/p><p>Im Falle von Geb\u00fchren f\u00fcr eine Reservierung oder eine andere Dienstleistung erkl\u00e4ren Sie sich damit einverstanden, in \u00dcbereinstimmung mit den Allgemeinen Gesch\u00e4ftsbedingungen des Kaufs zu handeln, einschlie\u00dflich, aber nicht beschr\u00e4nkt auf die Zahlung aller Betr\u00e4ge am F\u00e4lligkeitsdatum und die Einhaltung aller Regeln und Einschr\u00e4nkungen in Bezug auf die Verf\u00fcgbarkeit von Preisen, Produkten oder Dienstleistungen. Sie erkl\u00e4ren sich damit einverstanden, dass Sie f\u00fcr alle Geb\u00fchren, Abgaben, Steuern und Z\u00f6lle, die sich aus der Nutzung dieser Website ergeben, voll verantwortlich sind. Indem Sie diese Website nutzen, stimmen Sie zu, alle f\u00e4lligen Betr\u00e4ge zu zahlen und die Buchungsbedingungen einzuhalten.   <\/p><h3> <\/h3><h3>Reservierung von Dienstleistungen<\/h3><p>Unsere Website bietet die Buchung unserer Kapazit\u00e4ten an.<\/p><p>Sie k\u00f6nnen unsere Kapazit\u00e4ten per E-Mail reservieren, indem Sie eine Anfrage an hotelbohinj@alpinia-group.si senden und wir senden Ihnen unseren Kostenvoranschlag zu. Weder die Anfrage noch unsere Antwort gelten als Buchungsbest\u00e4tigung, sondern erst Ihre Buchungsbest\u00e4tigung oder die Best\u00e4tigung unseres Buchungsangebots, die die wichtigste Voraussetzung f\u00fcr eine g\u00fcltige Buchung ist. Wenn wir Ihre Best\u00e4tigung nicht erhalten, gehen wir davon aus, dass die Buchung nicht erfolgt ist.   <\/p><p>Wir bieten auch die M\u00f6glichkeit, direkt online zu buchen und per Kreditkarte zu bezahlen, und zwar auf unserer Website. In diesem Fall wird die Reservierung sofort best\u00e4tigt. Die Zahlung erfolgt, sobald Sie den Zahlungsvorgang abgeschlossen haben. Wenn Sie auf diese Weise buchen, k\u00f6nnen wir nat\u00fcrlich garantieren, dass Sie genau die Unterkunft bekommen, die Sie ausgew\u00e4hlt haben.   <\/p><p>Wenn Sie Kinder mitbringen, geben Sie bitte deren Anzahl und Alter an. Auf der Grundlage der Anzahl und der anderen Details Ihrer Reservierung wird der Preis Ihres Arrangements angezeigt. Wir m\u00f6chten Sie darauf hinweisen, dass Sie, wenn Sie online buchen und bezahlen, davon ausgehen, dass Sie diese Gesch\u00e4ftsbedingungen gelesen und akzeptiert haben.   <\/p><p>Sollte ein Gast seine Buchung stornieren, beh\u00e4lt sich Alpinia das Recht vor, die durch die Stornierung entstandenen Kosten zur\u00fcckzufordern. Die H\u00f6he der R\u00fcckerstattung ist abh\u00e4ngig vom Zeitpunkt der Absendung der Stornierungsmitteilung durch den Gast und von der Art der Leistung, die der Gast gebucht hat.  <\/p><p>Sollte ein Gast seine Buchung stornieren, beh\u00e4lt sich Alpinia das Recht vor, die durch die Stornierung entstandenen Kosten zur\u00fcckzufordern. Die H\u00f6he der R\u00fcckerstattung ist abh\u00e4ngig vom Zeitpunkt der Absendung der Stornierungsmitteilung durch den Gast und von der Art der Leistung, die der Gast gebucht hat. Der Gast hat keinen Anspruch auf Entsch\u00e4digung oder Erm\u00e4\u00dfigung, wenn die Reservierung auf Wunsch des Gastes oder aus Gr\u00fcnden h\u00f6herer Gewalt, die nicht von Alpinia zu vertreten sind, ge\u00e4ndert wird. Der Gast ist verpflichtet, das Hotel telefonisch unter der Nummer (+386) 59 764 401 \u00fcber die Stornierung zu informieren oder eine Nachricht an die Adresse hotelbohinj@alpinia-group.si zu senden oder eine schriftliche Mitteilung an die Adresse Alpinia, turisti\u010dno podjetje, d.o.o., Ukanc 132, Ukanc, 4265 Bohinjsko jezero zu senden.  <\/p><p>Alle Preise im Angebot von Alpinia enthalten die Mehrwertsteuer. Gerichtsstand f\u00fcr alle Streitigkeiten zwischen den Kunden ist Kranj.  <\/p><h3> <\/h3><h3>Geistige Eigentumsrechte<\/h3><p>Diese Website enth\u00e4lt Material oder Informationen, die durch das Urheberrecht oder andere geistige Eigentumsrechte, die Alpinia geh\u00f6ren, gesch\u00fctzt sind. Es ist Alpinia untersagt, dieses Material oder diese Informationen zu vervielf\u00e4ltigen oder zu verbreiten. Jegliche Vervielf\u00e4ltigung oder Weitergabe, die \u00fcber die individuelle, nicht kommerzielle Nutzung dieser Materialien, Informationen oder Bilder auf dieser Website hinausgeht, ist strengstens untersagt.  <\/p><p>Ohne die vorherige schriftliche Genehmigung von Alpinia ist jede Vervielf\u00e4ltigung, Verbreitung, \u00c4nderung oder sonstige Weitergabe der Materialien an Dritte zu kommerziellen Zwecken strengstens untersagt. Alle Logos oder andere Marken, die sich auf dieser Website oder auf damit verbundenen Websites befinden oder zu deren Verwendung Alpinia berechtigt ist, unterliegen dem Markenschutz von Alpinia.  <\/p><p>Alpinia ist sich der Bedeutung personenbezogener Daten bewusst und behandelt diese daher mit gr\u00f6\u00dfter Sorgfalt und in \u00dcbereinstimmung mit den einschl\u00e4gigen Rechtsvorschriften, einschlie\u00dflich der Datenschutz-Grundverordnung (DSGVO). Weitere Informationen zum Datenschutz finden Sie hier.  <\/p><h3> <\/h3><h3>Ankunft \u2013 Abfahrt<\/h3><p>Das reservierte Zimmer ist am Anreisetag ab 15 Uhr und am Abreisetag bis 11 Uhr verf\u00fcgbar. <\/p><h3> <\/h3><h3>Parken<\/h3><p>Die Parkpl\u00e4tze f\u00fcr Hotelg\u00e4ste befinden sich vor dem Hotel und sind kostenlos. Auf 3 daf\u00fcr vorgesehenen Stellpl\u00e4tzen haben die G\u00e4ste auch die M\u00f6glichkeit, ihr Auto aufzuladen.  <\/p><h3> <\/h3><h3>Externe Links<\/h3><p>Auf der Website oder den Unterseiten von www.hotelbohinj.si sind m\u00f6glicherweise Links zu verschiedenen externen Websites enthalten. Alpinia weist darauf hin, dass sie f\u00fcr die Zug\u00e4nglichkeit, den Inhalt oder die Fehler der externen Links nicht verantwortlich ist und daher auch nicht haftbar gemacht werden kann, da sie deren Inhalt nicht kennt und daher auch keine Verantwortung f\u00fcr die dort zur Verf\u00fcgung gestellten Informationen \u00fcbernehmen kann.  <\/p><h3> <\/h3><h3>M\u00f6glichkeit der Stornierung durch Alpinia<\/h3><p>Alpinia beh\u00e4lt sich das Recht vor, die Veranstaltung oder Ihren Aufenthalt im Falle h\u00f6herer Gewalt abzusagen.<\/p><h3> <\/h3><h3>Kontakt<\/h3><p>Bei Problemen, Fragen oder weiteren Informationen kontaktieren Sie uns bitte unter info@alpinia-group.si oder telefonisch: +386 59 764 400.<\/p><h3> <\/h3><h3>G\u00fcltigkeit dieser AGB<\/h3><p>Die AGB sind ab dem 1. M\u00e4rz 2020 g\u00fcltig. <\/p>\t\t\t\t\t\t\t\t<\/div>\n\t\t\t\t<\/div>\n\t\t\t\t\t<\/div>\n\t\t<\/div>\n\t\t\t\t\t<\/div>\n\t\t<\/section>\n\t\t\t\t<\/div>\n\t\t","protected":false},"excerpt":{"rendered":"<p>Bitte lesen Sie vor der Nutzung dieser Website oder vor der Vornahme einer Buchung diese verbindlichen rechtlichen Bedingungen und andere auf www.hotelbohinj.si ver\u00f6ffentlichte Richtlinien sorgf\u00e4ltig durch. Mit der Nutzung dieser Website best\u00e4tigen Sie, dass Sie die Allgemeinen Gesch\u00e4ftsbedingungen zur Kenntnis genommen haben und diese vollumf\u00e4nglich akzeptieren. Sollten Sie mit diesen Bedingungen und Konditionen nicht einverstanden [&hellip;]<\/p>\n","protected":false},"author":1,"featured_media":0,"parent":0,"menu_order":0,"comment_status":"closed","ping_status":"closed","template":"","meta":{"_acf_changed":false,"inline_featured_image":false,"footnotes":""},"class_list":["post-18464","page","type-page","status-publish","hentry"],"acf":[],"_links":{"self":[{"href":"https:\/\/hotelbohinj.si\/de\/wp-json\/wp\/v2\/pages\/18464","targetHints":{"allow":["GET"]}}],"collection":[{"href":"https:\/\/hotelbohinj.si\/de\/wp-json\/wp\/v2\/pages"}],"about":[{"href":"https:\/\/hotelbohinj.si\/de\/wp-json\/wp\/v2\/types\/page"}],"author":[{"embeddable":true,"href":"https:\/\/hotelbohinj.si\/de\/wp-json\/wp\/v2\/users\/1"}],"replies":[{"embeddable":true,"href":"https:\/\/hotelbohinj.si\/de\/wp-json\/wp\/v2\/comments?post=18464"}],"version-history":[{"count":0,"href":"https:\/\/hotelbohinj.si\/de\/wp-json\/wp\/v2\/pages\/18464\/revisions"}],"wp:attachment":[{"href":"https:\/\/hotelbohinj.si\/de\/wp-json\/wp\/v2\/media?parent=18464"}],"curies":[{"name":"wp","href":"https:\/\/api.w.org\/{rel}","templated":true}]}}