{"id":18381,"date":"2023-05-17T09:45:13","date_gmt":"2023-05-17T07:45:13","guid":{"rendered":"https:\/\/hotelbohinj.si\/kulinarische-koestlichkeiten\/"},"modified":"2025-07-13T13:20:44","modified_gmt":"2025-07-13T11:20:44","slug":"kulinarische-koestlichkeiten","status":"publish","type":"page","link":"https:\/\/hotelbohinj.si\/de\/kueche-2\/kulinarische-koestlichkeiten\/","title":{"rendered":"Kulinarische K\u00f6stlichkeiten"},"content":{"rendered":"\t\t<div data-elementor-type=\"wp-page\" data-elementor-id=\"18381\" class=\"elementor elementor-18381 elementor-8962\" data-elementor-post-type=\"page\">\n\t\t\t\t\t\t<section class=\"elementor-section elementor-top-section elementor-element elementor-element-3cfd1dec elementor-section-boxed elementor-section-height-default elementor-section-height-default\" data-id=\"3cfd1dec\" data-element_type=\"section\" data-e-type=\"section\" data-settings=\"{&quot;background_background&quot;:&quot;classic&quot;}\">\n\t\t\t\t\t\t<div class=\"elementor-container elementor-column-gap-default\">\n\t\t\t\t\t<div class=\"elementor-column elementor-col-100 elementor-top-column elementor-element elementor-element-5c1fac1b\" data-id=\"5c1fac1b\" data-element_type=\"column\" data-e-type=\"column\">\n\t\t\t<div class=\"elementor-widget-wrap elementor-element-populated\">\n\t\t\t\t\t\t<div class=\"elementor-element elementor-element-564b6f elementor-widget elementor-widget-heading\" data-id=\"564b6f\" data-element_type=\"widget\" data-e-type=\"widget\" data-widget_type=\"heading.default\">\n\t\t\t\t<div class=\"elementor-widget-container\">\n\t\t\t\t\t<h1 class=\"elementor-heading-title elementor-size-default\">Kulinarische K\u00f6stlichkeiten<\/h1>\t\t\t\t<\/div>\n\t\t\t\t<\/div>\n\t\t\t\t\t<\/div>\n\t\t<\/div>\n\t\t\t\t\t<\/div>\n\t\t<\/section>\n\t\t\t\t<section data-dce-background-image-url=\"https:\/\/hotelbohinj.si\/wp-content\/uploads\/2022\/06\/ozadje_stricki_3procente.png\" class=\"elementor-section elementor-top-section elementor-element elementor-element-73045fa4 elementor-section-boxed elementor-section-height-default elementor-section-height-default\" data-id=\"73045fa4\" data-element_type=\"section\" data-e-type=\"section\" data-settings=\"{&quot;background_background&quot;:&quot;classic&quot;}\">\n\t\t\t\t\t\t<div class=\"elementor-container elementor-column-gap-default\">\n\t\t\t\t\t<div class=\"elementor-column elementor-col-100 elementor-top-column elementor-element elementor-element-2ecc859f post-column-1\" data-id=\"2ecc859f\" data-element_type=\"column\" data-e-type=\"column\">\n\t\t\t<div class=\"elementor-widget-wrap elementor-element-populated\">\n\t\t\t\t\t\t<section class=\"elementor-section elementor-inner-section elementor-element elementor-element-7f8e02b2 elementor-section-boxed elementor-section-height-default elementor-section-height-default\" data-id=\"7f8e02b2\" data-element_type=\"section\" data-e-type=\"section\">\n\t\t\t\t\t\t<div class=\"elementor-container elementor-column-gap-wide\">\n\t\t\t\t\t<div class=\"elementor-column elementor-col-50 elementor-inner-column elementor-element elementor-element-722ba8ed post-column-1\" data-id=\"722ba8ed\" data-element_type=\"column\" data-e-type=\"column\">\n\t\t\t<div class=\"elementor-widget-wrap elementor-element-populated\">\n\t\t\t\t\t\t<div class=\"elementor-element elementor-element-8fd6b1f elementor-widget elementor-widget-heading\" data-id=\"8fd6b1f\" data-element_type=\"widget\" data-e-type=\"widget\" data-widget_type=\"heading.default\">\n\t\t\t\t<div class=\"elementor-widget-container\">\n\t\t\t\t\t<h2 class=\"elementor-heading-title elementor-size-default\">Fr\u00fchst\u00fcck<\/h2>\t\t\t\t<\/div>\n\t\t\t\t<\/div>\n\t\t\t\t<div class=\"elementor-element elementor-element-74b3141f elementor-widget elementor-widget-text-editor\" data-id=\"74b3141f\" data-element_type=\"widget\" data-e-type=\"widget\" data-widget_type=\"text-editor.default\">\n\t\t\t\t<div class=\"elementor-widget-container\">\n\t\t\t\t\t\t\t\t\t<p>Reiches Fr\u00fchst\u00fccksbuffet mit frischem Brot und Croissants, Qualit\u00e4tsk\u00e4se von unseren Lieblingsbauern, frisch zubereiteten Eierspeisen, saisonalem Obst, Bauernjoghurt, M\u00fcsli und vielem mehr.<\/p><p>Beginne den Tag auf die beste Weise &#8211; von 07:00 bis 10:00 Uhr <\/p><p>Wir sind sehr stolz auf unsere Zusammenarbeit mit kleinen lokalen Landwirten, die uns mit ihren Produkten beliefern. Das Etikett &#8222;Aus Bohinj&#8220; weist auf die Authentizit\u00e4t lokaler Produkte und Zutaten aus Bohinj hin.  <\/p>\t\t\t\t\t\t\t\t<\/div>\n\t\t\t\t<\/div>\n\t\t\t\t\t<\/div>\n\t\t<\/div>\n\t\t\t\t<div class=\"elementor-column elementor-col-50 elementor-inner-column elementor-element elementor-element-6feca2aa post-column-1\" data-id=\"6feca2aa\" data-element_type=\"column\" data-e-type=\"column\">\n\t\t\t<div class=\"elementor-widget-wrap elementor-element-populated\">\n\t\t\t\t\t\t<div class=\"elementor-element elementor-element-380938f8 dc-has-condition dc-condition-not_empty dce_masking-none elementor-widget elementor-widget-image\" data-id=\"380938f8\" data-element_type=\"widget\" data-e-type=\"widget\" data-widget_type=\"image.default\">\n\t\t\t\t<div class=\"elementor-widget-container\">\n\t\t\t\t\t\t\t\t\t\t\t\t\t\t\t<img fetchpriority=\"high\" decoding=\"async\" width=\"800\" height=\"534\" src=\"https:\/\/hotelbohinj.si\/wp-content\/uploads\/2023\/05\/zajtrk_Hotel-Bohinj-1024x683.jpeg\" class=\"attachment-large size-large wp-image-18382\" alt=\"hotel bohinj Fr\u00fchst\u00fcckstisch mit Tellern mit K\u00e4se, Wurstwaren, Obst, Toast mit Aufstrich, Gl\u00e4sern mit Marmelade, zwei Flaschen Milch, einer Tasse Kaffee, einem Apfel und einem Strohhut auf einer hellen Holzfl\u00e4che. In den H\u00e4nden liegen Gabel und Messer.\" srcset=\"https:\/\/hotelbohinj.si\/wp-content\/uploads\/2023\/05\/zajtrk_Hotel-Bohinj-1024x683.jpeg 1024w, https:\/\/hotelbohinj.si\/wp-content\/uploads\/2023\/05\/zajtrk_Hotel-Bohinj-300x200.jpeg 300w, https:\/\/hotelbohinj.si\/wp-content\/uploads\/2023\/05\/zajtrk_Hotel-Bohinj-768x512.jpeg 768w, https:\/\/hotelbohinj.si\/wp-content\/uploads\/2023\/05\/zajtrk_Hotel-Bohinj.jpeg 1124w\" sizes=\"(max-width: 800px) 100vw, 800px\" \/>\t\t\t\t\t\t\t\t\t\t\t\t\t\t\t<\/div>\n\t\t\t\t<\/div>\n\t\t\t\t\t<\/div>\n\t\t<\/div>\n\t\t\t\t\t<\/div>\n\t\t<\/section>\n\t\t\t\t<section class=\"elementor-section elementor-inner-section elementor-element elementor-element-2e3c228 elementor-reverse-mobile elementor-section-boxed elementor-section-height-default elementor-section-height-default\" data-id=\"2e3c228\" data-element_type=\"section\" data-e-type=\"section\">\n\t\t\t\t\t\t<div class=\"elementor-container elementor-column-gap-wide\">\n\t\t\t\t\t<div class=\"elementor-column elementor-col-50 elementor-inner-column elementor-element elementor-element-5404d51 post-column-1\" data-id=\"5404d51\" data-element_type=\"column\" data-e-type=\"column\">\n\t\t\t<div class=\"elementor-widget-wrap elementor-element-populated\">\n\t\t\t\t\t\t<div class=\"elementor-element elementor-element-e3ee6d4 dc-has-condition dc-condition-not_empty dce_masking-none elementor-widget elementor-widget-image\" data-id=\"e3ee6d4\" data-element_type=\"widget\" data-e-type=\"widget\" data-widget_type=\"image.default\">\n\t\t\t\t<div class=\"elementor-widget-container\">\n\t\t\t\t\t\t\t\t\t\t\t\t\t\t\t<img decoding=\"async\" width=\"553\" height=\"615\" src=\"https:\/\/hotelbohinj.si\/wp-content\/uploads\/2023\/05\/A-LA-CARTE_Hotel-Bohinj.jpeg\" class=\"attachment-large size-large wp-image-18383\" alt=\"hotel bohinj Eine Vielzahl von Gourmetgerichten auf einem Holztisch, darunter Lammkoteletts in Kr\u00e4uterkruste, gebratenes Gem\u00fcse, gr\u00fcne Bohnen und ein Dessert, alles kunstvoll auf Keramikschalen angerichtet.\" srcset=\"https:\/\/hotelbohinj.si\/wp-content\/uploads\/2023\/05\/A-LA-CARTE_Hotel-Bohinj.jpeg 553w, https:\/\/hotelbohinj.si\/wp-content\/uploads\/2023\/05\/A-LA-CARTE_Hotel-Bohinj-270x300.jpeg 270w\" sizes=\"(max-width: 553px) 100vw, 553px\" \/>\t\t\t\t\t\t\t\t\t\t\t\t\t\t\t<\/div>\n\t\t\t\t<\/div>\n\t\t\t\t\t<\/div>\n\t\t<\/div>\n\t\t\t\t<div class=\"elementor-column elementor-col-50 elementor-inner-column elementor-element elementor-element-cf04289 post-column-1\" data-id=\"cf04289\" data-element_type=\"column\" data-e-type=\"column\">\n\t\t\t<div class=\"elementor-widget-wrap elementor-element-populated\">\n\t\t\t\t\t\t<div class=\"elementor-element elementor-element-552533e elementor-widget elementor-widget-heading\" data-id=\"552533e\" data-element_type=\"widget\" data-e-type=\"widget\" data-widget_type=\"heading.default\">\n\t\t\t\t<div class=\"elementor-widget-container\">\n\t\t\t\t\t<h2 class=\"elementor-heading-title elementor-size-default\">\u00c0 la carte<\/h2>\t\t\t\t<\/div>\n\t\t\t\t<\/div>\n\t\t\t\t<div class=\"elementor-element elementor-element-11dbabe elementor-widget elementor-widget-text-editor\" data-id=\"11dbabe\" data-element_type=\"widget\" data-e-type=\"widget\" data-widget_type=\"text-editor.default\">\n\t\t\t\t<div class=\"elementor-widget-container\">\n\t\t\t\t\t\t\t\t\t<p>Mittagessen, Abendessen oder einfach &#8222;etwas zu essen&#8220;. Unser kulinarisches Angebot steht Ihnen zur Verf\u00fcgung, bei dem saisonal gestaltete Men\u00fcs und lokale Zutaten im Vordergrund stehen. Sie k\u00f6nnen aus einer Vielzahl von kalten und warmen Vorspeisen, Hauptgerichten und Desserts w\u00e4hlen.   <\/p>\t\t\t\t\t\t\t\t<\/div>\n\t\t\t\t<\/div>\n\t\t\t\t\t<\/div>\n\t\t<\/div>\n\t\t\t\t\t<\/div>\n\t\t<\/section>\n\t\t\t\t<section class=\"elementor-section elementor-inner-section elementor-element elementor-element-da1e1a7 elementor-section-boxed elementor-section-height-default elementor-section-height-default\" data-id=\"da1e1a7\" data-element_type=\"section\" data-e-type=\"section\">\n\t\t\t\t\t\t<div class=\"elementor-container elementor-column-gap-wide\">\n\t\t\t\t\t<div class=\"elementor-column elementor-col-50 elementor-inner-column elementor-element elementor-element-c8924a2 post-column-1\" data-id=\"c8924a2\" data-element_type=\"column\" data-e-type=\"column\">\n\t\t\t<div class=\"elementor-widget-wrap elementor-element-populated\">\n\t\t\t\t\t\t<div class=\"elementor-element elementor-element-1818c7e elementor-widget elementor-widget-heading\" data-id=\"1818c7e\" data-element_type=\"widget\" data-e-type=\"widget\" data-widget_type=\"heading.default\">\n\t\t\t\t<div class=\"elementor-widget-container\">\n\t\t\t\t\t<h2 class=\"elementor-heading-title elementor-size-default\">Wie w\u00e4re es mit einem weiteren Getr\u00e4nk?<\/h2>\t\t\t\t<\/div>\n\t\t\t\t<\/div>\n\t\t\t\t<div class=\"elementor-element elementor-element-aec4e37 elementor-widget elementor-widget-text-editor\" data-id=\"aec4e37\" data-element_type=\"widget\" data-e-type=\"widget\" data-widget_type=\"text-editor.default\">\n\t\t\t\t<div class=\"elementor-widget-container\">\n\t\t\t\t\t\t\t\t\t<p><br>LOUNGE &amp; BAR &amp; SONNENTERRASSE MIT GARTEN ist der perfekte Ort, um eine Tasse Kaffee oder einen Aperitif in angenehmer Atmosph\u00e4re zu genie\u00dfen.<\/p>\t\t\t\t\t\t\t\t<\/div>\n\t\t\t\t<\/div>\n\t\t\t\t\t<\/div>\n\t\t<\/div>\n\t\t\t\t<div class=\"elementor-column elementor-col-50 elementor-inner-column elementor-element elementor-element-fcbe153 post-column-1\" data-id=\"fcbe153\" data-element_type=\"column\" data-e-type=\"column\">\n\t\t\t<div class=\"elementor-widget-wrap elementor-element-populated\">\n\t\t\t\t\t\t<div class=\"elementor-element elementor-element-dd47fb1 dc-has-condition dc-condition-not_empty dce_masking-none elementor-widget elementor-widget-image\" data-id=\"dd47fb1\" data-element_type=\"widget\" data-e-type=\"widget\" data-widget_type=\"image.default\">\n\t\t\t\t<div class=\"elementor-widget-container\">\n\t\t\t\t\t\t\t\t\t\t\t\t\t\t\t<img decoding=\"async\" width=\"800\" height=\"534\" src=\"https:\/\/hotelbohinj.si\/wp-content\/uploads\/2023\/05\/Koktajli_Hotel-Bohinj-1024x683.jpeg\" class=\"attachment-large size-large wp-image-18384\" alt=\"hotel bohinj Ein klares Glas mit Eis, einem Gin Tonic und Zitrusfr\u00fcchten steht auf einer dunklen Steinfl\u00e4che neben einer Flasche Te Kara Gin. Der Hintergrund ist sanft verschwommen.\" srcset=\"https:\/\/hotelbohinj.si\/wp-content\/uploads\/2023\/05\/Koktajli_Hotel-Bohinj-1024x683.jpeg 1024w, https:\/\/hotelbohinj.si\/wp-content\/uploads\/2023\/05\/Koktajli_Hotel-Bohinj-300x200.jpeg 300w, https:\/\/hotelbohinj.si\/wp-content\/uploads\/2023\/05\/Koktajli_Hotel-Bohinj-768x512.jpeg 768w, https:\/\/hotelbohinj.si\/wp-content\/uploads\/2023\/05\/Koktajli_Hotel-Bohinj.jpeg 1124w\" sizes=\"(max-width: 800px) 100vw, 800px\" \/>\t\t\t\t\t\t\t\t\t\t\t\t\t\t\t<\/div>\n\t\t\t\t<\/div>\n\t\t\t\t\t<\/div>\n\t\t<\/div>\n\t\t\t\t\t<\/div>\n\t\t<\/section>\n\t\t\t\t\t<\/div>\n\t\t<\/div>\n\t\t\t\t\t<\/div>\n\t\t<\/section>\n\t\t\t\t<section class=\"elementor-section elementor-top-section elementor-element elementor-element-5e672d40 elementor-section-boxed elementor-section-height-default elementor-section-height-default\" data-id=\"5e672d40\" data-element_type=\"section\" data-e-type=\"section\" data-settings=\"{&quot;background_background&quot;:&quot;classic&quot;}\">\n\t\t\t\t\t\t<div class=\"elementor-container elementor-column-gap-wide\">\n\t\t\t\t\t<div class=\"elementor-column elementor-col-100 elementor-top-column elementor-element elementor-element-5a4202f5 post-column-1\" data-id=\"5a4202f5\" data-element_type=\"column\" data-e-type=\"column\">\n\t\t\t<div class=\"elementor-widget-wrap elementor-element-populated\">\n\t\t\t\t\t\t<div class=\"elementor-element elementor-element-fde6f20 elementor-widget elementor-widget-text-editor\" data-id=\"fde6f20\" data-element_type=\"widget\" data-e-type=\"widget\" data-widget_type=\"text-editor.default\">\n\t\t\t\t<div class=\"elementor-widget-container\">\n\t\t\t\t\t\t\t\t\t<p><br><em>Wir empfehlen Ihnen, im Voraus einen Tisch f\u00fcr das Abendessen zu reservieren. Manchmal finden Sie auch ohne Reservierung einen Platz, aber zu Sto\u00dfzeiten haben G\u00e4ste mit Reservierung Vorrang. Bitte informieren Sie uns im Voraus \u00fcber Ihre Ankunft, wenn Sie Probleme mit Allergien oder Empfindlichkeiten gegen\u00fcber bestimmten Lebensmitteln haben, damit wir diese Informationen an unser K\u00fcchenteam weitergeben k\u00f6nnen.   <\/em><\/p>\t\t\t\t\t\t\t\t<\/div>\n\t\t\t\t<\/div>\n\t\t\t\t\t<\/div>\n\t\t<\/div>\n\t\t\t\t\t<\/div>\n\t\t<\/section>\n\t\t\t\t<\/div>\n\t\t","protected":false},"excerpt":{"rendered":"<p>Kulinarische K\u00f6stlichkeiten Fr\u00fchst\u00fcck Reiches Fr\u00fchst\u00fccksbuffet mit frischem Brot und Croissants, Qualit\u00e4tsk\u00e4se von unseren Lieblingsbauern, frisch zubereiteten Eierspeisen, saisonalem Obst, Bauernjoghurt, M\u00fcsli und vielem mehr. Beginne den Tag auf die beste Weise &#8211; von 07:00 bis 10:00 Uhr Wir sind sehr stolz auf unsere Zusammenarbeit mit kleinen lokalen Landwirten, die uns mit ihren Produkten beliefern. Das [&hellip;]<\/p>\n","protected":false},"author":6,"featured_media":0,"parent":18412,"menu_order":0,"comment_status":"closed","ping_status":"closed","template":"","meta":{"_acf_changed":false,"inline_featured_image":false,"footnotes":""},"class_list":["post-18381","page","type-page","status-publish","hentry"],"acf":[],"_links":{"self":[{"href":"https:\/\/hotelbohinj.si\/de\/wp-json\/wp\/v2\/pages\/18381","targetHints":{"allow":["GET"]}}],"collection":[{"href":"https:\/\/hotelbohinj.si\/de\/wp-json\/wp\/v2\/pages"}],"about":[{"href":"https:\/\/hotelbohinj.si\/de\/wp-json\/wp\/v2\/types\/page"}],"author":[{"embeddable":true,"href":"https:\/\/hotelbohinj.si\/de\/wp-json\/wp\/v2\/users\/6"}],"replies":[{"embeddable":true,"href":"https:\/\/hotelbohinj.si\/de\/wp-json\/wp\/v2\/comments?post=18381"}],"version-history":[{"count":0,"href":"https:\/\/hotelbohinj.si\/de\/wp-json\/wp\/v2\/pages\/18381\/revisions"}],"up":[{"embeddable":true,"href":"https:\/\/hotelbohinj.si\/de\/wp-json\/wp\/v2\/pages\/18412"}],"wp:attachment":[{"href":"https:\/\/hotelbohinj.si\/de\/wp-json\/wp\/v2\/media?parent=18381"}],"curies":[{"name":"wp","href":"https:\/\/api.w.org\/{rel}","templated":true}]}}