{"id":18377,"date":"2023-07-26T21:43:27","date_gmt":"2023-07-26T19:43:27","guid":{"rendered":"https:\/\/hotelbohinj.si\/bohinj-kuchen\/"},"modified":"2025-07-13T13:20:44","modified_gmt":"2025-07-13T11:20:44","slug":"bohinj-kuchen","status":"publish","type":"page","link":"https:\/\/hotelbohinj.si\/de\/kueche-2\/bohinj-kuchen\/","title":{"rendered":"Bohinj Kuchen"},"content":{"rendered":"\t\t<div data-elementor-type=\"wp-page\" data-elementor-id=\"18377\" class=\"elementor elementor-18377 elementor-12547\" data-elementor-post-type=\"page\">\n\t\t\t\t\t\t<section class=\"elementor-section elementor-top-section elementor-element elementor-element-3cfd1dec elementor-section-boxed elementor-section-height-default elementor-section-height-default\" data-id=\"3cfd1dec\" data-element_type=\"section\" data-e-type=\"section\" data-settings=\"{&quot;background_background&quot;:&quot;classic&quot;}\">\n\t\t\t\t\t\t<div class=\"elementor-container elementor-column-gap-default\">\n\t\t\t\t\t<div class=\"elementor-column elementor-col-100 elementor-top-column elementor-element elementor-element-5c1fac1b\" data-id=\"5c1fac1b\" data-element_type=\"column\" data-e-type=\"column\">\n\t\t\t<div class=\"elementor-widget-wrap elementor-element-populated\">\n\t\t\t\t\t\t<div class=\"elementor-element elementor-element-564b6f elementor-widget elementor-widget-heading\" data-id=\"564b6f\" data-element_type=\"widget\" data-e-type=\"widget\" data-widget_type=\"heading.default\">\n\t\t\t\t<div class=\"elementor-widget-container\">\n\t\t\t\t\t<h1 class=\"elementor-heading-title elementor-size-default\">Bohinj Kuchen<\/h1>\t\t\t\t<\/div>\n\t\t\t\t<\/div>\n\t\t\t\t<div class=\"elementor-element elementor-element-74b3141f elementor-widget elementor-widget-text-editor\" data-id=\"74b3141f\" data-element_type=\"widget\" data-e-type=\"widget\" data-widget_type=\"text-editor.default\">\n\t\t\t\t<div class=\"elementor-widget-container\">\n\t\t\t\t\t\t\t\t\t<p>S\u00fc\u00dfe Wiederbelebung im Hotel Bohinj.<\/p>\t\t\t\t\t\t\t\t<\/div>\n\t\t\t\t<\/div>\n\t\t\t\t\t<\/div>\n\t\t<\/div>\n\t\t\t\t\t<\/div>\n\t\t<\/section>\n\t\t\t\t<section data-dce-background-image-url=\"https:\/\/hotelbohinj.si\/wp-content\/uploads\/2022\/06\/ozadje_stricki_3procente.png\" class=\"elementor-section elementor-top-section elementor-element elementor-element-73045fa4 elementor-section-boxed elementor-section-height-default elementor-section-height-default\" data-id=\"73045fa4\" data-element_type=\"section\" data-e-type=\"section\" data-settings=\"{&quot;background_background&quot;:&quot;classic&quot;}\">\n\t\t\t\t\t\t<div class=\"elementor-container elementor-column-gap-default\">\n\t\t\t\t\t<div class=\"elementor-column elementor-col-100 elementor-top-column elementor-element elementor-element-2ecc859f post-column-1\" data-id=\"2ecc859f\" data-element_type=\"column\" data-e-type=\"column\">\n\t\t\t<div class=\"elementor-widget-wrap elementor-element-populated\">\n\t\t\t\t\t\t<section class=\"elementor-section elementor-inner-section elementor-element elementor-element-7f8e02b2 elementor-section-boxed elementor-section-height-default elementor-section-height-default\" data-id=\"7f8e02b2\" data-element_type=\"section\" data-e-type=\"section\">\n\t\t\t\t\t\t<div class=\"elementor-container elementor-column-gap-wide\">\n\t\t\t\t\t<div class=\"elementor-column elementor-col-50 elementor-inner-column elementor-element elementor-element-6feca2aa post-column-1\" data-id=\"6feca2aa\" data-element_type=\"column\" data-e-type=\"column\">\n\t\t\t<div class=\"elementor-widget-wrap elementor-element-populated\">\n\t\t\t\t\t\t<div class=\"elementor-element elementor-element-380938f8 dce_masking-none elementor-widget elementor-widget-image\" data-id=\"380938f8\" data-element_type=\"widget\" data-e-type=\"widget\" data-widget_type=\"image.default\">\n\t\t\t\t<div class=\"elementor-widget-container\">\n\t\t\t\t\t\t\t\t\t\t\t\t\t\t\t<img fetchpriority=\"high\" decoding=\"async\" width=\"1200\" height=\"960\" src=\"https:\/\/hotelbohinj.si\/wp-content\/uploads\/2023\/10\/Hotel_Bohinj_CharlotteGarrousse_20230924_212149.jpg\" class=\"attachment-full size-full wp-image-18379\" alt=\"hotel bohinj Ein Glas Limonade mit einer Zitronenscheibe und einem L\u00f6ffel in der Hand, daneben ein rundes Schokoladendessert mit einem dekorativen St\u00fcck, serviert auf einem rechteckigen Teller auf einem Holztisch.\" srcset=\"https:\/\/hotelbohinj.si\/wp-content\/uploads\/2023\/10\/Hotel_Bohinj_CharlotteGarrousse_20230924_212149.jpg 1200w, https:\/\/hotelbohinj.si\/wp-content\/uploads\/2023\/10\/Hotel_Bohinj_CharlotteGarrousse_20230924_212149-300x240.jpg 300w, https:\/\/hotelbohinj.si\/wp-content\/uploads\/2023\/10\/Hotel_Bohinj_CharlotteGarrousse_20230924_212149-1024x819.jpg 1024w, https:\/\/hotelbohinj.si\/wp-content\/uploads\/2023\/10\/Hotel_Bohinj_CharlotteGarrousse_20230924_212149-768x614.jpg 768w\" sizes=\"(max-width: 1200px) 100vw, 1200px\" \/>\t\t\t\t\t\t\t\t\t\t\t\t\t\t\t<\/div>\n\t\t\t\t<\/div>\n\t\t\t\t\t<\/div>\n\t\t<\/div>\n\t\t\t\t<div class=\"elementor-column elementor-col-50 elementor-inner-column elementor-element elementor-element-722ba8ed post-column-1\" data-id=\"722ba8ed\" data-element_type=\"column\" data-e-type=\"column\">\n\t\t\t<div class=\"elementor-widget-wrap elementor-element-populated\">\n\t\t\t\t\t\t<div class=\"elementor-element elementor-element-dc540eb elementor-widget elementor-widget-text-editor\" data-id=\"dc540eb\" data-element_type=\"widget\" data-e-type=\"widget\" data-widget_type=\"text-editor.default\">\n\t\t\t\t<div class=\"elementor-widget-container\">\n\t\t\t\t\t\t\t\t\t<p>Eine s\u00fc\u00dfe kulinarische Reise ist der Bohinj-Kuchen, eine raffinierte Mischung aus Aromen und Texturen. Ein feuchter Mandel-Nuss-Biskuit, der gro\u00dfz\u00fcgig mit einer k\u00f6stlichen Schokoladencreme bedeckt ist, bildet die Grundlage des Kuchens.  <\/p>\n<p>Die Bohinjer Torte schmeckt nicht nur ausgezeichnet, sondern man sp\u00fcrt auch die Liebe zur Tradition bei jedem Bissen. Diese Torte, die auf einem Rezept basiert, das der bekannte slowenische Ethnologe Professor Dr. Janez Bogataj wiederbelebt hat, repr\u00e4sentiert unser reiches kulinarisches Erbe. Unser Ziel ist es, dass die Bohinjer Torte zu einem Symbol f\u00fcr unser Hotel und dar\u00fcber hinaus wird &#8211; zu einem Symbol f\u00fcr den Ort, den Sie bei uns besuchen.  <\/p>\n<p>Diese S\u00fc\u00dfspeise wird Ihnen die Seele von Bohinj, seine Sch\u00f6nheit und seine reiche Kultur n\u00e4her bringen. Wir sind davon \u00fcberzeugt, dass jeder Bissen dieses Kuchens in jedem Reisenden das Gef\u00fchl wecken wird, nach Bohinj zu kommen.  <\/p>\n<p><b>Die Bohinjer Torte wird im Restaurant des Hotels Bohinj serviert. <\/b>Wir bieten auch die M\u00f6glichkeit, eine gr\u00f6\u00dfere Version oder eine Mini-Version f\u00fcr Gruppen und spezielle Veranstaltungen zu bestellen.<\/p>\t\t\t\t\t\t\t\t<\/div>\n\t\t\t\t<\/div>\n\t\t\t\t<div data-dce-background-color=\"#00000000\" class=\"elementor-element elementor-element-1de0e34 elementor-widget elementor-widget-button\" data-id=\"1de0e34\" data-element_type=\"widget\" data-e-type=\"widget\" data-widget_type=\"button.default\">\n\t\t\t\t<div class=\"elementor-widget-container\">\n\t\t\t\t\t\t\t\t\t<div class=\"elementor-button-wrapper\">\n\t\t\t\t\t<a class=\"elementor-button elementor-button-link elementor-size-md\" href=\"#elementor-action%3Aaction%3Dpopup%3Aopen%26settings%3DeyJpZCI6MTIyNjUsInRvZ2dsZSI6ZmFsc2V9\">\n\t\t\t\t\t\t<span class=\"elementor-button-content-wrapper\">\n\t\t\t\t\t\t\t\t\t<span class=\"elementor-button-text\">Ich h\u00e4tte gerne etwas S\u00fc\u00dfes.<\/span>\n\t\t\t\t\t<\/span>\n\t\t\t\t\t<\/a>\n\t\t\t\t<\/div>\n\t\t\t\t\t\t\t\t<\/div>\n\t\t\t\t<\/div>\n\t\t\t\t\t<\/div>\n\t\t<\/div>\n\t\t\t\t\t<\/div>\n\t\t<\/section>\n\t\t\t\t\t<\/div>\n\t\t<\/div>\n\t\t\t\t\t<\/div>\n\t\t<\/section>\n\t\t\t\t<\/div>\n\t\t","protected":false},"excerpt":{"rendered":"<p>S\u00fc\u00dfe Wiederbelebung im Hotel Bohinj. Eine s\u00fc\u00dfe kulinarische Reise ist der Bohinj-Kuchen, eine raffinierte Mischung aus Aromen und Texturen. Ein feuchter Mandel-Nuss-Biskuit, der gro\u00dfz\u00fcgig mit einer k\u00f6stlichen Schokoladencreme bedeckt ist, bildet die Grundlage des Kuchens. Die Bohinjer Torte schmeckt nicht nur ausgezeichnet, sondern man sp\u00fcrt auch die Liebe zur Tradition bei jedem Bissen. Diese Torte, [&hellip;]<\/p>\n","protected":false},"author":1,"featured_media":18379,"parent":18412,"menu_order":0,"comment_status":"closed","ping_status":"closed","template":"","meta":{"_acf_changed":false,"inline_featured_image":false,"footnotes":""},"class_list":["post-18377","page","type-page","status-publish","has-post-thumbnail","hentry"],"acf":[],"_links":{"self":[{"href":"https:\/\/hotelbohinj.si\/de\/wp-json\/wp\/v2\/pages\/18377","targetHints":{"allow":["GET"]}}],"collection":[{"href":"https:\/\/hotelbohinj.si\/de\/wp-json\/wp\/v2\/pages"}],"about":[{"href":"https:\/\/hotelbohinj.si\/de\/wp-json\/wp\/v2\/types\/page"}],"author":[{"embeddable":true,"href":"https:\/\/hotelbohinj.si\/de\/wp-json\/wp\/v2\/users\/1"}],"replies":[{"embeddable":true,"href":"https:\/\/hotelbohinj.si\/de\/wp-json\/wp\/v2\/comments?post=18377"}],"version-history":[{"count":0,"href":"https:\/\/hotelbohinj.si\/de\/wp-json\/wp\/v2\/pages\/18377\/revisions"}],"up":[{"embeddable":true,"href":"https:\/\/hotelbohinj.si\/de\/wp-json\/wp\/v2\/pages\/18412"}],"wp:featuredmedia":[{"embeddable":true,"href":"https:\/\/hotelbohinj.si\/de\/wp-json\/wp\/v2\/media\/18379"}],"wp:attachment":[{"href":"https:\/\/hotelbohinj.si\/de\/wp-json\/wp\/v2\/media?parent=18377"}],"curies":[{"name":"wp","href":"https:\/\/api.w.org\/{rel}","templated":true}]}}