{"id":18337,"date":"2023-10-18T12:55:59","date_gmt":"2023-10-18T10:55:59","guid":{"rendered":"https:\/\/hotelbohinj.si\/nachhaltigkeit\/"},"modified":"2025-07-11T23:51:29","modified_gmt":"2025-07-11T21:51:29","slug":"nachhaltigkeit","status":"publish","type":"page","link":"https:\/\/hotelbohinj.si\/de\/nachhaltigkeit\/","title":{"rendered":"Nachhaltigkeit"},"content":{"rendered":"\t\t<div data-elementor-type=\"wp-page\" data-elementor-id=\"18337\" class=\"elementor elementor-18337 elementor-15353\" data-elementor-post-type=\"page\">\n\t\t\t\t\t\t<section class=\"elementor-section elementor-top-section elementor-element elementor-element-10e6b6d elementor-section-boxed elementor-section-height-default elementor-section-height-default\" data-id=\"10e6b6d\" data-element_type=\"section\" data-e-type=\"section\" data-settings=\"{&quot;background_background&quot;:&quot;classic&quot;}\">\n\t\t\t\t\t\t<div class=\"elementor-container elementor-column-gap-wide\">\n\t\t\t\t\t<div class=\"elementor-column elementor-col-100 elementor-top-column elementor-element elementor-element-7e3a8fa post-column-1\" data-id=\"7e3a8fa\" data-element_type=\"column\" data-e-type=\"column\">\n\t\t\t<div class=\"elementor-widget-wrap elementor-element-populated\">\n\t\t\t\t\t\t<div class=\"elementor-element elementor-element-bc057ba dc-has-condition dc-condition-not_empty dce_masking-none elementor-widget elementor-widget-image\" data-id=\"bc057ba\" data-element_type=\"widget\" data-e-type=\"widget\" data-widget_type=\"image.default\">\n\t\t\t\t<div class=\"elementor-widget-container\">\n\t\t\t\t\t\t\t\t\t\t\t\t\t\t\t<img fetchpriority=\"high\" decoding=\"async\" width=\"576\" height=\"1024\" src=\"https:\/\/hotelbohinj.si\/wp-content\/uploads\/2022\/06\/0-02-05-a4ad5814d35e3ac37550e1297a5c60191dc0e5e46244825d71c933098eaae9e3_aae6a04a04a4128b-576x1024.png\" class=\"attachment-large size-large wp-image-1123\" alt=\"hotel bohinj Minimalisti\u010dna \u010drtna risba \u0161tirih \u010dlove\u0161kih figur, ki dr\u017eijo smu\u010darske palice in smu\u010dajo ali hodijo diagonalno navzgor in navzdol, s preprostimi geometrijskimi oblikami in belim ozadjem.\" srcset=\"https:\/\/hotelbohinj.si\/wp-content\/uploads\/2022\/06\/0-02-05-a4ad5814d35e3ac37550e1297a5c60191dc0e5e46244825d71c933098eaae9e3_aae6a04a04a4128b-576x1024.png 576w, https:\/\/hotelbohinj.si\/wp-content\/uploads\/2022\/06\/0-02-05-a4ad5814d35e3ac37550e1297a5c60191dc0e5e46244825d71c933098eaae9e3_aae6a04a04a4128b-169x300.png 169w, https:\/\/hotelbohinj.si\/wp-content\/uploads\/2022\/06\/0-02-05-a4ad5814d35e3ac37550e1297a5c60191dc0e5e46244825d71c933098eaae9e3_aae6a04a04a4128b.png 675w\" sizes=\"(max-width: 576px) 100vw, 576px\" \/>\t\t\t\t\t\t\t\t\t\t\t\t\t\t\t<\/div>\n\t\t\t\t<\/div>\n\t\t\t\t\t<\/div>\n\t\t<\/div>\n\t\t\t\t\t<\/div>\n\t\t<\/section>\n\t\t\t\t<section data-dce-background-image-url=\"https:\/\/hotelbohinj.si\/wp-content\/uploads\/2022\/06\/ozadje_stricki_3procente.png\" class=\"elementor-section elementor-top-section elementor-element elementor-element-669a2b5 elementor-section-boxed elementor-section-height-default elementor-section-height-default\" data-id=\"669a2b5\" data-element_type=\"section\" data-e-type=\"section\" data-settings=\"{&quot;background_background&quot;:&quot;classic&quot;}\">\n\t\t\t\t\t\t<div class=\"elementor-container elementor-column-gap-default\">\n\t\t\t\t\t<div class=\"elementor-column elementor-col-100 elementor-top-column elementor-element elementor-element-2944729\" data-id=\"2944729\" data-element_type=\"column\" data-e-type=\"column\">\n\t\t\t<div class=\"elementor-widget-wrap elementor-element-populated\">\n\t\t\t\t\t\t<div data-dce-title-color=\"#1D1D1B\" class=\"elementor-element elementor-element-d4802d3 elementor-widget elementor-widget-heading\" data-id=\"d4802d3\" data-element_type=\"widget\" data-e-type=\"widget\" data-widget_type=\"heading.default\">\n\t\t\t\t<div class=\"elementor-widget-container\">\n\t\t\t\t\t<h1 class=\"elementor-heading-title elementor-size-default\">ENTDECKEN SIE DAS MAGISCHE HOTEL BOHINJ IN SLOWENIEN<\/h1>\t\t\t\t<\/div>\n\t\t\t\t<\/div>\n\t\t\t\t<div class=\"elementor-element elementor-element-e73c3e3 elementor-widget elementor-widget-text-editor\" data-id=\"e73c3e3\" data-element_type=\"widget\" data-e-type=\"widget\" data-widget_type=\"text-editor.default\">\n\t\t\t\t<div class=\"elementor-widget-container\">\n\t\t\t\t\t\t\t\t\t<p>Ein charmantes Refugium am See, wo Genuss, Ruhe und die unber\u00fchrte Natur zu einem unvergesslichen Erlebnis verschmelzen.<\/p><ul><li><p><strong>Reiseziel:<\/strong> Bohinj \u2013 ein verborgenes Juwel, das nur darauf wartet, von Ihnen entdeckt zu werden.<\/p><\/li><li><p><strong>Lage:<\/strong> Unser Hotel liegt im Herzen des Triglav-Nationalparks, nur einen Katzensprung vom malerischen Bohinjer See entfernt. Hier genie\u00dfen Sie einen unvergleichlichen Blick auf die majest\u00e4tischen Berge und das beeindruckende Triglav-Massiv.<\/p><\/li><li><p><strong>Schwerpunkt:<\/strong> Nachhaltiger Tourismus, der die Natur, die Traditionen und die lokale Gemeinschaft ehrt und respektiert.<\/p><\/li><li><p><strong>Design:<\/strong> Eine Architektur, die die Sch\u00f6nheit des Sees und der umliegenden Alpen widerspiegelt, und dies mit einer Liebe zum Detail, die keine W\u00fcnsche offenl\u00e4sst.<\/p><\/li><li><p><strong>Charakter: <\/strong>Authentizit\u00e4t, ein jugendlicher Geist und eine entspannte Atmosph\u00e4re zeichnen uns aus.<\/p><\/li><li><p><strong>Gef\u00fchl: <\/strong>Das Hotel Bohinj ist der perfekte Ort f\u00fcr all jene, die dem hektischen Alltag entfliehen und in einer friedlichen, naturnahen Umgebung Ruhe finden m\u00f6chten.<\/p><\/li><\/ul>\t\t\t\t\t\t\t\t<\/div>\n\t\t\t\t<\/div>\n\t\t\t\t<div class=\"elementor-element elementor-element-8e4d44a elementor-widget-divider--view-line elementor-widget elementor-widget-divider\" data-id=\"8e4d44a\" data-element_type=\"widget\" data-e-type=\"widget\" data-widget_type=\"divider.default\">\n\t\t\t\t<div class=\"elementor-widget-container\">\n\t\t\t\t\t\t\t<div class=\"elementor-divider\">\n\t\t\t<span class=\"elementor-divider-separator\">\n\t\t\t\t\t\t<\/span>\n\t\t<\/div>\n\t\t\t\t\t\t<\/div>\n\t\t\t\t<\/div>\n\t\t\t\t<div data-dce-title-color=\"#1D1D1B\" class=\"elementor-element elementor-element-bc6fdcd elementor-widget elementor-widget-heading\" data-id=\"bc6fdcd\" data-element_type=\"widget\" data-e-type=\"widget\" data-widget_type=\"heading.default\">\n\t\t\t\t<div class=\"elementor-widget-container\">\n\t\t\t\t\t<h1 class=\"elementor-heading-title elementor-size-default\">NACHHALTIGE MERKMALE, DIE DAS HOTEL BOHINJ AUSZEICHNEN <\/h1>\t\t\t\t<\/div>\n\t\t\t\t<\/div>\n\t\t\t\t<div class=\"elementor-element elementor-element-ce885d9 elementor-widget elementor-widget-text-editor\" data-id=\"ce885d9\" data-element_type=\"widget\" data-e-type=\"widget\" data-widget_type=\"text-editor.default\">\n\t\t\t\t<div class=\"elementor-widget-container\">\n\t\t\t\t\t\t\t\t\t<ul><li>Unser Hotel befindet sich im Triglav-Nationalpark, einem der wertvollsten Naturr\u00e4ume Europas. Hier zu leben bedeutet, im Einklang mit der Natur zu handeln \u2013 eine Philosophie, die wir bei allem, was wir tun, ber\u00fccksichtigen.<\/li><li>Beim Umbau des Hotels im Jahr 2021 haben wir uns bewusst f\u00fcr den Einsatz nat\u00fcrlicher Materialien entschieden: Holz, Stein und recycelter Filz, um nur einige zu nennen. Dabei haben wir mit lokalen und nationalen Produzenten zusammengearbeitet, um Ressourcen zu schonen und die Region zu unterst\u00fctzen.<\/li><li>Im t\u00e4glichen Betrieb achten wir auf Nachhaltigkeit in allen Bereichen, einschlie\u00dflich:<ul><li>W\u00e4rmer\u00fcckgewinnungssysteme f\u00fcr alle L\u00fcftungsanlagen<\/li><li>Wassersparende Systeme<\/li><li>Strenge M\u00fclltrennung, mit besonderem Fokus auf Lebensmittelabf\u00e4lle<\/li><li>LED- und energieeffiziente Beleuchtung<\/li><li>Pr\u00e4zise Lichtsteuerung<\/li><li>Verzicht auf Einwegplastik im gesamten Hotelbetrieb<\/li><li>Hausschuhe aus recyceltem Filz (jede Hausschuh-Paar besteht aus 4 Plastikflaschen)<\/li><li>Zusammenarbeit mit lokalen Lieferanten: Wir unterst\u00fctzen lokale Unternehmen und setzen auf kurze Transportwege, um die Umwelt zu schonen<\/li><li>Ladestation f\u00fcr Elektrofahrzeuge direkt vor dem Hotel<\/li><\/ul><\/li><li>Dank dieser nachhaltigen Initiativen wurde das Hotel Bohinj mit dem EU Ecolabel und dem Slovenia Green-Zertifikat ausgezeichnet.<\/li><\/ul>\t\t\t\t\t\t\t\t<\/div>\n\t\t\t\t<\/div>\n\t\t\t\t<div class=\"elementor-element elementor-element-bc2d9b5 elementor-widget-divider--view-line elementor-widget elementor-widget-divider\" data-id=\"bc2d9b5\" data-element_type=\"widget\" data-e-type=\"widget\" data-widget_type=\"divider.default\">\n\t\t\t\t<div class=\"elementor-widget-container\">\n\t\t\t\t\t\t\t<div class=\"elementor-divider\">\n\t\t\t<span class=\"elementor-divider-separator\">\n\t\t\t\t\t\t<\/span>\n\t\t<\/div>\n\t\t\t\t\t\t<\/div>\n\t\t\t\t<\/div>\n\t\t\t\t<div data-dce-title-color=\"#1D1D1B\" class=\"elementor-element elementor-element-7ceea91 elementor-widget elementor-widget-heading\" data-id=\"7ceea91\" data-element_type=\"widget\" data-e-type=\"widget\" data-widget_type=\"heading.default\">\n\t\t\t\t<div class=\"elementor-widget-container\">\n\t\t\t\t\t<h1 class=\"elementor-heading-title elementor-size-default\">WUSSTEN SIE SCHON?<\/h1>\t\t\t\t<\/div>\n\t\t\t\t<\/div>\n\t\t\t\t<div class=\"elementor-element elementor-element-f15d5ab elementor-widget elementor-widget-text-editor\" data-id=\"f15d5ab\" data-element_type=\"widget\" data-e-type=\"widget\" data-widget_type=\"text-editor.default\">\n\t\t\t\t<div class=\"elementor-widget-container\">\n\t\t\t\t\t\t\t\t\t<p><strong>\u2026 <\/strong>dass jeder Gast ein Paar Hausschuhe erh\u00e4lt, die aus 4 Plastikflaschen bestehen?<\/p><p><strong>\u2026 <\/strong>dass im Rahmen unserer Partnerschaft mit dem slowenischen Unternehmen Kaaita im letzten Jahr beeindruckende 47.700 Plastikflaschen in Hausschuhe umgewandelt wurden? Das entspricht der H\u00f6he von 6 Triglavs, dem h\u00f6chsten Berg Sloweniens. Ein beachtlicher Beitrag, oder?    <\/p>\t\t\t\t\t\t\t\t<\/div>\n\t\t\t\t<\/div>\n\t\t\t\t\t<\/div>\n\t\t<\/div>\n\t\t\t\t\t<\/div>\n\t\t<\/section>\n\t\t\t\t<\/div>\n\t\t","protected":false},"excerpt":{"rendered":"<p>ENTDECKEN SIE DAS MAGISCHE HOTEL BOHINJ IN SLOWENIEN Ein charmantes Refugium am See, wo Genuss, Ruhe und die unber\u00fchrte Natur zu einem unvergesslichen Erlebnis verschmelzen. Reiseziel: Bohinj \u2013 ein verborgenes Juwel, das nur darauf wartet, von Ihnen entdeckt zu werden. Lage: Unser Hotel liegt im Herzen des Triglav-Nationalparks, nur einen Katzensprung vom malerischen Bohinjer See [&hellip;]<\/p>\n","protected":false},"author":1,"featured_media":18335,"parent":0,"menu_order":0,"comment_status":"closed","ping_status":"closed","template":"","meta":{"_acf_changed":false,"inline_featured_image":false,"footnotes":""},"class_list":["post-18337","page","type-page","status-publish","has-post-thumbnail","hentry"],"acf":[],"_links":{"self":[{"href":"https:\/\/hotelbohinj.si\/de\/wp-json\/wp\/v2\/pages\/18337","targetHints":{"allow":["GET"]}}],"collection":[{"href":"https:\/\/hotelbohinj.si\/de\/wp-json\/wp\/v2\/pages"}],"about":[{"href":"https:\/\/hotelbohinj.si\/de\/wp-json\/wp\/v2\/types\/page"}],"author":[{"embeddable":true,"href":"https:\/\/hotelbohinj.si\/de\/wp-json\/wp\/v2\/users\/1"}],"replies":[{"embeddable":true,"href":"https:\/\/hotelbohinj.si\/de\/wp-json\/wp\/v2\/comments?post=18337"}],"version-history":[{"count":0,"href":"https:\/\/hotelbohinj.si\/de\/wp-json\/wp\/v2\/pages\/18337\/revisions"}],"wp:featuredmedia":[{"embeddable":true,"href":"https:\/\/hotelbohinj.si\/de\/wp-json\/wp\/v2\/media\/18335"}],"wp:attachment":[{"href":"https:\/\/hotelbohinj.si\/de\/wp-json\/wp\/v2\/media?parent=18337"}],"curies":[{"name":"wp","href":"https:\/\/api.w.org\/{rel}","templated":true}]}}