{"id":18330,"date":"2023-05-17T09:09:18","date_gmt":"2023-05-17T07:09:18","guid":{"rendered":"https:\/\/hotelbohinj.si\/unsere-philosophie\/"},"modified":"2025-07-11T23:48:16","modified_gmt":"2025-07-11T21:48:16","slug":"unsere-philosophie","status":"publish","type":"page","link":"https:\/\/hotelbohinj.si\/de\/unsere-philosophie\/","title":{"rendered":"Unsere philosophie"},"content":{"rendered":"\t\t<div data-elementor-type=\"wp-page\" data-elementor-id=\"18330\" class=\"elementor elementor-18330 elementor-8954\" data-elementor-post-type=\"page\">\n\t\t\t\t\t\t<section class=\"elementor-section elementor-top-section elementor-element elementor-element-10e6b6d elementor-section-boxed elementor-section-height-default elementor-section-height-default\" data-id=\"10e6b6d\" data-element_type=\"section\" data-e-type=\"section\" data-settings=\"{&quot;background_background&quot;:&quot;classic&quot;}\">\n\t\t\t\t\t\t<div class=\"elementor-container elementor-column-gap-wide\">\n\t\t\t\t\t<div class=\"elementor-column elementor-col-100 elementor-top-column elementor-element elementor-element-7e3a8fa post-column-1\" data-id=\"7e3a8fa\" data-element_type=\"column\" data-e-type=\"column\">\n\t\t\t<div class=\"elementor-widget-wrap elementor-element-populated\">\n\t\t\t\t\t\t<div class=\"elementor-element elementor-element-bc057ba dc-has-condition dc-condition-not_empty dce_masking-none elementor-widget elementor-widget-image\" data-id=\"bc057ba\" data-element_type=\"widget\" data-e-type=\"widget\" data-widget_type=\"image.default\">\n\t\t\t\t<div class=\"elementor-widget-container\">\n\t\t\t\t\t\t\t\t\t\t\t\t\t\t\t<img fetchpriority=\"high\" decoding=\"async\" width=\"576\" height=\"1024\" src=\"https:\/\/hotelbohinj.si\/wp-content\/uploads\/2022\/06\/0-02-05-a4ad5814d35e3ac37550e1297a5c60191dc0e5e46244825d71c933098eaae9e3_aae6a04a04a4128b-576x1024.png\" class=\"attachment-large size-large wp-image-1123\" alt=\"hotel bohinj Minimalisti\u010dna \u010drtna risba \u0161tirih \u010dlove\u0161kih figur, ki dr\u017eijo smu\u010darske palice in smu\u010dajo ali hodijo diagonalno navzgor in navzdol, s preprostimi geometrijskimi oblikami in belim ozadjem.\" srcset=\"https:\/\/hotelbohinj.si\/wp-content\/uploads\/2022\/06\/0-02-05-a4ad5814d35e3ac37550e1297a5c60191dc0e5e46244825d71c933098eaae9e3_aae6a04a04a4128b-576x1024.png 576w, https:\/\/hotelbohinj.si\/wp-content\/uploads\/2022\/06\/0-02-05-a4ad5814d35e3ac37550e1297a5c60191dc0e5e46244825d71c933098eaae9e3_aae6a04a04a4128b-169x300.png 169w, https:\/\/hotelbohinj.si\/wp-content\/uploads\/2022\/06\/0-02-05-a4ad5814d35e3ac37550e1297a5c60191dc0e5e46244825d71c933098eaae9e3_aae6a04a04a4128b.png 675w\" sizes=\"(max-width: 576px) 100vw, 576px\" \/>\t\t\t\t\t\t\t\t\t\t\t\t\t\t\t<\/div>\n\t\t\t\t<\/div>\n\t\t\t\t\t<\/div>\n\t\t<\/div>\n\t\t\t\t\t<\/div>\n\t\t<\/section>\n\t\t\t\t<section data-dce-background-image-url=\"https:\/\/hotelbohinj.si\/wp-content\/uploads\/2022\/06\/ozadje_stricki_3procente.png\" class=\"elementor-section elementor-top-section elementor-element elementor-element-669a2b5 elementor-section-boxed elementor-section-height-default elementor-section-height-default\" data-id=\"669a2b5\" data-element_type=\"section\" data-e-type=\"section\" data-settings=\"{&quot;background_background&quot;:&quot;classic&quot;}\">\n\t\t\t\t\t\t<div class=\"elementor-container elementor-column-gap-default\">\n\t\t\t\t\t<div class=\"elementor-column elementor-col-100 elementor-top-column elementor-element elementor-element-2944729\" data-id=\"2944729\" data-element_type=\"column\" data-e-type=\"column\">\n\t\t\t<div class=\"elementor-widget-wrap elementor-element-populated\">\n\t\t\t\t\t\t<div data-dce-title-color=\"#1D1D1B\" class=\"elementor-element elementor-element-d4802d3 elementor-widget elementor-widget-heading\" data-id=\"d4802d3\" data-element_type=\"widget\" data-e-type=\"widget\" data-widget_type=\"heading.default\">\n\t\t\t\t<div class=\"elementor-widget-container\">\n\t\t\t\t\t<h1 class=\"elementor-heading-title elementor-size-default\">HOTEL BOHINJ<\/h1>\t\t\t\t<\/div>\n\t\t\t\t<\/div>\n\t\t\t\t<div class=\"elementor-element elementor-element-e73c3e3 elementor-widget elementor-widget-text-editor\" data-id=\"e73c3e3\" data-element_type=\"widget\" data-e-type=\"widget\" data-widget_type=\"text-editor.default\">\n\t\t\t\t<div class=\"elementor-widget-container\">\n\t\t\t\t\t\t\t\t\tDie malerische Alpenlandschaft, mit dem malerischen Bohinjer See im Vordergrund, eingebettet in das imposante Bergpanorama, verk\u00f6rpert die Geschichte unseres Hotels auf einzigartige Weise. Hier erleben unsere G\u00e4ste vollst\u00e4ndige Entspannung in einem Raum, der nicht nur architektonisch beeindruckt, sondern auch von der Geschichte des Triglav, den traditionellen Heustadeln und den vier mutigen Bohinjern erz\u00e4hlt, die ihren Fu\u00dfabdruck in der Region hinterlie\u00dfen. \n\n<strong>Diese Geschichten<\/strong>, die so tief in der Kultur von Bohinj verwurzelt sind, finden auch ihren Ausdruck in unserer K\u00fcche, den Veranstaltungen und unseren Wellnessangeboten. Unser engagiertes Team steht Ihnen jederzeit zur Seite, um Ihnen die besten Erlebnisse zu empfehlen \u2013 ganz darauf bedacht, Ihre Sinne zu verw\u00f6hnen und Ihnen Entspannung zu schenken. Sicher gibt es viele Hotels an ebenso sch\u00f6nen Orten. Doch wie unseres? Hier schreiben wir das Wort GROSSARTIG in Gro\u00dfbuchstaben.    \n\n<strong>Vom Hotel aus \u00f6ffnet sich ein atemberaubender Blick<\/strong> auf den See und die gesamte Sch\u00f6nheit der Julischen Alpen. Und ja, diese Worte m\u00f6gen einfach klingen. Doch wahrlich: Es gibt nur wenige Hotels, die mit so viel Charakter und einer so idyllischen Lage aufwarten k\u00f6nnen. Sobald Sie von den bequemen Sofas aufstehen und den Au\u00dfenbereich des Hotelgartens betreten, wird es sich anf\u00fchlen, als ob Sie die spannendste Serie auf Netflix sehen \u2013 ohne Untertitel. Der Blick auf das Lichtspiel \u00fcber dem See zwischen den majest\u00e4tischen Bergen wird Sie in seinen Bann ziehen. Kein Fernsehbild kann diese Szenerie \u00fcbertreffen. Unser Hotel kommt ganz ohne Untertitel aus \u2013 und dennoch werden Sie alles verstehen.      \n\n<strong>Naturmaterialien, durchdachtes Design, eine K\u00fcche<\/strong>, die mit Zutaten aus der Region arbeitet, und tief verwurzelte Traditionen \u2013 all dies erwartet Sie in unserem Haus. Bei uns betreten Sie einen Ort der Gastfreundschaft und W\u00e4rme. Es ist uns eine Freude, Ihnen das Beste von Bohinj zu zeigen. Denn es gibt nur wenige Oasen in den Alpen, die f\u00fcr jeden Geschmack etwas bieten \u2013 wenn man nur versteht, dass man sich Zeit nehmen sollte, um auf unseren Gartenliegen den Ausblick zu genie\u00dfen, bevor man sich dem Abendessen zuwendet. Mit einer klaren Vision und dem Streben, Standards zu \u00fcbertreffen, haben wir alles daran gesetzt, die Sch\u00f6nheit und die nat\u00fcrliche Unversehrtheit von Bohinj f\u00fcr kommende Generationen zu bewahren.  \t\t\t\t\t\t\t\t<\/div>\n\t\t\t\t<\/div>\n\t\t\t\t\t<\/div>\n\t\t<\/div>\n\t\t\t\t\t<\/div>\n\t\t<\/section>\n\t\t\t\t<section class=\"elementor-section elementor-top-section elementor-element elementor-element-443157b9 elementor-section-boxed elementor-section-height-default elementor-section-height-default\" data-id=\"443157b9\" data-element_type=\"section\" data-e-type=\"section\" data-settings=\"{&quot;background_background&quot;:&quot;classic&quot;}\">\n\t\t\t\t\t\t<div class=\"elementor-container elementor-column-gap-default\">\n\t\t\t\t\t<div class=\"elementor-column elementor-col-100 elementor-top-column elementor-element elementor-element-1cdc9fb0\" data-id=\"1cdc9fb0\" data-element_type=\"column\" data-e-type=\"column\">\n\t\t\t<div class=\"elementor-widget-wrap elementor-element-populated\">\n\t\t\t\t\t\t<div class=\"elementor-element elementor-element-5e53a92c elementor-widget elementor-widget-heading\" data-id=\"5e53a92c\" data-element_type=\"widget\" data-e-type=\"widget\" data-widget_type=\"heading.default\">\n\t\t\t\t<div class=\"elementor-widget-container\">\n\t\t\t\t\t<h1 class=\"elementor-heading-title elementor-size-default\">UNSERE PHILOSOPHIE<\/h1>\t\t\t\t<\/div>\n\t\t\t\t<\/div>\n\t\t\t\t<div class=\"elementor-element elementor-element-0e9ba31 elementor-widget elementor-widget-text-editor\" data-id=\"0e9ba31\" data-element_type=\"widget\" data-e-type=\"widget\" data-widget_type=\"text-editor.default\">\n\t\t\t\t<div class=\"elementor-widget-container\">\n\t\t\t\t\t\t\t\t\tMit einer klaren Vision und dem Streben, Standards zu \u00fcbertreffen, haben wir alles daran gesetzt, die Sch\u00f6nheit und die nat\u00fcrliche Unversehrtheit von Bohinj f\u00fcr kommende Generationen zu bewahren.\t\t\t\t\t\t\t\t<\/div>\n\t\t\t\t<\/div>\n\t\t\t\t\t<\/div>\n\t\t<\/div>\n\t\t\t\t\t<\/div>\n\t\t<\/section>\n\t\t\t\t<section data-dce-background-image-url=\"https:\/\/hotelbohinj.si\/wp-content\/uploads\/2022\/06\/ozadje_stricki_3procente.png\" class=\"elementor-section elementor-top-section elementor-element elementor-element-40e4f413 elementor-section-boxed elementor-section-height-default elementor-section-height-default\" data-id=\"40e4f413\" data-element_type=\"section\" data-e-type=\"section\" data-settings=\"{&quot;background_background&quot;:&quot;classic&quot;}\">\n\t\t\t\t\t\t<div class=\"elementor-container elementor-column-gap-default\">\n\t\t\t\t\t<div class=\"elementor-column elementor-col-100 elementor-top-column elementor-element elementor-element-5fbe9309 post-column-1\" data-id=\"5fbe9309\" data-element_type=\"column\" data-e-type=\"column\">\n\t\t\t<div class=\"elementor-widget-wrap elementor-element-populated\">\n\t\t\t\t\t\t<section class=\"elementor-section elementor-inner-section elementor-element elementor-element-64bb51aa elementor-section-boxed elementor-section-height-default elementor-section-height-default\" data-id=\"64bb51aa\" data-element_type=\"section\" data-e-type=\"section\">\n\t\t\t\t\t\t<div class=\"elementor-container elementor-column-gap-wide\">\n\t\t\t\t\t<div class=\"elementor-column elementor-col-50 elementor-inner-column elementor-element elementor-element-5a6079e2 post-column-1\" data-id=\"5a6079e2\" data-element_type=\"column\" data-e-type=\"column\">\n\t\t\t<div class=\"elementor-widget-wrap elementor-element-populated\">\n\t\t\t\t\t\t<div data-dce-title-color=\"#1D1D1B\" class=\"elementor-element elementor-element-840f947 elementor-widget elementor-widget-heading\" data-id=\"840f947\" data-element_type=\"widget\" data-e-type=\"widget\" data-widget_type=\"heading.default\">\n\t\t\t\t<div class=\"elementor-widget-container\">\n\t\t\t\t\t<h2 class=\"elementor-heading-title elementor-size-default\">Architektur<\/h2>\t\t\t\t<\/div>\n\t\t\t\t<\/div>\n\t\t\t\t<div class=\"elementor-element elementor-element-50439e04 elementor-widget elementor-widget-text-editor\" data-id=\"50439e04\" data-element_type=\"widget\" data-e-type=\"widget\" data-widget_type=\"text-editor.default\">\n\t\t\t\t<div class=\"elementor-widget-container\">\n\t\t\t\t\t\t\t\t\tMit einer energieeffizienten und \u00f6kologisch durchdachten Renovierung setzt unser Hotel Ma\u00dfst\u00e4be in Sachen Nachhaltigkeit und Ressourcenschutz. Wir wissen, dass wir nur G\u00e4ste in dieser vielseitigen Naturlandschaft sind, und daher ist uns der verantwortungsvolle Umgang mit unseren Ressourcen besonders wichtig. Bei uns steht der Tourismus im Einklang mit einer nachhaltigen, umweltbewussten Philosophie. \t\t\t\t\t\t\t\t<\/div>\n\t\t\t\t<\/div>\n\t\t\t\t\t<\/div>\n\t\t<\/div>\n\t\t\t\t<div class=\"elementor-column elementor-col-50 elementor-inner-column elementor-element elementor-element-5b9b7e02 post-column-1\" data-id=\"5b9b7e02\" data-element_type=\"column\" data-e-type=\"column\">\n\t\t\t<div class=\"elementor-widget-wrap elementor-element-populated\">\n\t\t\t\t\t\t<div class=\"elementor-element elementor-element-7d01c9c4 dc-has-condition dc-condition-not_empty dce_masking-none elementor-widget elementor-widget-image\" data-id=\"7d01c9c4\" data-element_type=\"widget\" data-e-type=\"widget\" data-widget_type=\"image.default\">\n\t\t\t\t<div class=\"elementor-widget-container\">\n\t\t\t\t\t\t\t\t\t\t\t\t\t\t\t<img decoding=\"async\" width=\"576\" height=\"667\" src=\"https:\/\/hotelbohinj.si\/wp-content\/uploads\/2023\/05\/Hotel-Bohinj-julij-2021-Foto-Ziga-Intihar-102-1.jpg\" class=\"attachment-large size-large wp-image-18334\" alt=\"hotel bohinj Ein modernes Holzgeb\u00e4ude mit einem Metalldach ist von gr\u00fcnen B\u00e4umen umgeben, w\u00e4hrend im Hintergrund Nebel und Wolken einen Berg teilweise verdecken.\" srcset=\"https:\/\/hotelbohinj.si\/wp-content\/uploads\/2023\/05\/Hotel-Bohinj-julij-2021-Foto-Ziga-Intihar-102-1.jpg 576w, https:\/\/hotelbohinj.si\/wp-content\/uploads\/2023\/05\/Hotel-Bohinj-julij-2021-Foto-Ziga-Intihar-102-1-259x300.jpg 259w\" sizes=\"(max-width: 576px) 100vw, 576px\" \/>\t\t\t\t\t\t\t\t\t\t\t\t\t\t\t<\/div>\n\t\t\t\t<\/div>\n\t\t\t\t\t<\/div>\n\t\t<\/div>\n\t\t\t\t\t<\/div>\n\t\t<\/section>\n\t\t\t\t<section class=\"elementor-section elementor-inner-section elementor-element elementor-element-67d1794 elementor-reverse-mobile elementor-section-boxed elementor-section-height-default elementor-section-height-default\" data-id=\"67d1794\" data-element_type=\"section\" data-e-type=\"section\">\n\t\t\t\t\t\t<div class=\"elementor-container elementor-column-gap-wide\">\n\t\t\t\t\t<div class=\"elementor-column elementor-col-50 elementor-inner-column elementor-element elementor-element-568cc19 post-column-1\" data-id=\"568cc19\" data-element_type=\"column\" data-e-type=\"column\">\n\t\t\t<div class=\"elementor-widget-wrap elementor-element-populated\">\n\t\t\t\t\t\t<div class=\"elementor-element elementor-element-f60d772 dc-has-condition dc-condition-not_empty dce_masking-none elementor-widget elementor-widget-image\" data-id=\"f60d772\" data-element_type=\"widget\" data-e-type=\"widget\" data-widget_type=\"image.default\">\n\t\t\t\t<div class=\"elementor-widget-container\">\n\t\t\t\t\t\t\t\t\t\t\t\t\t\t\t<img decoding=\"async\" width=\"553\" height=\"640\" src=\"https:\/\/hotelbohinj.si\/wp-content\/uploads\/2023\/05\/Hotel-Bohinj-julij-2021-Foto-Ziga-Intihar-124.jpg\" class=\"attachment-large size-large wp-image-18333\" alt=\"hotel bohinj Eine Nahaufnahme von zwei Paar grauen Filzpantoffeln mit braunen Papieretiketten, die auf einem wei\u00dfen Stoffbeutel liegen, der mit einfachen schwarzen Strichfiguren bedruckt ist. Auf einem Etikett steht: MAKE. DEIN GEIST VERSTECKT SICH IN DIESEN HAUSSCHUHEN.\" srcset=\"https:\/\/hotelbohinj.si\/wp-content\/uploads\/2023\/05\/Hotel-Bohinj-julij-2021-Foto-Ziga-Intihar-124.jpg 553w, https:\/\/hotelbohinj.si\/wp-content\/uploads\/2023\/05\/Hotel-Bohinj-julij-2021-Foto-Ziga-Intihar-124-259x300.jpg 259w\" sizes=\"(max-width: 553px) 100vw, 553px\" \/>\t\t\t\t\t\t\t\t\t\t\t\t\t\t\t<\/div>\n\t\t\t\t<\/div>\n\t\t\t\t\t<\/div>\n\t\t<\/div>\n\t\t\t\t<div class=\"elementor-column elementor-col-50 elementor-inner-column elementor-element elementor-element-aba532e post-column-1\" data-id=\"aba532e\" data-element_type=\"column\" data-e-type=\"column\">\n\t\t\t<div class=\"elementor-widget-wrap elementor-element-populated\">\n\t\t\t\t\t\t<div data-dce-title-color=\"#1D1D1B\" class=\"elementor-element elementor-element-c37608d elementor-widget elementor-widget-heading\" data-id=\"c37608d\" data-element_type=\"widget\" data-e-type=\"widget\" data-widget_type=\"heading.default\">\n\t\t\t\t<div class=\"elementor-widget-container\">\n\t\t\t\t\t<h2 class=\"elementor-heading-title elementor-size-default\">Recycling<\/h2>\t\t\t\t<\/div>\n\t\t\t\t<\/div>\n\t\t\t\t<div class=\"elementor-element elementor-element-37ab77f elementor-widget elementor-widget-text-editor\" data-id=\"37ab77f\" data-element_type=\"widget\" data-e-type=\"widget\" data-widget_type=\"text-editor.default\">\n\t\t\t\t<div class=\"elementor-widget-container\">\n\t\t\t\t\t\t\t\t\tEinwegplastik haben wir weitestgehend aus unserem Betrieb verbannt. Bei Ihrer Ankunft erwartet Sie au\u00dferdem ein besonderes Willkommensgeschenk: Ein Paar Hausschuhe aus recyceltem Filz, die f\u00fcr ein angenehmes Gehen durch das Hotel sorgen und gleichzeitig unseren Anspruch an Nachhaltigkeit unterstreichen. \t\t\t\t\t\t\t\t<\/div>\n\t\t\t\t<\/div>\n\t\t\t\t\t<\/div>\n\t\t<\/div>\n\t\t\t\t\t<\/div>\n\t\t<\/section>\n\t\t\t\t<section class=\"elementor-section elementor-inner-section elementor-element elementor-element-4c9ca4d elementor-section-boxed elementor-section-height-default elementor-section-height-default\" data-id=\"4c9ca4d\" data-element_type=\"section\" data-e-type=\"section\">\n\t\t\t\t\t\t<div class=\"elementor-container elementor-column-gap-wide\">\n\t\t\t\t\t<div class=\"elementor-column elementor-col-50 elementor-inner-column elementor-element elementor-element-98cf400 post-column-1\" data-id=\"98cf400\" data-element_type=\"column\" data-e-type=\"column\">\n\t\t\t<div class=\"elementor-widget-wrap elementor-element-populated\">\n\t\t\t\t\t\t<div data-dce-title-color=\"#1D1D1B\" class=\"elementor-element elementor-element-a415026 elementor-widget elementor-widget-heading\" data-id=\"a415026\" data-element_type=\"widget\" data-e-type=\"widget\" data-widget_type=\"heading.default\">\n\t\t\t\t<div class=\"elementor-widget-container\">\n\t\t\t\t\t<h2 class=\"elementor-heading-title elementor-size-default\">Lokal<\/h2>\t\t\t\t<\/div>\n\t\t\t\t<\/div>\n\t\t\t\t<div class=\"elementor-element elementor-element-d360780 elementor-widget elementor-widget-text-editor\" data-id=\"d360780\" data-element_type=\"widget\" data-e-type=\"widget\" data-widget_type=\"text-editor.default\">\n\t\t\t\t<div class=\"elementor-widget-container\">\n\t\t\t\t\t\t\t\t\tUnser Engagement f\u00fcr die Region geht weit \u00fcber das hinaus, was man erwarten w\u00fcrde. Wir arbeiten eng mit lokalen Lieferanten zusammen, um die Wirtschaft von Bohinj zu st\u00e4rken und die besten regionalen Produkte direkt auf den Tisch zu bringen. Mit Stolz bieten wir Ihnen auch Produkte an, die mit dem Label \u201eAus Bohinj\u201c ausgezeichnet sind. \t\t\t\t\t\t\t\t<\/div>\n\t\t\t\t<\/div>\n\t\t\t\t\t<\/div>\n\t\t<\/div>\n\t\t\t\t<div class=\"elementor-column elementor-col-50 elementor-inner-column elementor-element elementor-element-d5a9353 post-column-1\" data-id=\"d5a9353\" data-element_type=\"column\" data-e-type=\"column\">\n\t\t\t<div class=\"elementor-widget-wrap elementor-element-populated\">\n\t\t\t\t\t\t<div class=\"elementor-element elementor-element-16c16e2 dc-has-condition dc-condition-not_empty dce_masking-none elementor-widget elementor-widget-image\" data-id=\"16c16e2\" data-element_type=\"widget\" data-e-type=\"widget\" data-widget_type=\"image.default\">\n\t\t\t\t<div class=\"elementor-widget-container\">\n\t\t\t\t\t\t\t\t\t\t\t\t\t\t\t<img loading=\"lazy\" decoding=\"async\" width=\"553\" height=\"640\" src=\"https:\/\/hotelbohinj.si\/wp-content\/uploads\/2023\/05\/Hotel-Bohinj-julij-2021-Foto-Ziga-Intihar-137.jpg\" class=\"attachment-large size-large wp-image-18332\" alt=\"hotel bohinj Ein rustikaler Teller mit verschiedenen K\u00e4sesorten, schwarzen Weintrauben, Birnenscheiben, Waln\u00fcssen, einer Scheibe Schinken und Pfefferk\u00f6rnern steht auf einem Holztisch. Ein Glas mit einem rot-wei\u00dfen Etikett steht unscharf im Hintergrund.\" srcset=\"https:\/\/hotelbohinj.si\/wp-content\/uploads\/2023\/05\/Hotel-Bohinj-julij-2021-Foto-Ziga-Intihar-137.jpg 553w, https:\/\/hotelbohinj.si\/wp-content\/uploads\/2023\/05\/Hotel-Bohinj-julij-2021-Foto-Ziga-Intihar-137-259x300.jpg 259w\" sizes=\"(max-width: 553px) 100vw, 553px\" \/>\t\t\t\t\t\t\t\t\t\t\t\t\t\t\t<\/div>\n\t\t\t\t<\/div>\n\t\t\t\t\t<\/div>\n\t\t<\/div>\n\t\t\t\t\t<\/div>\n\t\t<\/section>\n\t\t\t\t<section class=\"elementor-section elementor-inner-section elementor-element elementor-element-8c3af02 elementor-reverse-mobile elementor-section-boxed elementor-section-height-default elementor-section-height-default\" data-id=\"8c3af02\" data-element_type=\"section\" data-e-type=\"section\">\n\t\t\t\t\t\t<div class=\"elementor-container elementor-column-gap-wide\">\n\t\t\t\t\t<div class=\"elementor-column elementor-col-50 elementor-inner-column elementor-element elementor-element-18a932b post-column-1\" data-id=\"18a932b\" data-element_type=\"column\" data-e-type=\"column\">\n\t\t\t<div class=\"elementor-widget-wrap elementor-element-populated\">\n\t\t\t\t\t\t<div class=\"elementor-element elementor-element-7af5c2e dc-has-condition dc-condition-not_empty dce_masking-none elementor-widget elementor-widget-image\" data-id=\"7af5c2e\" data-element_type=\"widget\" data-e-type=\"widget\" data-widget_type=\"image.default\">\n\t\t\t\t<div class=\"elementor-widget-container\">\n\t\t\t\t\t\t\t\t\t\t\t\t\t\t\t<img loading=\"lazy\" decoding=\"async\" width=\"800\" height=\"800\" src=\"https:\/\/hotelbohinj.si\/wp-content\/uploads\/2023\/05\/Eko-Marjetica-1024x1024.png\" class=\"attachment-large size-large wp-image-18331\" alt=\"hotel bohinj Ein modernes, umweltfreundliches Geb\u00e4ude mit gro\u00dfen, nachts beleuchteten Fenstern und einer runden Feuerstelle auf dem Rasen. Das Logo des EU-Umweltzeichens erscheint in der unteren rechten Ecke.\" srcset=\"https:\/\/hotelbohinj.si\/wp-content\/uploads\/2023\/05\/Eko-Marjetica-1024x1024.png 1024w, https:\/\/hotelbohinj.si\/wp-content\/uploads\/2023\/05\/Eko-Marjetica-300x300.png 300w, https:\/\/hotelbohinj.si\/wp-content\/uploads\/2023\/05\/Eko-Marjetica-150x150.png 150w, https:\/\/hotelbohinj.si\/wp-content\/uploads\/2023\/05\/Eko-Marjetica-768x768.png 768w, https:\/\/hotelbohinj.si\/wp-content\/uploads\/2023\/05\/Eko-Marjetica.png 1080w\" sizes=\"(max-width: 800px) 100vw, 800px\" \/>\t\t\t\t\t\t\t\t\t\t\t\t\t\t\t<\/div>\n\t\t\t\t<\/div>\n\t\t\t\t\t<\/div>\n\t\t<\/div>\n\t\t\t\t<div class=\"elementor-column elementor-col-50 elementor-inner-column elementor-element elementor-element-56b4e68 post-column-1\" data-id=\"56b4e68\" data-element_type=\"column\" data-e-type=\"column\">\n\t\t\t<div class=\"elementor-widget-wrap elementor-element-populated\">\n\t\t\t\t\t\t<div data-dce-title-color=\"#1D1D1B\" class=\"elementor-element elementor-element-f28d12b elementor-widget elementor-widget-heading\" data-id=\"f28d12b\" data-element_type=\"widget\" data-e-type=\"widget\" data-widget_type=\"heading.default\">\n\t\t\t\t<div class=\"elementor-widget-container\">\n\t\t\t\t\t<h2 class=\"elementor-heading-title elementor-size-default\">Ecolabel-Zertifikat<\/h2>\t\t\t\t<\/div>\n\t\t\t\t<\/div>\n\t\t\t\t<div class=\"elementor-element elementor-element-145db9c elementor-widget elementor-widget-text-editor\" data-id=\"145db9c\" data-element_type=\"widget\" data-e-type=\"widget\" data-widget_type=\"text-editor.default\">\n\t\t\t\t<div class=\"elementor-widget-container\">\n\t\t\t\t\t\t\t\t\tWussten Sie, dass das Hotel Bohinj mit dem renommierten Ecolabel-Zertifikat ausgezeichnet wurde?\n\nSeit der Renovierung verfolgt unser Hotel konsequent nachhaltige Prinzipien, weshalb der Erwerb des Ecolabel-Zertifikats ein nat\u00fcrlicher Schritt war. Dieses Zertifikat wird ausschlie\u00dflich an touristische Einrichtungen verliehen, die in allen betrieblichen Prozessen hohe Nachhaltigkeitsstandards einhalten und anwenden.  \n\nObwohl es viele Umweltzertifikate gibt, gilt das Verfahren zur Erlangung des Ecolabel als eines der anspruchsvollsten. Es m\u00fcssen zahlreiche Kriterien erf\u00fcllt werden, die Aspekte wie Energieeinsparung, effizientes Wassermanagement, Abfallreduzierung und die Kommunikation dieser Ma\u00dfnahmen an die G\u00e4ste umfassen.\n\nWir sind stolz darauf, dieses Zertifikat zu tragen, das uns f\u00fcr unsere hohe Qualit\u00e4t, Umweltwirksamkeit und \u00f6kologische Effizienz auszeichnet.\t\t\t\t\t\t\t\t<\/div>\n\t\t\t\t<\/div>\n\t\t\t\t\t<\/div>\n\t\t<\/div>\n\t\t\t\t\t<\/div>\n\t\t<\/section>\n\t\t\t\t\t<\/div>\n\t\t<\/div>\n\t\t\t\t\t<\/div>\n\t\t<\/section>\n\t\t\t\t<\/div>\n\t\t","protected":false},"excerpt":{"rendered":"<p>HOTEL BOHINJ Die malerische Alpenlandschaft, mit dem malerischen Bohinjer See im Vordergrund, eingebettet in das imposante Bergpanorama, verk\u00f6rpert die Geschichte unseres Hotels auf einzigartige Weise. Hier erleben unsere G\u00e4ste vollst\u00e4ndige Entspannung in einem Raum, der nicht nur architektonisch beeindruckt, sondern auch von der Geschichte des Triglav, den traditionellen Heustadeln und den vier mutigen Bohinjern erz\u00e4hlt, [&hellip;]<\/p>\n","protected":false},"author":1,"featured_media":18335,"parent":0,"menu_order":0,"comment_status":"closed","ping_status":"closed","template":"","meta":{"_acf_changed":false,"inline_featured_image":false,"footnotes":""},"class_list":["post-18330","page","type-page","status-publish","has-post-thumbnail","hentry"],"acf":[],"_links":{"self":[{"href":"https:\/\/hotelbohinj.si\/de\/wp-json\/wp\/v2\/pages\/18330","targetHints":{"allow":["GET"]}}],"collection":[{"href":"https:\/\/hotelbohinj.si\/de\/wp-json\/wp\/v2\/pages"}],"about":[{"href":"https:\/\/hotelbohinj.si\/de\/wp-json\/wp\/v2\/types\/page"}],"author":[{"embeddable":true,"href":"https:\/\/hotelbohinj.si\/de\/wp-json\/wp\/v2\/users\/1"}],"replies":[{"embeddable":true,"href":"https:\/\/hotelbohinj.si\/de\/wp-json\/wp\/v2\/comments?post=18330"}],"version-history":[{"count":0,"href":"https:\/\/hotelbohinj.si\/de\/wp-json\/wp\/v2\/pages\/18330\/revisions"}],"wp:featuredmedia":[{"embeddable":true,"href":"https:\/\/hotelbohinj.si\/de\/wp-json\/wp\/v2\/media\/18335"}],"wp:attachment":[{"href":"https:\/\/hotelbohinj.si\/de\/wp-json\/wp\/v2\/media?parent=18330"}],"curies":[{"name":"wp","href":"https:\/\/api.w.org\/{rel}","templated":true}]}}